{"id":46978,"date":"2016-10-25T15:19:39","date_gmt":"2016-10-25T13:19:39","guid":{"rendered":"https:\/\/pittcooking.com\/por-que-pittcooking\/"},"modified":"2021-06-02T15:50:58","modified_gmt":"2021-06-02T13:50:58","slug":"por-que-pitt-cooking","status":"publish","type":"page","link":"https:\/\/pitt2cdev.7-s.si\/arg\/por-que-pitt-cooking\/","title":{"rendered":"\u00bfPor qu\u00e9 PITT Cooking?"},"content":{"rendered":"<div id='full_slider_1'  class='avia-fullwidth-slider main_color avia-shadow   avia-builder-el-0  el_before_av_layout_row  avia-builder-el-first   container_wrap fullsize'  ><div  class='avia-slideshow av-wqd6fp-716703456c5c80416546017e815ac0ae avia-slideshow-featured av_slideshow_full avia-slide-slider av-slideshow-ui av-control-default av-slideshow-manual av-loop-once av-loop-manual-endless av-default-height-applied   avia-slideshow-1' data-slideshow-options=\"{&quot;animation&quot;:&quot;slide&quot;,&quot;autoplay&quot;:false,&quot;loop_autoplay&quot;:&quot;once&quot;,&quot;interval&quot;:5,&quot;loop_manual&quot;:&quot;manual-endless&quot;,&quot;autoplay_stopper&quot;:false,&quot;noNavigation&quot;:false,&quot;bg_slider&quot;:false,&quot;keep_padding&quot;:false,&quot;hoverpause&quot;:false,&quot;show_slide_delay&quot;:0}\"  itemprop=\"image\" itemscope=\"itemscope\" itemtype=\"https:\/\/schema.org\/ImageObject\" ><ul class='avia-slideshow-inner ' style='padding-bottom: 28.666666666667%;'><li  class='avia-slideshow-slide av-wqd6fp-716703456c5c80416546017e815ac0ae__0  av-single-slide slide-1 slide-odd'><div data-rel='slideshow-1' class='avia-slide-wrap '   ><img decoding=\"async\" fetchpriority=\"high\" class=\"wp-image-39691 avia-img-lazy-loading-not-39691\"  src=\"https:\/\/pitt2cdev.7-s.si\/wp-content\/uploads\/2016\/08\/PITT-cooking-Made-in-Holland-Losse-gaspitten-Project-i29-1-1500x430.jpg\" width=\"1500\" height=\"430\" title='pitt-cooking-made-in-holland-losse-gaspitten-project-i29' alt=''  itemprop=\"thumbnailUrl\"   \/><\/div><\/li><\/ul><\/div><\/div>\n<div id='av-layout-grid-1'  class='av-layout-grid-container av-kbqbs28e-72310260514c1c887b75869af81db715 entry-content-wrapper main_color av-flex-cells  avia-builder-el-1  el_after_av_slideshow_full  avia-builder-el-last  content-padding grid-row-not-first  container_wrap fullsize'  >\n\n<style type=\"text\/css\" data-created_by=\"avia_inline_auto\" id=\"style-css-av-5xddpx-f814b61db501d6eeee491dc2b6e0a7bc\">\n.flex_cell.av-5xddpx-f814b61db501d6eeee491dc2b6e0a7bc{\nvertical-align:top;\n}\n.responsive #top #wrap_all .flex_cell.av-5xddpx-f814b61db501d6eeee491dc2b6e0a7bc{\npadding:0px 0px 0px 0px !important;\n}\n<\/style>\n<div class='flex_cell av-5xddpx-f814b61db501d6eeee491dc2b6e0a7bc av-gridrow-cell av_one_fifth no_margin  avia-builder-el-2  el_before_av_cell_three_fifth  avia-builder-el-first  content-align-top av-zero-padding'  ><div class='flex_cell_inner'><\/div><\/div><div class='flex_cell av-44ts11-02bc0d59c508c9bca049491ce6e4704f av-gridrow-cell av_three_fifth no_margin  avia-builder-el-3  el_after_av_cell_one_fifth  el_before_av_cell_one_fifth '  ><div class='flex_cell_inner'><p>\n<style type=\"text\/css\" data-created_by=\"avia_inline_auto\" id=\"style-css-av-ko8n61dn-1ca594425c2a4cee9ac8446583e04599\">\n#top .av-special-heading.av-ko8n61dn-1ca594425c2a4cee9ac8446583e04599{\npadding-bottom:10px;\n}\nbody .av-special-heading.av-ko8n61dn-1ca594425c2a4cee9ac8446583e04599 .av-special-heading-tag .heading-char{\nfont-size:25px;\n}\n.av-special-heading.av-ko8n61dn-1ca594425c2a4cee9ac8446583e04599 .av-subheading{\nfont-size:24px;\n}\n<\/style>\n<div  class='av-special-heading av-ko8n61dn-1ca594425c2a4cee9ac8446583e04599 av-special-heading-h1 blockquote modern-quote  avia-builder-el-4  el_before_av_hr  avia-builder-el-first '><div class='av-subheading av-subheading_above'><p>Convencete<\/p>\n<\/div><h1 class='av-special-heading-tag '  itemprop=\"headline\"  >\u00bfPor qu\u00e9 PITT Cooking?<\/h1><div class=\"special-heading-border\"><div class=\"special-heading-inner-border\"><\/div><\/div><\/div><br \/>\n\n<style type=\"text\/css\" data-created_by=\"avia_inline_auto\" id=\"style-css-av-gshgfp-8a360ee9ac5e3351804bcaee1e7dd03b\">\n#top .hr.hr-invisible.av-gshgfp-8a360ee9ac5e3351804bcaee1e7dd03b{\nheight:10px;\n}\n<\/style>\n<div  class='hr av-gshgfp-8a360ee9ac5e3351804bcaee1e7dd03b hr-invisible  avia-builder-el-5  el_after_av_heading  el_before_av_textblock '><span class='hr-inner '><span class=\"hr-inner-style\"><\/span><\/span><\/div><br \/>\n<section  class='av_textblock_section av-gb78qt-399e968ba3ca6362172d79296bef8473 '   itemscope=\"itemscope\" itemtype=\"https:\/\/schema.org\/CreativeWork\" ><div class='avia_textblock content-text-60'  itemprop=\"text\" ><p><span style=\"font-weight: 400\">Una vez que experimentas con PITT ya no hay marcha atr\u00e1s. Esto\u00a0 no es puro palabrer\u00edo. El concepto surgi\u00f3 de las limitaciones de la mesada tradicional, en la que nunca hab\u00eda espacio suficiente para usar todos los quemadores a la vez. \u00bfTe suena familiar? Ya no vas a querer otra cocina que no sea PITT Cooking.<\/span><\/p>\n<\/div><\/section><br \/>\n<div  class='togglecontainer av-ei4s1h-2dc1f214b1d543f1dc3e5716116af6ea av-elegant-toggle  avia-builder-el-7  el_after_av_textblock  avia-builder-el-last  toggle_close_all' >\n<section class='av_toggle_section av-aixdwl-54ac39cffb9902005bb49fc89c53b576'  itemscope=\"itemscope\" itemtype=\"https:\/\/schema.org\/CreativeWork\" ><div role=\"tablist\" class=\"single_toggle\" data-tags=\"{All} \"  ><p id='toggle-toggle-id-1' data-fake-id='#toggle-id-1' class='toggler  av-title-above '  itemprop=\"headline\"  role='tab' tabindex='0' aria-controls='toggle-id-1' data-slide-speed=\"200\" data-title=\"Siempre el espacio suficiente para todas tus ollas y sartenes\" data-title-open=\"\" data-aria_collapsed=\"Click to expand: Siempre el espacio suficiente para todas tus ollas y sartenes\" data-aria_expanded=\"Click to collapse: Siempre el espacio suficiente para todas tus ollas y sartenes\">Siempre el espacio suficiente para todas tus ollas y sartenes<span class=\"toggle_icon\"><span class=\"vert_icon\"><\/span><span class=\"hor_icon\"><\/span><\/span><\/p><div id='toggle-id-1' aria-labelledby='toggle-toggle-id-1' role='region' class='toggle_wrap  av-title-above'  ><div class='toggle_content invers-color '  itemprop=\"text\" ><p><span style=\"font-weight: 400\">Al fin espacio suficiente para tus ollas: con un m\u00ednimo de 28 cent\u00edmetros entre los quemadores, PITT Cooking aporta un promedio de 8 cent\u00edmetros adicionales entre quemadores en comparaci\u00f3n con la mesada tradicional. Desde ahora en adelante ya cont\u00e1s con el lugar suficiente para encender todos los quemadores a la vez, incluso si los recipientes son grandes.<\/span><\/p>\n<\/div><\/div><\/div><\/section>\n<section class='av_toggle_section av-9q5i8l-9be6ef983e7b148dbfe6f234bb2ac524'  itemscope=\"itemscope\" itemtype=\"https:\/\/schema.org\/CreativeWork\" ><div role=\"tablist\" class=\"single_toggle\" data-tags=\"{All} \"  ><p id='toggle-toggle-id-2' data-fake-id='#toggle-id-2' class='toggler  av-title-above '  itemprop=\"headline\"  role='tab' tabindex='0' aria-controls='toggle-id-2' data-slide-speed=\"200\" data-title=\"Una obra de arte en la cocina\" data-title-open=\"\" data-aria_collapsed=\"Click to expand: Una obra de arte en la cocina\" data-aria_expanded=\"Click to collapse: Una obra de arte en la cocina\">Una obra de arte en la cocina<span class=\"toggle_icon\"><span class=\"vert_icon\"><\/span><span class=\"hor_icon\"><\/span><\/span><\/p><div id='toggle-id-2' aria-labelledby='toggle-toggle-id-2' role='region' class='toggle_wrap  av-title-above'  ><div class='toggle_content invers-color '  itemprop=\"text\" ><p><span style=\"font-weight: 400\">Gracias a su look atemporal PITT Cooking se adapta a todos los tipos de cocinas: desde la cl\u00e1sica a la r\u00fastica y desde la contempor\u00e1nea a la de alto dise\u00f1o. Los quemadores de hierro fundido negro quedan bien en todos lados y a\u00f1aden un toque de belleza a ese rinc\u00f3n de la casa.<\/span><\/p>\n<\/div><\/div><\/div><\/section>\n<section class='av_toggle_section av-ko8n91y0-32534f8ce72460ff7bf80ce45ae02404'  itemscope=\"itemscope\" itemtype=\"https:\/\/schema.org\/CreativeWork\" ><div role=\"tablist\" class=\"single_toggle\" data-tags=\"{All} \"  ><p id='toggle-toggle-id-3' data-fake-id='#toggle-id-3' class='toggler  av-title-above '  itemprop=\"headline\"  role='tab' tabindex='0' aria-controls='toggle-id-3' data-slide-speed=\"200\" data-title=\"Control de la llama\" data-title-open=\"\" data-aria_collapsed=\"Click to expand: Control de la llama\" data-aria_expanded=\"Click to collapse: Control de la llama\">Control de la llama<span class=\"toggle_icon\"><span class=\"vert_icon\"><\/span><span class=\"hor_icon\"><\/span><\/span><\/p><div id='toggle-id-3' aria-labelledby='toggle-toggle-id-3' role='region' class='toggle_wrap  av-title-above'  ><div class='toggle_content invers-color '  itemprop=\"text\" ><p><span style=\"font-weight: 400\">Nuestros quemadores robustos y potentes est\u00e1n exclusivamente fabricados con materiales de alta calidad, a la vez que cumplen con las normas profesionales. El quemador que combina wok con hervir es \u00fanico: dos funciones en un mismo quemador y controladas por una sola perilla. <\/span><span style=\"font-weight: 400\">M\u00e1s f\u00e1cil imposible.<\/span><\/p>\n<\/div><\/div><\/div><\/section>\n<section class='av_toggle_section av-68posl-94fb8d0b346b5152c8794b3d24ea147f'  itemscope=\"itemscope\" itemtype=\"https:\/\/schema.org\/CreativeWork\" ><div role=\"tablist\" class=\"single_toggle\" data-tags=\"{All} \"  ><p id='toggle-toggle-id-4' data-fake-id='#toggle-id-4' class='toggler  av-title-above '  itemprop=\"headline\"  role='tab' tabindex='0' aria-controls='toggle-id-4' data-slide-speed=\"200\" data-title=\"Calidad y seguridad\" data-title-open=\"\" data-aria_collapsed=\"Click to expand: Calidad y seguridad\" data-aria_expanded=\"Click to collapse: Calidad y seguridad\">Calidad y seguridad<span class=\"toggle_icon\"><span class=\"vert_icon\"><\/span><span class=\"hor_icon\"><\/span><\/span><\/p><div id='toggle-id-4' aria-labelledby='toggle-toggle-id-4' role='region' class='toggle_wrap  av-title-above'  ><div class='toggle_content invers-color '  itemprop=\"text\" ><p><span style=\"font-weight: 400\">PITT Cooking cumple con las normas oficiales para la certificaci\u00f3n de los aparatos que funcionan a gas.\u00a0 Esta certificaci\u00f3n ofrece a los usuarios la seguridad de que los aparatos a gas de su propiedad cumplen con las normas m\u00e1s exigentes en cuanto a calidad, funcionalidad y seguridad. Nuestros productos tienen una garant\u00eda total de cinco a\u00f1os.<\/span><\/p>\n<\/div><\/div><\/div><\/section>\n<section class='av_toggle_section av-48hdol-d972d6851ac190b46085dff9c1486486'  itemscope=\"itemscope\" itemtype=\"https:\/\/schema.org\/CreativeWork\" ><div role=\"tablist\" class=\"single_toggle\" data-tags=\"{All} \"  ><p id='toggle-toggle-id-5' data-fake-id='#toggle-id-5' class='toggler  av-title-above '  itemprop=\"headline\"  role='tab' tabindex='0' aria-controls='toggle-id-5' data-slide-speed=\"200\" data-title=\"F\u00e1cil de limpiar\" data-title-open=\"\" data-aria_collapsed=\"Click to expand: F\u00e1cil de limpiar\" data-aria_expanded=\"Click to collapse: F\u00e1cil de limpiar\">F\u00e1cil de limpiar<span class=\"toggle_icon\"><span class=\"vert_icon\"><\/span><span class=\"hor_icon\"><\/span><\/span><\/p><div id='toggle-id-5' aria-labelledby='toggle-toggle-id-5' role='region' class='toggle_wrap  av-title-above'  ><div class='toggle_content invers-color '  itemprop=\"text\" ><p><span style=\"font-weight: 400\">La limpieza de la cocina deja de ser un problema.\u00a0<\/span><span style=\"font-weight: 400\">Como no hay ni bordes ni rendijas que limpiar, solo hay que ocuparse de la mesada. Adem\u00e1s de hacer que cocinar sea m\u00e1s f\u00e1cil, PITT Cooking simplifica la limpieza!<\/span><\/p>\n<\/div><\/div><\/div><\/section>\n<section class='av_toggle_section av-ko8naefq-1caf664b6e19d14eb3dd0d5955018922'  itemscope=\"itemscope\" itemtype=\"https:\/\/schema.org\/CreativeWork\" ><div role=\"tablist\" class=\"single_toggle\" data-tags=\"{All} \"  ><p id='toggle-toggle-id-6' data-fake-id='#toggle-id-6' class='toggler  av-title-above '  itemprop=\"headline\"  role='tab' tabindex='0' aria-controls='toggle-id-6' data-slide-speed=\"200\" data-title=\"Opciones adicionales\" data-title-open=\"\" data-aria_collapsed=\"Click to expand: Opciones adicionales\" data-aria_expanded=\"Click to collapse: Opciones adicionales\">Opciones adicionales<span class=\"toggle_icon\"><span class=\"vert_icon\"><\/span><span class=\"hor_icon\"><\/span><\/span><\/p><div id='toggle-id-6' aria-labelledby='toggle-toggle-id-6' role='region' class='toggle_wrap  av-title-above'  ><div class='toggle_content invers-color '  itemprop=\"text\" ><p><span style=\"font-weight: 400\">Tomando en cuenta las necesidades y los deseos de los usuarios hemos creado una selecci\u00f3n de <\/span><span style=\"font-weight: 400\"><a href=\"https:\/\/pitt2cdev.7-s.si\/arg\/surtido\/\">configuraciones<\/a> diversas<\/span><span style=\"font-weight: 400\">.\u00a0 Cada una de estas configuraciones se puede combinar para satisfacer las preferencias individuales. Tu disposici\u00f3n ideal de la cocina hecho a medida de acuerdo a tu estilo personal y al espacio disponible. Hay algo perfecto para todos.<\/span><\/p>\n<\/div><\/div><\/div><\/section>\n<\/div><\/p>\n<\/div><\/div>\n<style type=\"text\/css\" data-created_by=\"avia_inline_auto\" id=\"style-css-av-qf0l-2144ce85d2ca7a1d3c63ef6d93f4c612\">\n.flex_cell.av-qf0l-2144ce85d2ca7a1d3c63ef6d93f4c612{\nvertical-align:top;\n}\n.responsive #top #wrap_all .flex_cell.av-qf0l-2144ce85d2ca7a1d3c63ef6d93f4c612{\npadding:30px 30px 30px 30px !important;\n}\n<\/style>\n<div class='flex_cell av-qf0l-2144ce85d2ca7a1d3c63ef6d93f4c612 av-gridrow-cell av_one_fifth no_margin  avia-builder-el-8  el_after_av_cell_three_fifth  avia-builder-el-last  content-align-top'  ><div class='flex_cell_inner'><\/div><\/div><\/div>\n","protected":false},"excerpt":{"rendered":"","protected":false},"author":22,"featured_media":0,"parent":0,"menu_order":1,"comment_status":"closed","ping_status":"closed","template":"","meta":{"footnotes":""},"class_list":["post-46978","page","type-page","status-publish","hentry"],"yoast_head":"<!-- This site is optimized with the Yoast SEO plugin v27.0 - https:\/\/yoast.com\/product\/yoast-seo-wordpress\/ -->\n<title>\u00bfPor qu\u00e9 PITT Cooking? - PITT Cooking<\/title>\n<meta name=\"description\" content=\"\u00bfPor qu\u00e9 PITT Cooking? - | Een kookopstelling die bij jou past. Rechtstreeks ge\u00efntegreerd in jouw favoriete aanrechtblad. PITT Cooking Nederland is...\" \/>\n<meta name=\"robots\" content=\"index, follow, max-snippet:-1, max-image-preview:large, max-video-preview:-1\" \/>\n<link rel=\"canonical\" href=\"https:\/\/pitt2cdev.7-s.si\/arg\/por-que-pitt-cooking\/\" \/>\n<meta property=\"og:locale\" content=\"ar_AR\" \/>\n<meta property=\"og:type\" content=\"article\" \/>\n<meta property=\"og:title\" content=\"\u00bfPor qu\u00e9 PITT Cooking? - PITT Cooking\" \/>\n<meta property=\"og:description\" content=\"\u00bfPor qu\u00e9 PITT Cooking? - | Een kookopstelling die bij jou past. Rechtstreeks ge\u00efntegreerd in jouw favoriete aanrechtblad. PITT Cooking Nederland is...\" \/>\n<meta property=\"og:url\" content=\"https:\/\/pitt2cdev.7-s.si\/arg\/por-que-pitt-cooking\/\" \/>\n<meta property=\"og:site_name\" content=\"PITT Cooking\" \/>\n<meta property=\"article:publisher\" content=\"https:\/\/www.facebook.com\/PITTcooking\" \/>\n<meta property=\"article:modified_time\" content=\"2021-06-02T13:50:58+00:00\" \/>\n<meta property=\"og:image\" content=\"https:\/\/pitt2cdev.7-s.si\/wp-content\/uploads\/2020\/09\/Slider-Cesar-Maxima.jpg\" \/>\n\t<meta property=\"og:image:width\" content=\"1242\" \/>\n\t<meta property=\"og:image:height\" content=\"1171\" \/>\n\t<meta property=\"og:image:type\" content=\"image\/jpeg\" \/>\n<script type=\"application\/ld+json\" class=\"yoast-schema-graph\">{\"@context\":\"https:\/\/schema.org\",\"@graph\":[{\"@type\":\"WebPage\",\"@id\":\"https:\/\/pitt2cdev.7-s.si\/arg\/por-que-pitt-cooking\/\",\"url\":\"https:\/\/pitt2cdev.7-s.si\/arg\/por-que-pitt-cooking\/\",\"name\":\"\u00bfPor qu\u00e9 PITT Cooking? - PITT Cooking\",\"isPartOf\":{\"@id\":\"https:\/\/pitt2cdev.7-s.si\/#website\"},\"datePublished\":\"2016-10-25T13:19:39+00:00\",\"dateModified\":\"2021-06-02T13:50:58+00:00\",\"description\":\"\u00bfPor qu\u00e9 PITT Cooking? - | Een kookopstelling die bij jou past. Rechtstreeks ge\u00efntegreerd in jouw favoriete aanrechtblad. PITT Cooking Nederland is...\",\"breadcrumb\":{\"@id\":\"https:\/\/pitt2cdev.7-s.si\/arg\/por-que-pitt-cooking\/#breadcrumb\"},\"inLanguage\":\"ar-AR\",\"potentialAction\":[{\"@type\":\"ReadAction\",\"target\":[\"https:\/\/pitt2cdev.7-s.si\/arg\/por-que-pitt-cooking\/\"]}]},{\"@type\":\"BreadcrumbList\",\"@id\":\"https:\/\/pitt2cdev.7-s.si\/arg\/por-que-pitt-cooking\/#breadcrumb\",\"itemListElement\":[{\"@type\":\"ListItem\",\"position\":1,\"name\":\"Hogar\",\"item\":\"https:\/\/pitt2cdev.7-s.si\/arg\/\"},{\"@type\":\"ListItem\",\"position\":2,\"name\":\"\u00bfPor qu\u00e9 PITT cooking?\"}]},{\"@type\":\"WebSite\",\"@id\":\"https:\/\/pitt2cdev.7-s.si\/#website\",\"url\":\"https:\/\/pitt2cdev.7-s.si\/\",\"name\":\"PITT cooking Nederland\",\"description\":\"Gaspitten rechtstreeks geplaatst in je favoriete werkblad.\",\"publisher\":{\"@id\":\"https:\/\/pitt2cdev.7-s.si\/#organization\"},\"alternateName\":\"PITT cooking\",\"potentialAction\":[{\"@type\":\"SearchAction\",\"target\":{\"@type\":\"EntryPoint\",\"urlTemplate\":\"https:\/\/pitt2cdev.7-s.si\/?s={search_term_string}\"},\"query-input\":{\"@type\":\"PropertyValueSpecification\",\"valueRequired\":true,\"valueName\":\"search_term_string\"}}],\"inLanguage\":\"ar-AR\"},{\"@type\":\"Organization\",\"@id\":\"https:\/\/pitt2cdev.7-s.si\/#organization\",\"name\":\"PITT cooking\",\"alternateName\":\"PITT cooking\",\"url\":\"https:\/\/pitt2cdev.7-s.si\/\",\"logo\":{\"@type\":\"ImageObject\",\"inLanguage\":\"ar-AR\",\"@id\":\"https:\/\/pitt2cdev.7-s.si\/#\/schema\/logo\/image\/\",\"url\":\"https:\/\/pitt2cdev.7-s.si\/wp-content\/uploads\/2020\/06\/pitt-logo.svg\",\"contentUrl\":\"https:\/\/pitt2cdev.7-s.si\/wp-content\/uploads\/2020\/06\/pitt-logo.svg\",\"width\":1920,\"height\":1080,\"caption\":\"PITT cooking\"},\"image\":{\"@id\":\"https:\/\/pitt2cdev.7-s.si\/#\/schema\/logo\/image\/\"},\"sameAs\":[\"https:\/\/www.facebook.com\/PITTcooking\",\"https:\/\/www.instagram.com\/pittcooking\/\",\"https:\/\/nl.linkedin.com\/company\/pitt-cooking\",\"https:\/\/nl.pinterest.com\/pittcooking\/\",\"https:\/\/www.youtube.com\/user\/PITTcooking\"]}]}<\/script>\n<!-- \/ Yoast SEO plugin. -->","yoast_head_json":{"title":"\u00bfPor qu\u00e9 PITT Cooking? - PITT Cooking","description":"\u00bfPor qu\u00e9 PITT Cooking? - | Een kookopstelling die bij jou past. Rechtstreeks ge\u00efntegreerd in jouw favoriete aanrechtblad. PITT Cooking Nederland is...","robots":{"index":"index","follow":"follow","max-snippet":"max-snippet:-1","max-image-preview":"max-image-preview:large","max-video-preview":"max-video-preview:-1"},"canonical":"https:\/\/pitt2cdev.7-s.si\/arg\/por-que-pitt-cooking\/","og_locale":"ar_AR","og_type":"article","og_title":"\u00bfPor qu\u00e9 PITT Cooking? - PITT Cooking","og_description":"\u00bfPor qu\u00e9 PITT Cooking? - | Een kookopstelling die bij jou past. Rechtstreeks ge\u00efntegreerd in jouw favoriete aanrechtblad. PITT Cooking Nederland is...","og_url":"https:\/\/pitt2cdev.7-s.si\/arg\/por-que-pitt-cooking\/","og_site_name":"PITT Cooking","article_publisher":"https:\/\/www.facebook.com\/PITTcooking","article_modified_time":"2021-06-02T13:50:58+00:00","og_image":[{"width":1242,"height":1171,"url":"https:\/\/pitt2cdev.7-s.si\/wp-content\/uploads\/2020\/09\/Slider-Cesar-Maxima.jpg","type":"image\/jpeg"}],"schema":{"@context":"https:\/\/schema.org","@graph":[{"@type":"WebPage","@id":"https:\/\/pitt2cdev.7-s.si\/arg\/por-que-pitt-cooking\/","url":"https:\/\/pitt2cdev.7-s.si\/arg\/por-que-pitt-cooking\/","name":"\u00bfPor qu\u00e9 PITT Cooking? - PITT Cooking","isPartOf":{"@id":"https:\/\/pitt2cdev.7-s.si\/#website"},"datePublished":"2016-10-25T13:19:39+00:00","dateModified":"2021-06-02T13:50:58+00:00","description":"\u00bfPor qu\u00e9 PITT Cooking? - | Een kookopstelling die bij jou past. Rechtstreeks ge\u00efntegreerd in jouw favoriete aanrechtblad. PITT Cooking Nederland is...","breadcrumb":{"@id":"https:\/\/pitt2cdev.7-s.si\/arg\/por-que-pitt-cooking\/#breadcrumb"},"inLanguage":"ar-AR","potentialAction":[{"@type":"ReadAction","target":["https:\/\/pitt2cdev.7-s.si\/arg\/por-que-pitt-cooking\/"]}]},{"@type":"BreadcrumbList","@id":"https:\/\/pitt2cdev.7-s.si\/arg\/por-que-pitt-cooking\/#breadcrumb","itemListElement":[{"@type":"ListItem","position":1,"name":"Hogar","item":"https:\/\/pitt2cdev.7-s.si\/arg\/"},{"@type":"ListItem","position":2,"name":"\u00bfPor qu\u00e9 PITT cooking?"}]},{"@type":"WebSite","@id":"https:\/\/pitt2cdev.7-s.si\/#website","url":"https:\/\/pitt2cdev.7-s.si\/","name":"PITT cooking Nederland","description":"Gaspitten rechtstreeks geplaatst in je favoriete werkblad.","publisher":{"@id":"https:\/\/pitt2cdev.7-s.si\/#organization"},"alternateName":"PITT cooking","potentialAction":[{"@type":"SearchAction","target":{"@type":"EntryPoint","urlTemplate":"https:\/\/pitt2cdev.7-s.si\/?s={search_term_string}"},"query-input":{"@type":"PropertyValueSpecification","valueRequired":true,"valueName":"search_term_string"}}],"inLanguage":"ar-AR"},{"@type":"Organization","@id":"https:\/\/pitt2cdev.7-s.si\/#organization","name":"PITT cooking","alternateName":"PITT cooking","url":"https:\/\/pitt2cdev.7-s.si\/","logo":{"@type":"ImageObject","inLanguage":"ar-AR","@id":"https:\/\/pitt2cdev.7-s.si\/#\/schema\/logo\/image\/","url":"https:\/\/pitt2cdev.7-s.si\/wp-content\/uploads\/2020\/06\/pitt-logo.svg","contentUrl":"https:\/\/pitt2cdev.7-s.si\/wp-content\/uploads\/2020\/06\/pitt-logo.svg","width":1920,"height":1080,"caption":"PITT cooking"},"image":{"@id":"https:\/\/pitt2cdev.7-s.si\/#\/schema\/logo\/image\/"},"sameAs":["https:\/\/www.facebook.com\/PITTcooking","https:\/\/www.instagram.com\/pittcooking\/","https:\/\/nl.linkedin.com\/company\/pitt-cooking","https:\/\/nl.pinterest.com\/pittcooking\/","https:\/\/www.youtube.com\/user\/PITTcooking"]}]}},"_links":{"self":[{"href":"https:\/\/pitt2cdev.7-s.si\/arg\/wp-json\/wp\/v2\/pages\/46978","targetHints":{"allow":["GET"]}}],"collection":[{"href":"https:\/\/pitt2cdev.7-s.si\/arg\/wp-json\/wp\/v2\/pages"}],"about":[{"href":"https:\/\/pitt2cdev.7-s.si\/arg\/wp-json\/wp\/v2\/types\/page"}],"author":[{"embeddable":true,"href":"https:\/\/pitt2cdev.7-s.si\/arg\/wp-json\/wp\/v2\/users\/22"}],"replies":[{"embeddable":true,"href":"https:\/\/pitt2cdev.7-s.si\/arg\/wp-json\/wp\/v2\/comments?post=46978"}],"version-history":[{"count":6,"href":"https:\/\/pitt2cdev.7-s.si\/arg\/wp-json\/wp\/v2\/pages\/46978\/revisions"}],"predecessor-version":[{"id":47686,"href":"https:\/\/pitt2cdev.7-s.si\/arg\/wp-json\/wp\/v2\/pages\/46978\/revisions\/47686"}],"wp:attachment":[{"href":"https:\/\/pitt2cdev.7-s.si\/arg\/wp-json\/wp\/v2\/media?parent=46978"}],"curies":[{"name":"wp","href":"https:\/\/api.w.org\/{rel}","templated":true}]}}