{"id":46981,"date":"2016-08-03T16:29:53","date_gmt":"2016-08-03T14:29:53","guid":{"rendered":"https:\/\/pittcooking.com\/catalogo\/"},"modified":"2021-06-15T09:17:42","modified_gmt":"2021-06-15T07:17:42","slug":"catalogo","status":"publish","type":"page","link":"https:\/\/pitt2cdev.7-s.si\/arg\/catalogo\/","title":{"rendered":"Cat\u00e1logo"},"content":{"rendered":"<div id='full_slider_1'  class='avia-fullwidth-slider main_color avia-shadow av-desktop-hide av-medium-hide av-small-hide av-mini-hide  avia-builder-el-0  el_before_av_layout_row  avia-builder-el-first   container_wrap fullsize'  ><div  class='avia-slideshow av-13f662x-a71dafc6653b11fa24b9e8428c4ecf49 avia-slideshow-featured av_slideshow_full avia-slide-slider av-desktop-hide av-medium-hide av-small-hide av-mini-hide av-slideshow-ui av-control-default av-slideshow-manual av-loop-once av-loop-manual-endless av-default-height-applied   avia-slideshow-1' data-slideshow-options=\"{&quot;animation&quot;:&quot;slide&quot;,&quot;autoplay&quot;:false,&quot;loop_autoplay&quot;:&quot;once&quot;,&quot;interval&quot;:5,&quot;loop_manual&quot;:&quot;manual-endless&quot;,&quot;autoplay_stopper&quot;:false,&quot;noNavigation&quot;:false,&quot;bg_slider&quot;:false,&quot;keep_padding&quot;:false,&quot;hoverpause&quot;:false,&quot;show_slide_delay&quot;:0}\"  itemprop=\"image\" itemscope=\"itemscope\" itemtype=\"https:\/\/schema.org\/ImageObject\" ><ul class='avia-slideshow-inner ' style='padding-bottom: 31.204644412192%;'><li  class='avia-slideshow-slide av-13f662x-a71dafc6653b11fa24b9e8428c4ecf49__0  av-single-slide slide-1 slide-odd'><div data-rel='slideshow-1' class='avia-slide-wrap '   ><img decoding=\"async\" fetchpriority=\"high\" class=\"wp-image-23549 avia-img-lazy-loading-not-23549\"  src=\"https:\/\/pitt2cdev.7-s.si\/wp-content\/uploads\/2019\/08\/PITT-cooking-Made-in-Holland-Vipp-1378x430.jpg\" width=\"1378\" height=\"430\" title='PITT Cooking - Made in Holland - Vipp' alt=''  itemprop=\"thumbnailUrl\"   \/><\/div><\/li><\/ul><\/div><\/div>\n<div id='av-layout-grid-1'  class='av-layout-grid-container av-kbqgvi0l-fe83f07502538fa4dddae78e01002b59 entry-content-wrapper main_color av-flex-cells  avia-builder-el-1  el_after_av_slideshow_full  el_before_av_section  content-padding grid-row-not-first  container_wrap fullsize'  >\n<div class='flex_cell av-5trae1-3230eeb712e6c4ab4094c8242c75a5ef av-gridrow-cell av_one_fifth no_margin  avia-builder-el-2  el_before_av_cell_three_fifth  avia-builder-el-first '  ><div class='flex_cell_inner'><\/div><\/div><div class='flex_cell av-4evsqx-3bb80794c0bc3d8e776412a8db36e526 av-gridrow-cell av_three_fifth no_margin  avia-builder-el-3  el_after_av_cell_one_fifth  el_before_av_cell_one_fifth '  ><div class='flex_cell_inner'>\n<style type=\"text\/css\" data-created_by=\"avia_inline_auto\" id=\"style-css-av-2nd27t-d28e960765db3ca3fcedf5633747da57\">\n#top .av-special-heading.av-2nd27t-d28e960765db3ca3fcedf5633747da57{\npadding-bottom:10px;\n}\nbody .av-special-heading.av-2nd27t-d28e960765db3ca3fcedf5633747da57 .av-special-heading-tag .heading-char{\nfont-size:25px;\n}\n.av-special-heading.av-2nd27t-d28e960765db3ca3fcedf5633747da57 .av-subheading{\nfont-size:15px;\n}\n<\/style>\n<div  class='av-special-heading av-2nd27t-d28e960765db3ca3fcedf5633747da57 av-special-heading-h1 blockquote modern-quote  avia-builder-el-4  el_before_av_hr  avia-builder-el-first  av-linked-heading'><div class='av-subheading av-subheading_above'><p>PITT Cooking<\/p>\n<\/div><h1 class='av-special-heading-tag '  itemprop=\"headline\"  >Cat\u00e1logo<\/h1><div class=\"special-heading-border\"><div class=\"special-heading-inner-border\"><\/div><\/div><\/div><br \/>\n\n<style type=\"text\/css\" data-created_by=\"avia_inline_auto\" id=\"style-css-av-ta4vnt-dd3f9fab24c2b069a832b488e5ee7331\">\n#top .hr.hr-invisible.av-ta4vnt-dd3f9fab24c2b069a832b488e5ee7331{\nheight:10px;\n}\n<\/style>\n<div  class='hr av-ta4vnt-dd3f9fab24c2b069a832b488e5ee7331 hr-invisible  avia-builder-el-5  el_after_av_heading  avia-builder-el-last '><span class='hr-inner '><span class=\"hr-inner-style\"><\/span><\/span><\/div><\/p>\n<\/div><\/div>\n<style type=\"text\/css\" data-created_by=\"avia_inline_auto\" id=\"style-css-av-33uze1-3d0458f1f451618f98eca83545ca55b0\">\n.flex_cell.av-33uze1-3d0458f1f451618f98eca83545ca55b0{\nvertical-align:top;\n}\n.responsive #top #wrap_all .flex_cell.av-33uze1-3d0458f1f451618f98eca83545ca55b0{\npadding:30px 30px 30px 30px !important;\n}\n<\/style>\n<div class='flex_cell av-33uze1-3d0458f1f451618f98eca83545ca55b0 av-gridrow-cell av_one_fifth no_margin  avia-builder-el-6  el_after_av_cell_three_fifth  avia-builder-el-last  content-align-top'  ><div class='flex_cell_inner'><\/div><\/div>\n<\/div>\n<div id='av_section_1'  class='avia-section av-yxxrqx-8999ddcb22c746b60af3336622aa78a0 main_color avia-section-default avia-no-border-styling  avia-builder-el-7  el_after_av_layout_row  avia-builder-el-last  avia-bg-style-scroll container_wrap fullsize'  ><div class='container av-section-cont-open' ><div class='template-page content  av-content-full alpha units'><div class='post-entry post-entry-type-page post-entry-46981'><div class='entry-content-wrapper clearfix'>\n\n\n","protected":false},"excerpt":{"rendered":"","protected":false},"author":22,"featured_media":0,"parent":0,"menu_order":2,"comment_status":"open","ping_status":"open","template":"","meta":{"footnotes":""},"class_list":["post-46981","page","type-page","status-publish","hentry"],"yoast_head":"<!-- This site is optimized with the Yoast SEO plugin v27.0 - https:\/\/yoast.com\/product\/yoast-seo-wordpress\/ -->\n<title>Cat\u00e1logo - PITT Cooking<\/title>\n<meta name=\"description\" content=\"Cat\u00e1logo - | Een kookopstelling die bij jou past. Rechtstreeks ge\u00efntegreerd in jouw favoriete aanrechtblad. PITT Cooking Nederland is...\" \/>\n<meta name=\"robots\" content=\"index, follow, max-snippet:-1, max-image-preview:large, max-video-preview:-1\" \/>\n<link rel=\"canonical\" href=\"https:\/\/pitt2cdev.7-s.si\/arg\/catalogo\/\" \/>\n<meta property=\"og:locale\" content=\"ar_AR\" \/>\n<meta property=\"og:type\" content=\"article\" \/>\n<meta property=\"og:title\" content=\"Cat\u00e1logo - PITT Cooking\" \/>\n<meta property=\"og:description\" content=\"Cat\u00e1logo - | Een kookopstelling die bij jou past. Rechtstreeks ge\u00efntegreerd in jouw favoriete aanrechtblad. PITT Cooking Nederland is...\" \/>\n<meta property=\"og:url\" content=\"https:\/\/pitt2cdev.7-s.si\/arg\/catalogo\/\" \/>\n<meta property=\"og:site_name\" content=\"PITT Cooking\" \/>\n<meta property=\"article:publisher\" content=\"https:\/\/www.facebook.com\/PITTcooking\" \/>\n<meta property=\"article:modified_time\" content=\"2021-06-15T07:17:42+00:00\" \/>\n<meta property=\"og:image\" content=\"https:\/\/pitt2cdev.7-s.si\/wp-content\/uploads\/2020\/09\/Slider-Cesar-Maxima.jpg\" \/>\n\t<meta property=\"og:image:width\" content=\"1242\" \/>\n\t<meta property=\"og:image:height\" content=\"1171\" \/>\n\t<meta property=\"og:image:type\" content=\"image\/jpeg\" \/>\n<script type=\"application\/ld+json\" class=\"yoast-schema-graph\">{\"@context\":\"https:\/\/schema.org\",\"@graph\":[{\"@type\":\"WebPage\",\"@id\":\"https:\/\/pitt2cdev.7-s.si\/arg\/catalogo\/\",\"url\":\"https:\/\/pitt2cdev.7-s.si\/arg\/catalogo\/\",\"name\":\"Cat\u00e1logo - PITT Cooking\",\"isPartOf\":{\"@id\":\"https:\/\/pitt2cdev.7-s.si\/#website\"},\"datePublished\":\"2016-08-03T14:29:53+00:00\",\"dateModified\":\"2021-06-15T07:17:42+00:00\",\"description\":\"Cat\u00e1logo - | Een kookopstelling die bij jou past. Rechtstreeks ge\u00efntegreerd in jouw favoriete aanrechtblad. PITT Cooking Nederland is...\",\"breadcrumb\":{\"@id\":\"https:\/\/pitt2cdev.7-s.si\/arg\/catalogo\/#breadcrumb\"},\"inLanguage\":\"ar-AR\",\"potentialAction\":[{\"@type\":\"ReadAction\",\"target\":[\"https:\/\/pitt2cdev.7-s.si\/arg\/catalogo\/\"]}]},{\"@type\":\"BreadcrumbList\",\"@id\":\"https:\/\/pitt2cdev.7-s.si\/arg\/catalogo\/#breadcrumb\",\"itemListElement\":[{\"@type\":\"ListItem\",\"position\":1,\"name\":\"Hogar\",\"item\":\"https:\/\/pitt2cdev.7-s.si\/arg\/\"},{\"@type\":\"ListItem\",\"position\":2,\"name\":\"Cat\u00e1logo\"}]},{\"@type\":\"WebSite\",\"@id\":\"https:\/\/pitt2cdev.7-s.si\/#website\",\"url\":\"https:\/\/pitt2cdev.7-s.si\/\",\"name\":\"PITT cooking Nederland\",\"description\":\"Gaspitten rechtstreeks geplaatst in je favoriete werkblad.\",\"publisher\":{\"@id\":\"https:\/\/pitt2cdev.7-s.si\/#organization\"},\"alternateName\":\"PITT cooking\",\"potentialAction\":[{\"@type\":\"SearchAction\",\"target\":{\"@type\":\"EntryPoint\",\"urlTemplate\":\"https:\/\/pitt2cdev.7-s.si\/?s={search_term_string}\"},\"query-input\":{\"@type\":\"PropertyValueSpecification\",\"valueRequired\":true,\"valueName\":\"search_term_string\"}}],\"inLanguage\":\"ar-AR\"},{\"@type\":\"Organization\",\"@id\":\"https:\/\/pitt2cdev.7-s.si\/#organization\",\"name\":\"PITT cooking\",\"alternateName\":\"PITT cooking\",\"url\":\"https:\/\/pitt2cdev.7-s.si\/\",\"logo\":{\"@type\":\"ImageObject\",\"inLanguage\":\"ar-AR\",\"@id\":\"https:\/\/pitt2cdev.7-s.si\/#\/schema\/logo\/image\/\",\"url\":\"https:\/\/pitt2cdev.7-s.si\/wp-content\/uploads\/2020\/06\/pitt-logo.svg\",\"contentUrl\":\"https:\/\/pitt2cdev.7-s.si\/wp-content\/uploads\/2020\/06\/pitt-logo.svg\",\"width\":1920,\"height\":1080,\"caption\":\"PITT cooking\"},\"image\":{\"@id\":\"https:\/\/pitt2cdev.7-s.si\/#\/schema\/logo\/image\/\"},\"sameAs\":[\"https:\/\/www.facebook.com\/PITTcooking\",\"https:\/\/www.instagram.com\/pittcooking\/\",\"https:\/\/nl.linkedin.com\/company\/pitt-cooking\",\"https:\/\/nl.pinterest.com\/pittcooking\/\",\"https:\/\/www.youtube.com\/user\/PITTcooking\"]}]}<\/script>\n<!-- \/ Yoast SEO plugin. -->","yoast_head_json":{"title":"Cat\u00e1logo - PITT Cooking","description":"Cat\u00e1logo - | Een kookopstelling die bij jou past. Rechtstreeks ge\u00efntegreerd in jouw favoriete aanrechtblad. PITT Cooking Nederland is...","robots":{"index":"index","follow":"follow","max-snippet":"max-snippet:-1","max-image-preview":"max-image-preview:large","max-video-preview":"max-video-preview:-1"},"canonical":"https:\/\/pitt2cdev.7-s.si\/arg\/catalogo\/","og_locale":"ar_AR","og_type":"article","og_title":"Cat\u00e1logo - PITT Cooking","og_description":"Cat\u00e1logo - | Een kookopstelling die bij jou past. Rechtstreeks ge\u00efntegreerd in jouw favoriete aanrechtblad. PITT Cooking Nederland is...","og_url":"https:\/\/pitt2cdev.7-s.si\/arg\/catalogo\/","og_site_name":"PITT Cooking","article_publisher":"https:\/\/www.facebook.com\/PITTcooking","article_modified_time":"2021-06-15T07:17:42+00:00","og_image":[{"width":1242,"height":1171,"url":"https:\/\/pitt2cdev.7-s.si\/wp-content\/uploads\/2020\/09\/Slider-Cesar-Maxima.jpg","type":"image\/jpeg"}],"schema":{"@context":"https:\/\/schema.org","@graph":[{"@type":"WebPage","@id":"https:\/\/pitt2cdev.7-s.si\/arg\/catalogo\/","url":"https:\/\/pitt2cdev.7-s.si\/arg\/catalogo\/","name":"Cat\u00e1logo - PITT Cooking","isPartOf":{"@id":"https:\/\/pitt2cdev.7-s.si\/#website"},"datePublished":"2016-08-03T14:29:53+00:00","dateModified":"2021-06-15T07:17:42+00:00","description":"Cat\u00e1logo - | Een kookopstelling die bij jou past. Rechtstreeks ge\u00efntegreerd in jouw favoriete aanrechtblad. PITT Cooking Nederland is...","breadcrumb":{"@id":"https:\/\/pitt2cdev.7-s.si\/arg\/catalogo\/#breadcrumb"},"inLanguage":"ar-AR","potentialAction":[{"@type":"ReadAction","target":["https:\/\/pitt2cdev.7-s.si\/arg\/catalogo\/"]}]},{"@type":"BreadcrumbList","@id":"https:\/\/pitt2cdev.7-s.si\/arg\/catalogo\/#breadcrumb","itemListElement":[{"@type":"ListItem","position":1,"name":"Hogar","item":"https:\/\/pitt2cdev.7-s.si\/arg\/"},{"@type":"ListItem","position":2,"name":"Cat\u00e1logo"}]},{"@type":"WebSite","@id":"https:\/\/pitt2cdev.7-s.si\/#website","url":"https:\/\/pitt2cdev.7-s.si\/","name":"PITT cooking Nederland","description":"Gaspitten rechtstreeks geplaatst in je favoriete werkblad.","publisher":{"@id":"https:\/\/pitt2cdev.7-s.si\/#organization"},"alternateName":"PITT cooking","potentialAction":[{"@type":"SearchAction","target":{"@type":"EntryPoint","urlTemplate":"https:\/\/pitt2cdev.7-s.si\/?s={search_term_string}"},"query-input":{"@type":"PropertyValueSpecification","valueRequired":true,"valueName":"search_term_string"}}],"inLanguage":"ar-AR"},{"@type":"Organization","@id":"https:\/\/pitt2cdev.7-s.si\/#organization","name":"PITT cooking","alternateName":"PITT cooking","url":"https:\/\/pitt2cdev.7-s.si\/","logo":{"@type":"ImageObject","inLanguage":"ar-AR","@id":"https:\/\/pitt2cdev.7-s.si\/#\/schema\/logo\/image\/","url":"https:\/\/pitt2cdev.7-s.si\/wp-content\/uploads\/2020\/06\/pitt-logo.svg","contentUrl":"https:\/\/pitt2cdev.7-s.si\/wp-content\/uploads\/2020\/06\/pitt-logo.svg","width":1920,"height":1080,"caption":"PITT cooking"},"image":{"@id":"https:\/\/pitt2cdev.7-s.si\/#\/schema\/logo\/image\/"},"sameAs":["https:\/\/www.facebook.com\/PITTcooking","https:\/\/www.instagram.com\/pittcooking\/","https:\/\/nl.linkedin.com\/company\/pitt-cooking","https:\/\/nl.pinterest.com\/pittcooking\/","https:\/\/www.youtube.com\/user\/PITTcooking"]}]}},"_links":{"self":[{"href":"https:\/\/pitt2cdev.7-s.si\/arg\/wp-json\/wp\/v2\/pages\/46981","targetHints":{"allow":["GET"]}}],"collection":[{"href":"https:\/\/pitt2cdev.7-s.si\/arg\/wp-json\/wp\/v2\/pages"}],"about":[{"href":"https:\/\/pitt2cdev.7-s.si\/arg\/wp-json\/wp\/v2\/types\/page"}],"author":[{"embeddable":true,"href":"https:\/\/pitt2cdev.7-s.si\/arg\/wp-json\/wp\/v2\/users\/22"}],"replies":[{"embeddable":true,"href":"https:\/\/pitt2cdev.7-s.si\/arg\/wp-json\/wp\/v2\/comments?post=46981"}],"version-history":[{"count":5,"href":"https:\/\/pitt2cdev.7-s.si\/arg\/wp-json\/wp\/v2\/pages\/46981\/revisions"}],"predecessor-version":[{"id":47767,"href":"https:\/\/pitt2cdev.7-s.si\/arg\/wp-json\/wp\/v2\/pages\/46981\/revisions\/47767"}],"wp:attachment":[{"href":"https:\/\/pitt2cdev.7-s.si\/arg\/wp-json\/wp\/v2\/media?parent=46981"}],"curies":[{"name":"wp","href":"https:\/\/api.w.org\/{rel}","templated":true}]}}