{"id":44738,"date":"2016-11-09T12:20:41","date_gmt":"2016-11-09T11:20:41","guid":{"rendered":"https:\/\/pittcooking.com\/about-pitt-cooking\/"},"modified":"2020-12-28T14:16:11","modified_gmt":"2020-12-28T13:16:11","slug":"about-pitt-cooking","status":"publish","type":"page","link":"https:\/\/pitt2cdev.7-s.si\/da\/about-pitt-cooking\/","title":{"rendered":"Om os"},"content":{"rendered":"<div id='full_slider_1'  class='avia-fullwidth-slider main_color avia-shadow   avia-builder-el-0  el_before_av_layout_row  avia-builder-el-first   container_wrap fullsize'  ><div  class='avia-slideshow av-fjf65k-7bc12814d42d79cbb4594cffa5dce8b7 avia-slideshow-featured av_slideshow_full avia-slide-slider av-slideshow-ui av-control-default av-slideshow-manual av-loop-once av-loop-manual-endless av-default-height-applied   avia-slideshow-1' data-slideshow-options=\"{&quot;animation&quot;:&quot;slide&quot;,&quot;autoplay&quot;:false,&quot;loop_autoplay&quot;:&quot;once&quot;,&quot;interval&quot;:5,&quot;loop_manual&quot;:&quot;manual-endless&quot;,&quot;autoplay_stopper&quot;:false,&quot;noNavigation&quot;:false,&quot;bg_slider&quot;:false,&quot;keep_padding&quot;:false,&quot;hoverpause&quot;:false,&quot;show_slide_delay&quot;:0}\"  itemprop=\"image\" itemscope=\"itemscope\" itemtype=\"https:\/\/schema.org\/ImageObject\" ><ul class='avia-slideshow-inner ' style='padding-bottom: 28.666666666667%;'><\/ul><\/div><\/div>\n<div id='av-layout-grid-1'  class='av-layout-grid-container av-kbqcuxfd-5d27152794cc8a88e7a8703468911a23 entry-content-wrapper main_color av-flex-cells  avia-builder-el-1  el_after_av_slideshow_full  avia-builder-el-last  content-padding grid-row-not-first  container_wrap fullsize'  >\n\n<style type=\"text\/css\" data-created_by=\"avia_inline_auto\" id=\"style-css-av-5pt6u0-1e2c5daf43faee375743b05484c6ad79\">\n.flex_cell.av-5pt6u0-1e2c5daf43faee375743b05484c6ad79{\nvertical-align:top;\n}\n.responsive #top #wrap_all .flex_cell.av-5pt6u0-1e2c5daf43faee375743b05484c6ad79{\npadding:0px 0px 0px 0px !important;\n}\n<\/style>\n<div class='flex_cell av-5pt6u0-1e2c5daf43faee375743b05484c6ad79 av-gridrow-cell av_one_fifth no_margin  avia-builder-el-2  el_before_av_cell_three_fifth  avia-builder-el-first  content-align-top av-zero-padding'  ><div class='flex_cell_inner'><\/div><\/div><div class='flex_cell av-3mlxew-428d693605b6dc581d825d81b8103e76 av-gridrow-cell av_three_fifth no_margin  avia-builder-el-3  el_after_av_cell_one_fifth  el_before_av_cell_one_fifth '  ><div class='flex_cell_inner'>\n<style type=\"text\/css\" data-created_by=\"avia_inline_auto\" id=\"style-css-av-kj8l1lov-d35885fe82733fa365586d4a4865248c\">\n#top .av-special-heading.av-kj8l1lov-d35885fe82733fa365586d4a4865248c{\npadding-bottom:10px;\n}\nbody .av-special-heading.av-kj8l1lov-d35885fe82733fa365586d4a4865248c .av-special-heading-tag .heading-char{\nfont-size:25px;\n}\n.av-special-heading.av-kj8l1lov-d35885fe82733fa365586d4a4865248c .av-subheading{\nfont-size:24px;\n}\n<\/style>\n<div  class='av-special-heading av-kj8l1lov-d35885fe82733fa365586d4a4865248c av-special-heading-h1 blockquote modern-quote  avia-builder-el-4  el_before_av_hr  avia-builder-el-first '><div class='av-subheading av-subheading_above'><p>M\u00f8d PITT Cooking<\/p>\n<\/div><h1 class='av-special-heading-tag '  itemprop=\"headline\"  >gasbr\u00e6ndere installeret direkte i bordpladen af dit favoritmateriale.<\/h1><div class=\"special-heading-border\"><div class=\"special-heading-inner-border\"><\/div><\/div><\/div><br \/>\n\n<style type=\"text\/css\" data-created_by=\"avia_inline_auto\" id=\"style-css-av-64eql4-1f43f1c1b227cac2b5e74b7818793eb0\">\n#top .hr.hr-invisible.av-64eql4-1f43f1c1b227cac2b5e74b7818793eb0{\nheight:10px;\n}\n<\/style>\n<div  class='hr av-64eql4-1f43f1c1b227cac2b5e74b7818793eb0 hr-invisible  avia-builder-el-5  el_after_av_heading  el_before_av_textblock '><span class='hr-inner '><span class=\"hr-inner-style\"><\/span><\/span><\/div><br \/>\n<section  class='av_textblock_section av-4l4us8-0db6b9796bd43a9dae6435d53b3ef79d '   itemscope=\"itemscope\" itemtype=\"https:\/\/schema.org\/CreativeWork\" ><div class='avia_textblock content-text-60'  itemprop=\"text\" ><p><span data-contrast=\"auto\">Frem for alt andet inspireret af begr\u00e6nsningerne ved den traditionelle kogeplade. Effektiv madlavning over en st\u00e6rk flamme. Endelig plads nok til dine gryder og pander. Et k\u00f8kken at v\u00e6re stolt af. Det perfekte \u00e6gteskab mellem funktion og design. Fremstillet i Holland.<\/span><\/p>\n<p><span data-contrast=\"auto\">PITT\u00a0cooking\u00a0br\u00e6ndere er omhyggeligt lavet i h\u00e5nden i de\u00a0Meern, en lille landsby t\u00e6t p\u00e5 Amsterdam. Kontor, produktionsanl\u00e6g og showroom er samlet under \u00e9t tag. PITT-<\/span><span data-contrast=\"auto\">cooking\u00a0<\/span><span data-contrast=\"auto\">teamet er en familie. Et team dedikeret til at levere de fineste kvalitetsprodukter og service.<\/span><span data-ccp-props=\"{}\">\u00a0<\/span><\/p>\n<p><span data-contrast=\"auto\">PITT\u00a0<\/span><span data-contrast=\"auto\">cooking<\/span><span data-contrast=\"auto\">\u00a0er blevet et internationalt anerkendt brand, der er tilg\u00e6ngeligt over hele verden. S\u00e5 ud over Holland er vi ogs\u00e5 tilg\u00e6ngelige i 42 yderligere lande. Fast besluttet p\u00e5 at erobre resten af \u200b\u200bverden.<\/span><\/p>\n<\/div><\/section><\/p>\n<\/div><\/div>\n<style type=\"text\/css\" data-created_by=\"avia_inline_auto\" id=\"style-css-av-2g3sjc-837a2ce467343debf618f3d9f2238252\">\n.flex_cell.av-2g3sjc-837a2ce467343debf618f3d9f2238252{\nvertical-align:top;\n}\n.responsive #top #wrap_all .flex_cell.av-2g3sjc-837a2ce467343debf618f3d9f2238252{\npadding:30px 30px 30px 30px !important;\n}\n<\/style>\n<div class='flex_cell av-2g3sjc-837a2ce467343debf618f3d9f2238252 av-gridrow-cell av_one_fifth no_margin  avia-builder-el-7  el_after_av_cell_three_fifth  avia-builder-el-last  content-align-top'  ><div class='flex_cell_inner'><\/div><\/div><\/div>\n","protected":false},"excerpt":{"rendered":"","protected":false},"author":22,"featured_media":0,"parent":0,"menu_order":2,"comment_status":"closed","ping_status":"closed","template":"","meta":{"footnotes":""},"class_list":["post-44738","page","type-page","status-publish","hentry"],"yoast_head":"<!-- This site is optimized with the Yoast SEO plugin v27.0 - https:\/\/yoast.com\/product\/yoast-seo-wordpress\/ -->\n<title>Om os - PITT Cooking<\/title>\n<meta name=\"description\" content=\"Om os - | Een kookopstelling die bij jou past. Rechtstreeks ge\u00efntegreerd in jouw favoriete aanrechtblad. PITT Cooking Nederland is...\" \/>\n<meta name=\"robots\" content=\"index, follow, max-snippet:-1, max-image-preview:large, max-video-preview:-1\" \/>\n<link rel=\"canonical\" href=\"https:\/\/pitt2cdev.7-s.si\/da\/about-pitt-cooking\/\" \/>\n<meta property=\"og:locale\" content=\"da_DK\" \/>\n<meta property=\"og:type\" content=\"article\" \/>\n<meta property=\"og:title\" content=\"Om os - PITT Cooking\" \/>\n<meta property=\"og:description\" content=\"Om os - | Een kookopstelling die bij jou past. Rechtstreeks ge\u00efntegreerd in jouw favoriete aanrechtblad. PITT Cooking Nederland is...\" \/>\n<meta property=\"og:url\" content=\"https:\/\/pitt2cdev.7-s.si\/da\/about-pitt-cooking\/\" \/>\n<meta property=\"og:site_name\" content=\"PITT Cooking\" \/>\n<meta property=\"article:publisher\" content=\"https:\/\/www.facebook.com\/PITTcooking\" \/>\n<meta property=\"article:modified_time\" content=\"2020-12-28T13:16:11+00:00\" \/>\n<meta property=\"og:image\" content=\"https:\/\/pitt2cdev.7-s.si\/wp-content\/uploads\/2020\/09\/Slider-Cesar-Maxima.jpg\" \/>\n\t<meta property=\"og:image:width\" content=\"1242\" \/>\n\t<meta property=\"og:image:height\" content=\"1171\" \/>\n\t<meta property=\"og:image:type\" content=\"image\/jpeg\" \/>\n<script type=\"application\/ld+json\" class=\"yoast-schema-graph\">{\"@context\":\"https:\/\/schema.org\",\"@graph\":[{\"@type\":\"WebPage\",\"@id\":\"https:\/\/pitt2cdev.7-s.si\/da\/about-pitt-cooking\/\",\"url\":\"https:\/\/pitt2cdev.7-s.si\/da\/about-pitt-cooking\/\",\"name\":\"Om os - PITT Cooking\",\"isPartOf\":{\"@id\":\"https:\/\/pitt2cdev.7-s.si\/#website\"},\"datePublished\":\"2016-11-09T11:20:41+00:00\",\"dateModified\":\"2020-12-28T13:16:11+00:00\",\"description\":\"Om os - | Een kookopstelling die bij jou past. Rechtstreeks ge\u00efntegreerd in jouw favoriete aanrechtblad. PITT Cooking Nederland is...\",\"breadcrumb\":{\"@id\":\"https:\/\/pitt2cdev.7-s.si\/da\/about-pitt-cooking\/#breadcrumb\"},\"inLanguage\":\"da-DK\",\"potentialAction\":[{\"@type\":\"ReadAction\",\"target\":[\"https:\/\/pitt2cdev.7-s.si\/da\/about-pitt-cooking\/\"]}]},{\"@type\":\"BreadcrumbList\",\"@id\":\"https:\/\/pitt2cdev.7-s.si\/da\/about-pitt-cooking\/#breadcrumb\",\"itemListElement\":[{\"@type\":\"ListItem\",\"position\":1,\"name\":\"Home\",\"item\":\"https:\/\/pitt2cdev.7-s.si\/da\/\"},{\"@type\":\"ListItem\",\"position\":2,\"name\":\"Om os\"}]},{\"@type\":\"WebSite\",\"@id\":\"https:\/\/pitt2cdev.7-s.si\/#website\",\"url\":\"https:\/\/pitt2cdev.7-s.si\/\",\"name\":\"PITT cooking Nederland\",\"description\":\"Gaspitten rechtstreeks geplaatst in je favoriete werkblad.\",\"publisher\":{\"@id\":\"https:\/\/pitt2cdev.7-s.si\/#organization\"},\"alternateName\":\"PITT cooking\",\"potentialAction\":[{\"@type\":\"SearchAction\",\"target\":{\"@type\":\"EntryPoint\",\"urlTemplate\":\"https:\/\/pitt2cdev.7-s.si\/?s={search_term_string}\"},\"query-input\":{\"@type\":\"PropertyValueSpecification\",\"valueRequired\":true,\"valueName\":\"search_term_string\"}}],\"inLanguage\":\"da-DK\"},{\"@type\":\"Organization\",\"@id\":\"https:\/\/pitt2cdev.7-s.si\/#organization\",\"name\":\"PITT cooking\",\"alternateName\":\"PITT cooking\",\"url\":\"https:\/\/pitt2cdev.7-s.si\/\",\"logo\":{\"@type\":\"ImageObject\",\"inLanguage\":\"da-DK\",\"@id\":\"https:\/\/pitt2cdev.7-s.si\/#\/schema\/logo\/image\/\",\"url\":\"https:\/\/pitt2cdev.7-s.si\/wp-content\/uploads\/2020\/06\/pitt-logo.svg\",\"contentUrl\":\"https:\/\/pitt2cdev.7-s.si\/wp-content\/uploads\/2020\/06\/pitt-logo.svg\",\"width\":1920,\"height\":1080,\"caption\":\"PITT cooking\"},\"image\":{\"@id\":\"https:\/\/pitt2cdev.7-s.si\/#\/schema\/logo\/image\/\"},\"sameAs\":[\"https:\/\/www.facebook.com\/PITTcooking\",\"https:\/\/www.instagram.com\/pittcooking\/\",\"https:\/\/nl.linkedin.com\/company\/pitt-cooking\",\"https:\/\/nl.pinterest.com\/pittcooking\/\",\"https:\/\/www.youtube.com\/user\/PITTcooking\"]}]}<\/script>\n<!-- \/ Yoast SEO plugin. -->","yoast_head_json":{"title":"Om os - PITT Cooking","description":"Om os - | Een kookopstelling die bij jou past. Rechtstreeks ge\u00efntegreerd in jouw favoriete aanrechtblad. PITT Cooking Nederland is...","robots":{"index":"index","follow":"follow","max-snippet":"max-snippet:-1","max-image-preview":"max-image-preview:large","max-video-preview":"max-video-preview:-1"},"canonical":"https:\/\/pitt2cdev.7-s.si\/da\/about-pitt-cooking\/","og_locale":"da_DK","og_type":"article","og_title":"Om os - PITT Cooking","og_description":"Om os - | Een kookopstelling die bij jou past. Rechtstreeks ge\u00efntegreerd in jouw favoriete aanrechtblad. PITT Cooking Nederland is...","og_url":"https:\/\/pitt2cdev.7-s.si\/da\/about-pitt-cooking\/","og_site_name":"PITT Cooking","article_publisher":"https:\/\/www.facebook.com\/PITTcooking","article_modified_time":"2020-12-28T13:16:11+00:00","og_image":[{"width":1242,"height":1171,"url":"https:\/\/pitt2cdev.7-s.si\/wp-content\/uploads\/2020\/09\/Slider-Cesar-Maxima.jpg","type":"image\/jpeg"}],"schema":{"@context":"https:\/\/schema.org","@graph":[{"@type":"WebPage","@id":"https:\/\/pitt2cdev.7-s.si\/da\/about-pitt-cooking\/","url":"https:\/\/pitt2cdev.7-s.si\/da\/about-pitt-cooking\/","name":"Om os - PITT Cooking","isPartOf":{"@id":"https:\/\/pitt2cdev.7-s.si\/#website"},"datePublished":"2016-11-09T11:20:41+00:00","dateModified":"2020-12-28T13:16:11+00:00","description":"Om os - | Een kookopstelling die bij jou past. Rechtstreeks ge\u00efntegreerd in jouw favoriete aanrechtblad. PITT Cooking Nederland is...","breadcrumb":{"@id":"https:\/\/pitt2cdev.7-s.si\/da\/about-pitt-cooking\/#breadcrumb"},"inLanguage":"da-DK","potentialAction":[{"@type":"ReadAction","target":["https:\/\/pitt2cdev.7-s.si\/da\/about-pitt-cooking\/"]}]},{"@type":"BreadcrumbList","@id":"https:\/\/pitt2cdev.7-s.si\/da\/about-pitt-cooking\/#breadcrumb","itemListElement":[{"@type":"ListItem","position":1,"name":"Home","item":"https:\/\/pitt2cdev.7-s.si\/da\/"},{"@type":"ListItem","position":2,"name":"Om os"}]},{"@type":"WebSite","@id":"https:\/\/pitt2cdev.7-s.si\/#website","url":"https:\/\/pitt2cdev.7-s.si\/","name":"PITT cooking Nederland","description":"Gaspitten rechtstreeks geplaatst in je favoriete werkblad.","publisher":{"@id":"https:\/\/pitt2cdev.7-s.si\/#organization"},"alternateName":"PITT cooking","potentialAction":[{"@type":"SearchAction","target":{"@type":"EntryPoint","urlTemplate":"https:\/\/pitt2cdev.7-s.si\/?s={search_term_string}"},"query-input":{"@type":"PropertyValueSpecification","valueRequired":true,"valueName":"search_term_string"}}],"inLanguage":"da-DK"},{"@type":"Organization","@id":"https:\/\/pitt2cdev.7-s.si\/#organization","name":"PITT cooking","alternateName":"PITT cooking","url":"https:\/\/pitt2cdev.7-s.si\/","logo":{"@type":"ImageObject","inLanguage":"da-DK","@id":"https:\/\/pitt2cdev.7-s.si\/#\/schema\/logo\/image\/","url":"https:\/\/pitt2cdev.7-s.si\/wp-content\/uploads\/2020\/06\/pitt-logo.svg","contentUrl":"https:\/\/pitt2cdev.7-s.si\/wp-content\/uploads\/2020\/06\/pitt-logo.svg","width":1920,"height":1080,"caption":"PITT cooking"},"image":{"@id":"https:\/\/pitt2cdev.7-s.si\/#\/schema\/logo\/image\/"},"sameAs":["https:\/\/www.facebook.com\/PITTcooking","https:\/\/www.instagram.com\/pittcooking\/","https:\/\/nl.linkedin.com\/company\/pitt-cooking","https:\/\/nl.pinterest.com\/pittcooking\/","https:\/\/www.youtube.com\/user\/PITTcooking"]}]}},"_links":{"self":[{"href":"https:\/\/pitt2cdev.7-s.si\/da\/wp-json\/wp\/v2\/pages\/44738","targetHints":{"allow":["GET"]}}],"collection":[{"href":"https:\/\/pitt2cdev.7-s.si\/da\/wp-json\/wp\/v2\/pages"}],"about":[{"href":"https:\/\/pitt2cdev.7-s.si\/da\/wp-json\/wp\/v2\/types\/page"}],"author":[{"embeddable":true,"href":"https:\/\/pitt2cdev.7-s.si\/da\/wp-json\/wp\/v2\/users\/22"}],"replies":[{"embeddable":true,"href":"https:\/\/pitt2cdev.7-s.si\/da\/wp-json\/wp\/v2\/comments?post=44738"}],"version-history":[{"count":4,"href":"https:\/\/pitt2cdev.7-s.si\/da\/wp-json\/wp\/v2\/pages\/44738\/revisions"}],"predecessor-version":[{"id":45125,"href":"https:\/\/pitt2cdev.7-s.si\/da\/wp-json\/wp\/v2\/pages\/44738\/revisions\/45125"}],"wp:attachment":[{"href":"https:\/\/pitt2cdev.7-s.si\/da\/wp-json\/wp\/v2\/media?parent=44738"}],"curies":[{"name":"wp","href":"https:\/\/api.w.org\/{rel}","templated":true}]}}