{"id":45109,"date":"2016-07-06T08:09:59","date_gmt":"2016-07-06T06:09:59","guid":{"rendered":"https:\/\/pittcooking.com\/register-pitt-unit\/"},"modified":"2020-12-28T14:15:31","modified_gmt":"2020-12-28T13:15:31","slug":"register-pitt-unit","status":"publish","type":"page","link":"https:\/\/pitt2cdev.7-s.si\/da\/register-pitt-unit\/","title":{"rendered":"Registrer din PITT enhed"},"content":{"rendered":"<div id='full_slider_1'  class='avia-fullwidth-slider main_color avia-shadow   avia-builder-el-0  el_before_av_layout_row  avia-builder-el-first   container_wrap fullsize'  ><div  class='avia-slideshow av-6bp36-d735dbe20b82d4fb2cd2f57ebf812094 avia-slideshow-featured av_slideshow_full avia-slide-slider av-slideshow-ui av-control-default av-slideshow-manual av-loop-once av-loop-manual-endless av-default-height-applied   avia-slideshow-1' data-slideshow-options=\"{&quot;animation&quot;:&quot;slide&quot;,&quot;autoplay&quot;:false,&quot;loop_autoplay&quot;:&quot;once&quot;,&quot;interval&quot;:5,&quot;loop_manual&quot;:&quot;manual-endless&quot;,&quot;autoplay_stopper&quot;:false,&quot;noNavigation&quot;:false,&quot;bg_slider&quot;:false,&quot;keep_padding&quot;:false,&quot;hoverpause&quot;:false,&quot;show_slide_delay&quot;:0}\"  itemprop=\"image\" itemscope=\"itemscope\" itemtype=\"https:\/\/schema.org\/ImageObject\" ><ul class='avia-slideshow-inner ' style='padding-bottom: 28.666666666667%;'><li  class='avia-slideshow-slide av-6bp36-d735dbe20b82d4fb2cd2f57ebf812094__0  av-single-slide slide-1 slide-odd'><div data-rel='slideshow-1' class='avia-slide-wrap '   ><img decoding=\"async\" fetchpriority=\"high\" class=\"wp-image-44832 avia-img-lazy-loading-not-44832\"  src=\"https:\/\/pitt2cdev.7-s.si\/wp-content\/uploads\/2016\/08\/PITT-cooking-Made-in-Holland-Losse-gaspitten-Project-i29-1-1500x430.jpg\" width=\"1500\" height=\"430\" title='pitt-cooking-made-in-holland-losse-gaspitten-project-i29' alt=''  itemprop=\"thumbnailUrl\"   \/><\/div><\/li><\/ul><\/div><\/div>\n<div id='av-layout-grid-1'  class='av-layout-grid-container av-kbqcx5i8-eb65faa61639d6939b54e5ada6b1ecb8 entry-content-wrapper main_color av-flex-cells  avia-builder-el-1  el_after_av_slideshow_full  avia-builder-el-last  content-padding grid-row-not-first  container_wrap fullsize'  >\n\n<style type=\"text\/css\" data-created_by=\"avia_inline_auto\" id=\"style-css-av-kb96a-21f1113a178faf0af3c6fd9c893b7473\">\n.flex_cell.av-kb96a-21f1113a178faf0af3c6fd9c893b7473{\nvertical-align:top;\n}\n.responsive #top #wrap_all .flex_cell.av-kb96a-21f1113a178faf0af3c6fd9c893b7473{\npadding:0px 0px 0px 0px !important;\n}\n<\/style>\n<div class='flex_cell av-kb96a-21f1113a178faf0af3c6fd9c893b7473 av-gridrow-cell av_one_fifth no_margin  avia-builder-el-2  el_before_av_cell_three_fifth  avia-builder-el-first  content-align-top av-zero-padding'  ><div class='flex_cell_inner'><\/div><\/div><div class='flex_cell av-gkhbm-d4faabfa0b3d1df582aee8265c65f515 av-gridrow-cell av_three_fifth no_margin  avia-builder-el-3  el_after_av_cell_one_fifth  el_before_av_cell_one_fifth '  ><div class='flex_cell_inner'><p>\n<style type=\"text\/css\" data-created_by=\"avia_inline_auto\" id=\"style-css-av-kj8l3b0w-85a1c195ae5292997ca1f2a47b00a545\">\n#top .av-special-heading.av-kj8l3b0w-85a1c195ae5292997ca1f2a47b00a545{\npadding-bottom:10px;\n}\nbody .av-special-heading.av-kj8l3b0w-85a1c195ae5292997ca1f2a47b00a545 .av-special-heading-tag .heading-char{\nfont-size:25px;\n}\n.av-special-heading.av-kj8l3b0w-85a1c195ae5292997ca1f2a47b00a545 .av-subheading{\nfont-size:24px;\n}\n<\/style>\n<div  class='av-special-heading av-kj8l3b0w-85a1c195ae5292997ca1f2a47b00a545 av-special-heading-h1 blockquote modern-quote  avia-builder-el-4  el_before_av_hr  avia-builder-el-first '><div class='av-subheading av-subheading_above'><p>Bekymringsfri madlavning<\/p>\n<\/div><h1 class='av-special-heading-tag '  itemprop=\"headline\"  >Registrer din PITT enhed <\/h1><div class=\"special-heading-border\"><div class=\"special-heading-inner-border\"><\/div><\/div><\/div><br \/>\n\n<style type=\"text\/css\" data-created_by=\"avia_inline_auto\" id=\"style-css-av-sggqa-ce3d1e81a576db52974ffbd16189c2e7\">\n#top .hr.hr-invisible.av-sggqa-ce3d1e81a576db52974ffbd16189c2e7{\nheight:10px;\n}\n<\/style>\n<div  class='hr av-sggqa-ce3d1e81a576db52974ffbd16189c2e7 hr-invisible  avia-builder-el-5  el_after_av_heading  el_before_av_textblock '><span class='hr-inner '><span class=\"hr-inner-style\"><\/span><\/span><\/div><br \/>\n<section  class='av_textblock_section av-k2qui-68543bdd140d47fc2ec7f96b147b3d31 '   itemscope=\"itemscope\" itemtype=\"https:\/\/schema.org\/CreativeWork\" ><div class='avia_textblock content-text-60'  itemprop=\"text\" ><p><span class=\"TextRun SCXW256909693 BCX8\" lang=\"DA-DK\" xml:lang=\"DA-DK\" data-contrast=\"auto\"><span class=\"NormalTextRun SCXW256909693 BCX8\" data-ccp-charstyle=\"None\" data-ccp-charstyle-defn=\"{&quot;ObjectId&quot;:&quot;f778d12b-c3d2-443c-b930-481faf19ba4a|120&quot;,&quot;Properties&quot;:&#091;134233614,&quot;true&quot;,201340122,&quot;1&quot;,469775450,&quot;None&quot;,469778129,&quot;None&quot;,469778325,&quot;&#091;\\&quot;Hyperlink.2\\&quot;,\\&quot;Hyperlink.3\\&quot;,\\&quot;Hyperlink.5\\&quot;&#093;&quot;&#093;,&quot;ClassId&quot;:1179649}\">PITT tilbyder\u00a0<\/span><\/span><span class=\"TextRun SCXW256909693 BCX8\" lang=\"DA-DK\" xml:lang=\"DA-DK\" data-contrast=\"auto\"><span class=\"NormalTextRun SCXW256909693 BCX8\" data-ccp-charstyle=\"None\">en<\/span><\/span><span class=\"TextRun SCXW256909693 BCX8\" lang=\"DA-DK\" xml:lang=\"DA-DK\" data-contrast=\"auto\"><span class=\"NormalTextRun SCXW256909693 BCX8\" data-ccp-charstyle=\"None\">\u00a0<\/span><\/span><span class=\"TextRun SCXW256909693 BCX8\" lang=\"DA-DK\" xml:lang=\"DA-DK\" data-contrast=\"auto\"><span class=\"NormalTextRun SCXW256909693 BCX8\" data-ccp-charstyle=\"None\">som\u00a0<\/span><\/span><span class=\"TextRun SCXW256909693 BCX8\" lang=\"DA-DK\" xml:lang=\"DA-DK\" data-contrast=\"auto\"><span class=\"NormalTextRun SCXW256909693 BCX8\" data-ccp-charstyle=\"None\">standard to \u00e5rs garanti. Registrer din enhed online for automatisk at udvide din garanti i yderligere tre \u00e5r. Fem \u00e5rs bekymringsfri madlavning uden ekstra omkostninger.<\/span><\/span><span class=\"EOP SCXW256909693 BCX8\" data-ccp-props=\"{&quot;201341983&quot;:2,&quot;335559738&quot;:100,&quot;335559739&quot;:100,&quot;335559740&quot;:396}\">\u00a0<\/span><\/p>\n<p><span class=\"TextRun BCX8 SCXW510265\" lang=\"DA-DK\" xml:lang=\"DA-DK\" data-contrast=\"auto\"><span class=\"NormalTextRun BCX8 SCXW510265\" data-ccp-charstyle=\"None\" data-ccp-charstyle-defn=\"{&quot;ObjectId&quot;:&quot;f778d12b-c3d2-443c-b930-481faf19ba4a|120&quot;,&quot;Properties&quot;:&#091;134233614,&quot;true&quot;,201340122,&quot;1&quot;,469775450,&quot;None&quot;,469778129,&quot;None&quot;,469778325,&quot;&#091;\\&quot;Hyperlink.2\\&quot;,\\&quot;Hyperlink.3\\&quot;,\\&quot;Hyperlink.5\\&quot;&#093;&quot;&#093;,&quot;ClassId&quot;:1179649}\">For at registrere din enhed skal du bruge dens serienummer. Du finder det p\u00e5 det medf\u00f8lgende garantikort s\u00e5vel som p\u00e5 undersiden af \u200b\u200bhver enhed.<\/span><\/span><\/p>\n<\/div><\/section><br \/>\n\n<style type=\"text\/css\" data-created_by=\"avia_inline_auto\" id=\"style-css-av-1500wi-cb9a3c1465054bfaf914ed11a6111990\">\n.flex_column.av-1500wi-cb9a3c1465054bfaf914ed11a6111990{\nborder-radius:0px 0px 0px 0px;\npadding:0px 0px 0px 0px;\n}\n<\/style>\n<div  class='flex_column av-1500wi-cb9a3c1465054bfaf914ed11a6111990 av_three_fifth  avia-builder-el-7  el_after_av_textblock  avia-builder-el-last  first flex_column_div av-zero-column-padding  column-top-margin'     ><div  class='avia-button-wrap avia-button-center  avia-builder-el-8  avia-builder-el-no-sibling '>\n<style type=\"text\/css\" data-created_by=\"avia_inline_auto\" id=\"style-css-av-k2x9a5bf-eaca5bfb969bbc6840dbcf5249e7df83\">\n#top #wrap_all .avia-button.av-k2x9a5bf-eaca5bfb969bbc6840dbcf5249e7df83:hover{\ncolor:#ffffff;\ntransition:all 0.4s ease-in-out;\n}\n#top #wrap_all .avia-button.av-k2x9a5bf-eaca5bfb969bbc6840dbcf5249e7df83:hover .avia-svg-icon svg:first-child{\nfill:#ffffff;\nstroke:#ffffff;\n}\n<\/style>\n<a href='https:\/\/pittcooking.typeform.com\/to\/RbYgvR' class='avia-color-theme-color avia-font-color-theme-color avia-button avia-button-fullwidth av-k2x9a5bf-eaca5bfb969bbc6840dbcf5249e7df83 avia-icon_select-no avia-color-theme-color'  target=\"_blank\"  rel=\"noopener noreferrer\"  aria-label=\"Klik her for at registrere din PITT Cooking enhed \"><span class='avia_iconbox_title' >Klik her for at registrere din PITT Cooking enhed <\/span><span class='avia_button_background avia-button avia-button-fullwidth avia-color-theme-color'><\/span><\/a><\/div><\/div><\/p>\n<\/div><\/div>\n<style type=\"text\/css\" data-created_by=\"avia_inline_auto\" id=\"style-css-av-9pw0a-0d8269b83e66ded94f0d94821be478ae\">\n.flex_cell.av-9pw0a-0d8269b83e66ded94f0d94821be478ae{\nvertical-align:top;\n}\n.responsive #top #wrap_all .flex_cell.av-9pw0a-0d8269b83e66ded94f0d94821be478ae{\npadding:30px 30px 30px 30px !important;\n}\n<\/style>\n<div class='flex_cell av-9pw0a-0d8269b83e66ded94f0d94821be478ae av-gridrow-cell av_one_fifth no_margin  avia-builder-el-9  el_after_av_cell_three_fifth  avia-builder-el-last  content-align-top'  ><div class='flex_cell_inner'><\/div><\/div><\/div>\n","protected":false},"excerpt":{"rendered":"","protected":false},"author":22,"featured_media":0,"parent":0,"menu_order":2,"comment_status":"closed","ping_status":"closed","template":"","meta":{"footnotes":""},"class_list":["post-45109","page","type-page","status-publish","hentry"],"yoast_head":"<!-- This site is optimized with the Yoast SEO plugin v27.0 - https:\/\/yoast.com\/product\/yoast-seo-wordpress\/ -->\n<title>Registrer din PITT enhed - PITT Cooking<\/title>\n<meta name=\"description\" content=\"Registrer din PITT enhed - | Een kookopstelling die bij jou past. Rechtstreeks ge\u00efntegreerd in jouw favoriete aanrechtblad. PITT Cooking Nederland is...\" \/>\n<meta name=\"robots\" content=\"index, follow, max-snippet:-1, max-image-preview:large, max-video-preview:-1\" \/>\n<link rel=\"canonical\" href=\"https:\/\/pitt2cdev.7-s.si\/da\/register-pitt-unit\/\" \/>\n<meta property=\"og:locale\" content=\"da_DK\" \/>\n<meta property=\"og:type\" content=\"article\" \/>\n<meta property=\"og:title\" content=\"Registrer din PITT enhed - PITT Cooking\" \/>\n<meta property=\"og:description\" content=\"Registrer din PITT enhed - | Een kookopstelling die bij jou past. Rechtstreeks ge\u00efntegreerd in jouw favoriete aanrechtblad. PITT Cooking Nederland is...\" \/>\n<meta property=\"og:url\" content=\"https:\/\/pitt2cdev.7-s.si\/da\/register-pitt-unit\/\" \/>\n<meta property=\"og:site_name\" content=\"PITT Cooking\" \/>\n<meta property=\"article:publisher\" content=\"https:\/\/www.facebook.com\/PITTcooking\" \/>\n<meta property=\"article:modified_time\" content=\"2020-12-28T13:15:31+00:00\" \/>\n<meta property=\"og:image\" content=\"https:\/\/pitt2cdev.7-s.si\/wp-content\/uploads\/2020\/09\/Slider-Cesar-Maxima.jpg\" \/>\n\t<meta property=\"og:image:width\" content=\"1242\" \/>\n\t<meta property=\"og:image:height\" content=\"1171\" \/>\n\t<meta property=\"og:image:type\" content=\"image\/jpeg\" \/>\n<script type=\"application\/ld+json\" class=\"yoast-schema-graph\">{\"@context\":\"https:\/\/schema.org\",\"@graph\":[{\"@type\":\"WebPage\",\"@id\":\"https:\/\/pitt2cdev.7-s.si\/da\/register-pitt-unit\/\",\"url\":\"https:\/\/pitt2cdev.7-s.si\/da\/register-pitt-unit\/\",\"name\":\"Registrer din PITT enhed - PITT Cooking\",\"isPartOf\":{\"@id\":\"https:\/\/pitt2cdev.7-s.si\/#website\"},\"datePublished\":\"2016-07-06T06:09:59+00:00\",\"dateModified\":\"2020-12-28T13:15:31+00:00\",\"description\":\"Registrer din PITT enhed - | Een kookopstelling die bij jou past. Rechtstreeks ge\u00efntegreerd in jouw favoriete aanrechtblad. PITT Cooking Nederland is...\",\"breadcrumb\":{\"@id\":\"https:\/\/pitt2cdev.7-s.si\/da\/register-pitt-unit\/#breadcrumb\"},\"inLanguage\":\"da-DK\",\"potentialAction\":[{\"@type\":\"ReadAction\",\"target\":[\"https:\/\/pitt2cdev.7-s.si\/da\/register-pitt-unit\/\"]}]},{\"@type\":\"BreadcrumbList\",\"@id\":\"https:\/\/pitt2cdev.7-s.si\/da\/register-pitt-unit\/#breadcrumb\",\"itemListElement\":[{\"@type\":\"ListItem\",\"position\":1,\"name\":\"Home\",\"item\":\"https:\/\/pitt2cdev.7-s.si\/da\/\"},{\"@type\":\"ListItem\",\"position\":2,\"name\":\"Registrer din PITT enhed\"}]},{\"@type\":\"WebSite\",\"@id\":\"https:\/\/pitt2cdev.7-s.si\/#website\",\"url\":\"https:\/\/pitt2cdev.7-s.si\/\",\"name\":\"PITT cooking Nederland\",\"description\":\"Gaspitten rechtstreeks geplaatst in je favoriete werkblad.\",\"publisher\":{\"@id\":\"https:\/\/pitt2cdev.7-s.si\/#organization\"},\"alternateName\":\"PITT cooking\",\"potentialAction\":[{\"@type\":\"SearchAction\",\"target\":{\"@type\":\"EntryPoint\",\"urlTemplate\":\"https:\/\/pitt2cdev.7-s.si\/?s={search_term_string}\"},\"query-input\":{\"@type\":\"PropertyValueSpecification\",\"valueRequired\":true,\"valueName\":\"search_term_string\"}}],\"inLanguage\":\"da-DK\"},{\"@type\":\"Organization\",\"@id\":\"https:\/\/pitt2cdev.7-s.si\/#organization\",\"name\":\"PITT cooking\",\"alternateName\":\"PITT cooking\",\"url\":\"https:\/\/pitt2cdev.7-s.si\/\",\"logo\":{\"@type\":\"ImageObject\",\"inLanguage\":\"da-DK\",\"@id\":\"https:\/\/pitt2cdev.7-s.si\/#\/schema\/logo\/image\/\",\"url\":\"https:\/\/pitt2cdev.7-s.si\/wp-content\/uploads\/2020\/06\/pitt-logo.svg\",\"contentUrl\":\"https:\/\/pitt2cdev.7-s.si\/wp-content\/uploads\/2020\/06\/pitt-logo.svg\",\"width\":1920,\"height\":1080,\"caption\":\"PITT cooking\"},\"image\":{\"@id\":\"https:\/\/pitt2cdev.7-s.si\/#\/schema\/logo\/image\/\"},\"sameAs\":[\"https:\/\/www.facebook.com\/PITTcooking\",\"https:\/\/www.instagram.com\/pittcooking\/\",\"https:\/\/nl.linkedin.com\/company\/pitt-cooking\",\"https:\/\/nl.pinterest.com\/pittcooking\/\",\"https:\/\/www.youtube.com\/user\/PITTcooking\"]}]}<\/script>\n<!-- \/ Yoast SEO plugin. -->","yoast_head_json":{"title":"Registrer din PITT enhed - PITT Cooking","description":"Registrer din PITT enhed - | Een kookopstelling die bij jou past. Rechtstreeks ge\u00efntegreerd in jouw favoriete aanrechtblad. PITT Cooking Nederland is...","robots":{"index":"index","follow":"follow","max-snippet":"max-snippet:-1","max-image-preview":"max-image-preview:large","max-video-preview":"max-video-preview:-1"},"canonical":"https:\/\/pitt2cdev.7-s.si\/da\/register-pitt-unit\/","og_locale":"da_DK","og_type":"article","og_title":"Registrer din PITT enhed - PITT Cooking","og_description":"Registrer din PITT enhed - | Een kookopstelling die bij jou past. Rechtstreeks ge\u00efntegreerd in jouw favoriete aanrechtblad. PITT Cooking Nederland is...","og_url":"https:\/\/pitt2cdev.7-s.si\/da\/register-pitt-unit\/","og_site_name":"PITT Cooking","article_publisher":"https:\/\/www.facebook.com\/PITTcooking","article_modified_time":"2020-12-28T13:15:31+00:00","og_image":[{"width":1242,"height":1171,"url":"https:\/\/pitt2cdev.7-s.si\/wp-content\/uploads\/2020\/09\/Slider-Cesar-Maxima.jpg","type":"image\/jpeg"}],"schema":{"@context":"https:\/\/schema.org","@graph":[{"@type":"WebPage","@id":"https:\/\/pitt2cdev.7-s.si\/da\/register-pitt-unit\/","url":"https:\/\/pitt2cdev.7-s.si\/da\/register-pitt-unit\/","name":"Registrer din PITT enhed - PITT Cooking","isPartOf":{"@id":"https:\/\/pitt2cdev.7-s.si\/#website"},"datePublished":"2016-07-06T06:09:59+00:00","dateModified":"2020-12-28T13:15:31+00:00","description":"Registrer din PITT enhed - | Een kookopstelling die bij jou past. Rechtstreeks ge\u00efntegreerd in jouw favoriete aanrechtblad. PITT Cooking Nederland is...","breadcrumb":{"@id":"https:\/\/pitt2cdev.7-s.si\/da\/register-pitt-unit\/#breadcrumb"},"inLanguage":"da-DK","potentialAction":[{"@type":"ReadAction","target":["https:\/\/pitt2cdev.7-s.si\/da\/register-pitt-unit\/"]}]},{"@type":"BreadcrumbList","@id":"https:\/\/pitt2cdev.7-s.si\/da\/register-pitt-unit\/#breadcrumb","itemListElement":[{"@type":"ListItem","position":1,"name":"Home","item":"https:\/\/pitt2cdev.7-s.si\/da\/"},{"@type":"ListItem","position":2,"name":"Registrer din PITT enhed"}]},{"@type":"WebSite","@id":"https:\/\/pitt2cdev.7-s.si\/#website","url":"https:\/\/pitt2cdev.7-s.si\/","name":"PITT cooking Nederland","description":"Gaspitten rechtstreeks geplaatst in je favoriete werkblad.","publisher":{"@id":"https:\/\/pitt2cdev.7-s.si\/#organization"},"alternateName":"PITT cooking","potentialAction":[{"@type":"SearchAction","target":{"@type":"EntryPoint","urlTemplate":"https:\/\/pitt2cdev.7-s.si\/?s={search_term_string}"},"query-input":{"@type":"PropertyValueSpecification","valueRequired":true,"valueName":"search_term_string"}}],"inLanguage":"da-DK"},{"@type":"Organization","@id":"https:\/\/pitt2cdev.7-s.si\/#organization","name":"PITT cooking","alternateName":"PITT cooking","url":"https:\/\/pitt2cdev.7-s.si\/","logo":{"@type":"ImageObject","inLanguage":"da-DK","@id":"https:\/\/pitt2cdev.7-s.si\/#\/schema\/logo\/image\/","url":"https:\/\/pitt2cdev.7-s.si\/wp-content\/uploads\/2020\/06\/pitt-logo.svg","contentUrl":"https:\/\/pitt2cdev.7-s.si\/wp-content\/uploads\/2020\/06\/pitt-logo.svg","width":1920,"height":1080,"caption":"PITT cooking"},"image":{"@id":"https:\/\/pitt2cdev.7-s.si\/#\/schema\/logo\/image\/"},"sameAs":["https:\/\/www.facebook.com\/PITTcooking","https:\/\/www.instagram.com\/pittcooking\/","https:\/\/nl.linkedin.com\/company\/pitt-cooking","https:\/\/nl.pinterest.com\/pittcooking\/","https:\/\/www.youtube.com\/user\/PITTcooking"]}]}},"_links":{"self":[{"href":"https:\/\/pitt2cdev.7-s.si\/da\/wp-json\/wp\/v2\/pages\/45109","targetHints":{"allow":["GET"]}}],"collection":[{"href":"https:\/\/pitt2cdev.7-s.si\/da\/wp-json\/wp\/v2\/pages"}],"about":[{"href":"https:\/\/pitt2cdev.7-s.si\/da\/wp-json\/wp\/v2\/types\/page"}],"author":[{"embeddable":true,"href":"https:\/\/pitt2cdev.7-s.si\/da\/wp-json\/wp\/v2\/users\/22"}],"replies":[{"embeddable":true,"href":"https:\/\/pitt2cdev.7-s.si\/da\/wp-json\/wp\/v2\/comments?post=45109"}],"version-history":[{"count":2,"href":"https:\/\/pitt2cdev.7-s.si\/da\/wp-json\/wp\/v2\/pages\/45109\/revisions"}],"predecessor-version":[{"id":45123,"href":"https:\/\/pitt2cdev.7-s.si\/da\/wp-json\/wp\/v2\/pages\/45109\/revisions\/45123"}],"wp:attachment":[{"href":"https:\/\/pitt2cdev.7-s.si\/da\/wp-json\/wp\/v2\/media?parent=45109"}],"curies":[{"name":"wp","href":"https:\/\/api.w.org\/{rel}","templated":true}]}}