{"id":40617,"date":"2020-04-06T17:01:34","date_gmt":"2020-04-06T15:01:34","guid":{"rendered":"https:\/\/pittcooking.com\/inspiracion\/"},"modified":"2023-03-02T10:09:28","modified_gmt":"2023-03-02T09:09:28","slug":"inspiracion","status":"publish","type":"page","link":"https:\/\/pitt2cdev.7-s.si\/do\/inspiracion\/","title":{"rendered":"Inspiraci\u00f3n"},"content":{"rendered":"<div id='full_slider_1'  class='avia-fullwidth-slider main_color avia-shadow   avia-builder-el-0  el_before_av_layout_row  avia-builder-el-first   container_wrap fullsize'  ><div  class='avia-slideshow av-kbt61t2a-0dd321aacd70bacd3d17e39839b39a37 avia-slideshow-featured av_slideshow_full avia-slide-slider av-slideshow-ui av-control-default av-slideshow-manual av-loop-once av-loop-manual-endless av-default-height-applied   avia-slideshow-1' data-slideshow-options=\"{&quot;animation&quot;:&quot;slide&quot;,&quot;autoplay&quot;:false,&quot;loop_autoplay&quot;:&quot;once&quot;,&quot;interval&quot;:5,&quot;loop_manual&quot;:&quot;manual-endless&quot;,&quot;autoplay_stopper&quot;:false,&quot;noNavigation&quot;:false,&quot;bg_slider&quot;:false,&quot;keep_padding&quot;:false,&quot;hoverpause&quot;:false,&quot;show_slide_delay&quot;:0}\"  itemprop=\"image\" itemscope=\"itemscope\" itemtype=\"https:\/\/schema.org\/ImageObject\" ><ul class='avia-slideshow-inner ' style='padding-bottom: 28.666666666667%;'><li  class='avia-slideshow-slide av-kbt61t2a-0dd321aacd70bacd3d17e39839b39a37__0  av-single-slide slide-1 slide-odd'><div data-rel='slideshow-1' class='avia-slide-wrap '   ><img decoding=\"async\" fetchpriority=\"high\" class=\"wp-image-30745 avia-img-lazy-loading-not-30745\"  src=\"https:\/\/pitt2cdev.7-s.si\/wp-content\/uploads\/2020\/06\/header-inspiratie-1-1500x430.jpg\" width=\"1500\" height=\"430\" title='header-inspiratie' alt=''  itemprop=\"thumbnailUrl\"   \/><\/div><\/li><\/ul><\/div><\/div>\n<div id='av-layout-grid-1'  class='av-layout-grid-container av-2tf38h9-1c9fb4f394c554e5218d7e8c91e29c23 entry-content-wrapper main_color av-flex-cells  avia-builder-el-1  el_after_av_slideshow_full  el_before_av_section  content-padding grid-row-not-first  container_wrap fullsize'  >\n\n<style type=\"text\/css\" data-created_by=\"avia_inline_auto\" id=\"style-css-av-2lkl1xp-f66a9f1eaf32ff55987841b8e7c06d51\">\n.flex_cell.av-2lkl1xp-f66a9f1eaf32ff55987841b8e7c06d51{\nvertical-align:top;\n}\n.responsive #top #wrap_all .flex_cell.av-2lkl1xp-f66a9f1eaf32ff55987841b8e7c06d51{\npadding:0px 0px 0px 0px !important;\n}\n<\/style>\n<div class='flex_cell av-2lkl1xp-f66a9f1eaf32ff55987841b8e7c06d51 av-gridrow-cell av_one_fifth no_margin  avia-builder-el-2  el_before_av_cell_three_fifth  avia-builder-el-first  content-align-top av-zero-padding'  ><div class='flex_cell_inner'><\/div><\/div>\n<style type=\"text\/css\" data-created_by=\"avia_inline_auto\" id=\"style-css-av-25k30vh-6e86ace5bac01fff20889265ed1e9a86\">\n.flex_cell.av-25k30vh-6e86ace5bac01fff20889265ed1e9a86{\nvertical-align:top;\n}\n.responsive #top #wrap_all .flex_cell.av-25k30vh-6e86ace5bac01fff20889265ed1e9a86{\npadding:30px 30px 30px 30px !important;\n}\n<\/style>\n<div class='flex_cell av-25k30vh-6e86ace5bac01fff20889265ed1e9a86 av-gridrow-cell av_three_fifth no_margin  avia-builder-el-3  el_after_av_cell_one_fifth  el_before_av_cell_one_fifth  textblok-padding content-align-top'  ><div class='flex_cell_inner'>\n<style type=\"text\/css\" data-created_by=\"avia_inline_auto\" id=\"style-css-av-ir47tm-e3d7430c346540d1055f77e7b0ecb597\">\n#top .av-special-heading.av-ir47tm-e3d7430c346540d1055f77e7b0ecb597{\npadding-bottom:0;\n}\nbody .av-special-heading.av-ir47tm-e3d7430c346540d1055f77e7b0ecb597 .av-special-heading-tag .heading-char{\nfont-size:25px;\n}\n.av-special-heading.av-ir47tm-e3d7430c346540d1055f77e7b0ecb597 .av-subheading{\nfont-size:24px;\n}\n<\/style>\n<div  class='av-special-heading av-ir47tm-e3d7430c346540d1055f77e7b0ecb597 av-special-heading-h1 blockquote modern-quote  avia-builder-el-4  el_before_av_textblock  avia-builder-el-first '><div class='av-subheading av-subheading_above'><p>Arte de cocina innovador<\/p>\n<\/div><h1 class='av-special-heading-tag '  itemprop=\"headline\"  > Dise\u00f1os que son un sue\u00f1o hecho realidad<\/h1><div class=\"special-heading-border\"><div class=\"special-heading-inner-border\"><\/div><\/div><\/div><br \/>\n<section  class='av_textblock_section av-rkajn-0e4085d61557c7d2206197c4b5aa3afd '   itemscope=\"itemscope\" itemtype=\"https:\/\/schema.org\/CreativeWork\" ><div class='avia_textblock content-text-60'  itemprop=\"text\" ><p>Siempre orgulloso de ser parte del equipo de PITT Cooking. \u00a1Perm\u00edtenos inspirarte!<\/p>\n<p>\u00bfQuieres ver m\u00e1s? Aseg\u00farate de visitarnos en <a href=\"https:\/\/www.pinterest.com\/pittcooking\/_created\/\">Pinterest<\/a> o <a href=\"https:\/\/www.instagram.com\/pittcooking\/\">Instagram.<\/a><\/p>\n<\/div><\/section><\/p>\n<\/div><\/div>\n<style type=\"text\/css\" data-created_by=\"avia_inline_auto\" id=\"style-css-av-121qgod-69aa6498553fb08d84f7c5eb5c593820\">\n.flex_cell.av-121qgod-69aa6498553fb08d84f7c5eb5c593820{\nvertical-align:top;\n}\n.responsive #top #wrap_all .flex_cell.av-121qgod-69aa6498553fb08d84f7c5eb5c593820{\npadding:30px 30px 30px 30px !important;\n}\n<\/style>\n<div class='flex_cell av-121qgod-69aa6498553fb08d84f7c5eb5c593820 av-gridrow-cell av_one_fifth no_margin  avia-builder-el-6  el_after_av_cell_three_fifth  avia-builder-el-last  content-align-top'  ><div class='flex_cell_inner'><\/div><\/div>\n<\/div>\n\n<style type=\"text\/css\" data-created_by=\"avia_inline_auto\" id=\"style-css-av-tn5z1p-e475c485f8a5e611dbef4807264e9da7\">\n.avia-section.av-tn5z1p-e475c485f8a5e611dbef4807264e9da7{\nmargin-top:0px;\nmargin-bottom:30px;\n}\n<\/style>\n<div id='av_section_1'  class='avia-section av-tn5z1p-e475c485f8a5e611dbef4807264e9da7 main_color avia-section-no-padding avia-no-border-styling  avia-builder-el-7  el_after_av_layout_row  avia-builder-el-last  avia-bg-style-scroll container_wrap fullsize'  ><div class='container av-section-cont-open' ><div class='template-page content  av-content-full alpha units'><div class='post-entry post-entry-type-page post-entry-40617'><div class='entry-content-wrapper clearfix'>\n<div id='inspratie' class='av-masonry av-k8oluedr-73e54a0d6c17f220c83dd83c338a4ccb noHover av-fixed-size av-large-gap av-hover-overlay-active av-masonry-animation-active av-masonry-col-3 av-caption-always av-caption-style- av-masonry-gallery inspiratie' data-post_id=\"40617\"><div class=\"av-masonry-container isotope av-js-disabled\"><div class='av-masonry-entry isotope-item av-masonry-item-no-image '><\/div><a href=\"https:\/\/pitt2cdev.7-s.si\/wp-content\/uploads\/2020\/04\/Cesar-Maxima-02-812x1030.jpg\" data-srcset=\"https:\/\/pitt2cdev.7-s.si\/wp-content\/uploads\/2020\/04\/Cesar-Maxima-02-812x1030.jpg 812w, https:\/\/pitt2cdev.7-s.si\/wp-content\/uploads\/2020\/04\/Cesar-Maxima-02-237x300.jpg 237w, https:\/\/pitt2cdev.7-s.si\/wp-content\/uploads\/2020\/04\/Cesar-Maxima-02-631x800.jpg 631w, https:\/\/pitt2cdev.7-s.si\/wp-content\/uploads\/2020\/04\/Cesar-Maxima-02-768x974.jpg 768w, https:\/\/pitt2cdev.7-s.si\/wp-content\/uploads\/2020\/04\/Cesar-Maxima-02-1211x1536.jpg 1211w, https:\/\/pitt2cdev.7-s.si\/wp-content\/uploads\/2020\/04\/Cesar-Maxima-02-1183x1500.jpg 1183w, https:\/\/pitt2cdev.7-s.si\/wp-content\/uploads\/2020\/04\/Cesar-Maxima-02-556x705.jpg 556w, https:\/\/pitt2cdev.7-s.si\/wp-content\/uploads\/2020\/04\/Cesar-Maxima-02-600x761.jpg 600w, https:\/\/pitt2cdev.7-s.si\/wp-content\/uploads\/2020\/04\/Cesar-Maxima-02.jpg 1242w\" data-sizes=\"(max-width: 812px) 100vw, 812px\"  aria-label=\"image Inspiration PITT Cooking &#8211; Design by Cesar\"  id='av-masonry-1-item-50255' data-av-masonry-item='50255' class='av-masonry-entry isotope-item post-50255 attachment type-attachment status-inherit hentry  av-masonry-item-with-image' title=\"Inspiration PITT Cooking &#8211; Design by Cesar\" alt=\"Een kookopstelling die bij jou past. Gaspitten rechtstreeks ge\u00efntegreerd in jouw favoriete aanrechtblad. Inspiration PITT Cooking - Design by Cesar\"    itemprop=\"thumbnailUrl\" ><div class='av-inner-masonry-sizer'><\/div><figure class='av-inner-masonry main_color'><div class=\"av-masonry-outerimage-container\"><div class='av-masonry-image-container' style=\"background-image: url(https:\/\/pitt2cdev.7-s.si\/wp-content\/uploads\/2020\/04\/Cesar-Maxima-02-556x705.jpg);\"  title=\"Inspiration PITT Cooking &#8211; Design by Cesar\" ><\/div><\/div><\/figure><\/a><!--end av-masonry entry--><a href=\"https:\/\/pitt2cdev.7-s.si\/wp-content\/uploads\/2020\/04\/Inspiration-picture-industrieel-capital-1030x687.jpg\" data-srcset=\"https:\/\/pitt2cdev.7-s.si\/wp-content\/uploads\/2020\/04\/Inspiration-picture-industrieel-capital-1030x687.jpg 1030w, https:\/\/pitt2cdev.7-s.si\/wp-content\/uploads\/2020\/04\/Inspiration-picture-industrieel-capital-300x200.jpg 300w, https:\/\/pitt2cdev.7-s.si\/wp-content\/uploads\/2020\/04\/Inspiration-picture-industrieel-capital-800x533.jpg 800w, https:\/\/pitt2cdev.7-s.si\/wp-content\/uploads\/2020\/04\/Inspiration-picture-industrieel-capital-768x512.jpg 768w, https:\/\/pitt2cdev.7-s.si\/wp-content\/uploads\/2020\/04\/Inspiration-picture-industrieel-capital-705x470.jpg 705w, https:\/\/pitt2cdev.7-s.si\/wp-content\/uploads\/2020\/04\/Inspiration-picture-industrieel-capital-600x400.jpg 600w, https:\/\/pitt2cdev.7-s.si\/wp-content\/uploads\/2020\/04\/Inspiration-picture-industrieel-capital.jpg 1200w\" data-sizes=\"(max-width: 1030px) 100vw, 1030px\"  aria-label=\"image Inspiration-picture-industrieel-capital\"  id='av-masonry-1-item-40618' data-av-masonry-item='40618' class='av-masonry-entry isotope-item post-40618 attachment type-attachment status-inherit hentry  av-masonry-item-with-image' title=\"Inspiration-picture-industrieel-capital\" alt=\"\"    itemprop=\"thumbnailUrl\" ><div class='av-inner-masonry-sizer'><\/div><figure class='av-inner-masonry main_color'><div class=\"av-masonry-outerimage-container\"><div class='av-masonry-image-container' style=\"background-image: url(https:\/\/pitt2cdev.7-s.si\/wp-content\/uploads\/2020\/04\/Inspiration-picture-industrieel-capital-705x470.jpg);\"  title=\"Inspiration-picture-industrieel-capital\" ><\/div><\/div><\/figure><\/a><!--end av-masonry entry--><\/div><\/div>\n\n","protected":false},"excerpt":{"rendered":"","protected":false},"author":22,"featured_media":0,"parent":0,"menu_order":0,"comment_status":"closed","ping_status":"closed","template":"","meta":{"footnotes":""},"class_list":["post-40617","page","type-page","status-publish","hentry"],"yoast_head":"<!-- This site is optimized with the Yoast SEO plugin v27.0 - https:\/\/yoast.com\/product\/yoast-seo-wordpress\/ -->\n<title>Inspiraci\u00f3n - PITT Cooking<\/title>\n<meta name=\"description\" content=\"Inspiraci\u00f3n - | Een kookopstelling die bij jou past. Rechtstreeks ge\u00efntegreerd in jouw favoriete aanrechtblad. PITT Cooking Nederland is...\" \/>\n<meta name=\"robots\" content=\"index, follow, max-snippet:-1, max-image-preview:large, max-video-preview:-1\" \/>\n<link rel=\"canonical\" href=\"https:\/\/pitt2cdev.7-s.si\/do\/inspiracion\/\" \/>\n<meta property=\"og:locale\" content=\"en_US\" \/>\n<meta property=\"og:type\" content=\"article\" \/>\n<meta property=\"og:title\" content=\"Inspiraci\u00f3n - PITT Cooking\" \/>\n<meta property=\"og:description\" content=\"Inspiraci\u00f3n - | Een kookopstelling die bij jou past. Rechtstreeks ge\u00efntegreerd in jouw favoriete aanrechtblad. PITT Cooking Nederland is...\" \/>\n<meta property=\"og:url\" content=\"https:\/\/pitt2cdev.7-s.si\/do\/inspiracion\/\" \/>\n<meta property=\"og:site_name\" content=\"PITT Cooking\" \/>\n<meta property=\"article:publisher\" content=\"https:\/\/www.facebook.com\/PITTcooking\" \/>\n<meta property=\"article:modified_time\" content=\"2023-03-02T09:09:28+00:00\" \/>\n<meta property=\"og:image\" content=\"https:\/\/pitt2cdev.7-s.si\/wp-content\/uploads\/2020\/09\/Slider-Cesar-Maxima.jpg\" \/>\n\t<meta property=\"og:image:width\" content=\"1242\" \/>\n\t<meta property=\"og:image:height\" content=\"1171\" \/>\n\t<meta property=\"og:image:type\" content=\"image\/jpeg\" \/>\n<script type=\"application\/ld+json\" class=\"yoast-schema-graph\">{\"@context\":\"https:\/\/schema.org\",\"@graph\":[{\"@type\":\"WebPage\",\"@id\":\"https:\/\/pitt2cdev.7-s.si\/do\/inspiracion\/\",\"url\":\"https:\/\/pitt2cdev.7-s.si\/do\/inspiracion\/\",\"name\":\"Inspiraci\u00f3n - PITT Cooking\",\"isPartOf\":{\"@id\":\"https:\/\/pitt2cdev.7-s.si\/#website\"},\"datePublished\":\"2020-04-06T15:01:34+00:00\",\"dateModified\":\"2023-03-02T09:09:28+00:00\",\"description\":\"Inspiraci\u00f3n - | Een kookopstelling die bij jou past. Rechtstreeks ge\u00efntegreerd in jouw favoriete aanrechtblad. PITT Cooking Nederland is...\",\"breadcrumb\":{\"@id\":\"https:\/\/pitt2cdev.7-s.si\/do\/inspiracion\/#breadcrumb\"},\"inLanguage\":\"sam-SAM\",\"potentialAction\":[{\"@type\":\"ReadAction\",\"target\":[\"https:\/\/pitt2cdev.7-s.si\/do\/inspiracion\/\"]}]},{\"@type\":\"BreadcrumbList\",\"@id\":\"https:\/\/pitt2cdev.7-s.si\/do\/inspiracion\/#breadcrumb\",\"itemListElement\":[{\"@type\":\"ListItem\",\"position\":1,\"name\":\"Home\",\"item\":\"https:\/\/pitt2cdev.7-s.si\/do\/\"},{\"@type\":\"ListItem\",\"position\":2,\"name\":\"Inspiraci\u00f3n\"}]},{\"@type\":\"WebSite\",\"@id\":\"https:\/\/pitt2cdev.7-s.si\/#website\",\"url\":\"https:\/\/pitt2cdev.7-s.si\/\",\"name\":\"PITT cooking Nederland\",\"description\":\"Gaspitten rechtstreeks geplaatst in je favoriete werkblad.\",\"publisher\":{\"@id\":\"https:\/\/pitt2cdev.7-s.si\/#organization\"},\"alternateName\":\"PITT cooking\",\"potentialAction\":[{\"@type\":\"SearchAction\",\"target\":{\"@type\":\"EntryPoint\",\"urlTemplate\":\"https:\/\/pitt2cdev.7-s.si\/?s={search_term_string}\"},\"query-input\":{\"@type\":\"PropertyValueSpecification\",\"valueRequired\":true,\"valueName\":\"search_term_string\"}}],\"inLanguage\":\"sam-SAM\"},{\"@type\":\"Organization\",\"@id\":\"https:\/\/pitt2cdev.7-s.si\/#organization\",\"name\":\"PITT cooking\",\"alternateName\":\"PITT cooking\",\"url\":\"https:\/\/pitt2cdev.7-s.si\/\",\"logo\":{\"@type\":\"ImageObject\",\"inLanguage\":\"sam-SAM\",\"@id\":\"https:\/\/pitt2cdev.7-s.si\/#\/schema\/logo\/image\/\",\"url\":\"https:\/\/pitt2cdev.7-s.si\/wp-content\/uploads\/2020\/06\/pitt-logo.svg\",\"contentUrl\":\"https:\/\/pitt2cdev.7-s.si\/wp-content\/uploads\/2020\/06\/pitt-logo.svg\",\"width\":1920,\"height\":1080,\"caption\":\"PITT cooking\"},\"image\":{\"@id\":\"https:\/\/pitt2cdev.7-s.si\/#\/schema\/logo\/image\/\"},\"sameAs\":[\"https:\/\/www.facebook.com\/PITTcooking\",\"https:\/\/www.instagram.com\/pittcooking\/\",\"https:\/\/nl.linkedin.com\/company\/pitt-cooking\",\"https:\/\/nl.pinterest.com\/pittcooking\/\",\"https:\/\/www.youtube.com\/user\/PITTcooking\"]}]}<\/script>\n<!-- \/ Yoast SEO plugin. -->","yoast_head_json":{"title":"Inspiraci\u00f3n - PITT Cooking","description":"Inspiraci\u00f3n - | Een kookopstelling die bij jou past. Rechtstreeks ge\u00efntegreerd in jouw favoriete aanrechtblad. PITT Cooking Nederland is...","robots":{"index":"index","follow":"follow","max-snippet":"max-snippet:-1","max-image-preview":"max-image-preview:large","max-video-preview":"max-video-preview:-1"},"canonical":"https:\/\/pitt2cdev.7-s.si\/do\/inspiracion\/","og_locale":"en_US","og_type":"article","og_title":"Inspiraci\u00f3n - PITT Cooking","og_description":"Inspiraci\u00f3n - | Een kookopstelling die bij jou past. Rechtstreeks ge\u00efntegreerd in jouw favoriete aanrechtblad. PITT Cooking Nederland is...","og_url":"https:\/\/pitt2cdev.7-s.si\/do\/inspiracion\/","og_site_name":"PITT Cooking","article_publisher":"https:\/\/www.facebook.com\/PITTcooking","article_modified_time":"2023-03-02T09:09:28+00:00","og_image":[{"width":1242,"height":1171,"url":"https:\/\/pitt2cdev.7-s.si\/wp-content\/uploads\/2020\/09\/Slider-Cesar-Maxima.jpg","type":"image\/jpeg"}],"schema":{"@context":"https:\/\/schema.org","@graph":[{"@type":"WebPage","@id":"https:\/\/pitt2cdev.7-s.si\/do\/inspiracion\/","url":"https:\/\/pitt2cdev.7-s.si\/do\/inspiracion\/","name":"Inspiraci\u00f3n - PITT Cooking","isPartOf":{"@id":"https:\/\/pitt2cdev.7-s.si\/#website"},"datePublished":"2020-04-06T15:01:34+00:00","dateModified":"2023-03-02T09:09:28+00:00","description":"Inspiraci\u00f3n - | Een kookopstelling die bij jou past. Rechtstreeks ge\u00efntegreerd in jouw favoriete aanrechtblad. PITT Cooking Nederland is...","breadcrumb":{"@id":"https:\/\/pitt2cdev.7-s.si\/do\/inspiracion\/#breadcrumb"},"inLanguage":"sam-SAM","potentialAction":[{"@type":"ReadAction","target":["https:\/\/pitt2cdev.7-s.si\/do\/inspiracion\/"]}]},{"@type":"BreadcrumbList","@id":"https:\/\/pitt2cdev.7-s.si\/do\/inspiracion\/#breadcrumb","itemListElement":[{"@type":"ListItem","position":1,"name":"Home","item":"https:\/\/pitt2cdev.7-s.si\/do\/"},{"@type":"ListItem","position":2,"name":"Inspiraci\u00f3n"}]},{"@type":"WebSite","@id":"https:\/\/pitt2cdev.7-s.si\/#website","url":"https:\/\/pitt2cdev.7-s.si\/","name":"PITT cooking Nederland","description":"Gaspitten rechtstreeks geplaatst in je favoriete werkblad.","publisher":{"@id":"https:\/\/pitt2cdev.7-s.si\/#organization"},"alternateName":"PITT cooking","potentialAction":[{"@type":"SearchAction","target":{"@type":"EntryPoint","urlTemplate":"https:\/\/pitt2cdev.7-s.si\/?s={search_term_string}"},"query-input":{"@type":"PropertyValueSpecification","valueRequired":true,"valueName":"search_term_string"}}],"inLanguage":"sam-SAM"},{"@type":"Organization","@id":"https:\/\/pitt2cdev.7-s.si\/#organization","name":"PITT cooking","alternateName":"PITT cooking","url":"https:\/\/pitt2cdev.7-s.si\/","logo":{"@type":"ImageObject","inLanguage":"sam-SAM","@id":"https:\/\/pitt2cdev.7-s.si\/#\/schema\/logo\/image\/","url":"https:\/\/pitt2cdev.7-s.si\/wp-content\/uploads\/2020\/06\/pitt-logo.svg","contentUrl":"https:\/\/pitt2cdev.7-s.si\/wp-content\/uploads\/2020\/06\/pitt-logo.svg","width":1920,"height":1080,"caption":"PITT cooking"},"image":{"@id":"https:\/\/pitt2cdev.7-s.si\/#\/schema\/logo\/image\/"},"sameAs":["https:\/\/www.facebook.com\/PITTcooking","https:\/\/www.instagram.com\/pittcooking\/","https:\/\/nl.linkedin.com\/company\/pitt-cooking","https:\/\/nl.pinterest.com\/pittcooking\/","https:\/\/www.youtube.com\/user\/PITTcooking"]}]}},"_links":{"self":[{"href":"https:\/\/pitt2cdev.7-s.si\/do\/wp-json\/wp\/v2\/pages\/40617","targetHints":{"allow":["GET"]}}],"collection":[{"href":"https:\/\/pitt2cdev.7-s.si\/do\/wp-json\/wp\/v2\/pages"}],"about":[{"href":"https:\/\/pitt2cdev.7-s.si\/do\/wp-json\/wp\/v2\/types\/page"}],"author":[{"embeddable":true,"href":"https:\/\/pitt2cdev.7-s.si\/do\/wp-json\/wp\/v2\/users\/22"}],"replies":[{"embeddable":true,"href":"https:\/\/pitt2cdev.7-s.si\/do\/wp-json\/wp\/v2\/comments?post=40617"}],"version-history":[{"count":1,"href":"https:\/\/pitt2cdev.7-s.si\/do\/wp-json\/wp\/v2\/pages\/40617\/revisions"}],"predecessor-version":[{"id":48378,"href":"https:\/\/pitt2cdev.7-s.si\/do\/wp-json\/wp\/v2\/pages\/40617\/revisions\/48378"}],"wp:attachment":[{"href":"https:\/\/pitt2cdev.7-s.si\/do\/wp-json\/wp\/v2\/media?parent=40617"}],"curies":[{"name":"wp","href":"https:\/\/api.w.org\/{rel}","templated":true}]}}