{"id":40630,"date":"2016-10-25T15:19:39","date_gmt":"2016-10-25T13:19:39","guid":{"rendered":"https:\/\/pittcooking.com\/por-que-pittcooking\/"},"modified":"2020-12-20T16:06:42","modified_gmt":"2020-12-20T15:06:42","slug":"por-que-pittcooking","status":"publish","type":"page","link":"https:\/\/pitt2cdev.7-s.si\/do\/por-que-pittcooking\/","title":{"rendered":"Por qu\u00e9 PITT Cooking?"},"content":{"rendered":"<div id='full_slider_1'  class='avia-fullwidth-slider main_color avia-shadow   avia-builder-el-0  el_before_av_layout_row  avia-builder-el-first   container_wrap fullsize'  ><div  class='avia-slideshow av-wqd6fp-716703456c5c80416546017e815ac0ae avia-slideshow-featured av_slideshow_full avia-slide-slider av-slideshow-ui av-control-default av-slideshow-manual av-loop-once av-loop-manual-endless av-default-height-applied   avia-slideshow-1' data-slideshow-options=\"{&quot;animation&quot;:&quot;slide&quot;,&quot;autoplay&quot;:false,&quot;loop_autoplay&quot;:&quot;once&quot;,&quot;interval&quot;:5,&quot;loop_manual&quot;:&quot;manual-endless&quot;,&quot;autoplay_stopper&quot;:false,&quot;noNavigation&quot;:false,&quot;bg_slider&quot;:false,&quot;keep_padding&quot;:false,&quot;hoverpause&quot;:false,&quot;show_slide_delay&quot;:0}\"  itemprop=\"image\" itemscope=\"itemscope\" itemtype=\"https:\/\/schema.org\/ImageObject\" ><ul class='avia-slideshow-inner ' style='padding-bottom: 28.666666666667%;'><li  class='avia-slideshow-slide av-wqd6fp-716703456c5c80416546017e815ac0ae__0  av-single-slide slide-1 slide-odd'><div data-rel='slideshow-1' class='avia-slide-wrap '   ><img decoding=\"async\" fetchpriority=\"high\" class=\"wp-image-40858 avia-img-lazy-loading-not-40858\"  src=\"https:\/\/pitt2cdev.7-s.si\/wp-content\/uploads\/2016\/08\/PITT-cooking-Made-in-Holland-Losse-gaspitten-Project-i29-1-1500x430.jpg\" width=\"1500\" height=\"430\" title='pitt-cooking-made-in-holland-losse-gaspitten-project-i29' alt=''  itemprop=\"thumbnailUrl\"   \/><\/div><\/li><\/ul><\/div><\/div>\n<div id='av-layout-grid-1'  class='av-layout-grid-container av-kbqbs28e-72310260514c1c887b75869af81db715 entry-content-wrapper main_color av-flex-cells  avia-builder-el-1  el_after_av_slideshow_full  avia-builder-el-last  content-padding grid-row-not-first  container_wrap fullsize'  >\n\n<style type=\"text\/css\" data-created_by=\"avia_inline_auto\" id=\"style-css-av-5xddpx-f814b61db501d6eeee491dc2b6e0a7bc\">\n.flex_cell.av-5xddpx-f814b61db501d6eeee491dc2b6e0a7bc{\nvertical-align:top;\n}\n.responsive #top #wrap_all .flex_cell.av-5xddpx-f814b61db501d6eeee491dc2b6e0a7bc{\npadding:0px 0px 0px 0px !important;\n}\n<\/style>\n<div class='flex_cell av-5xddpx-f814b61db501d6eeee491dc2b6e0a7bc av-gridrow-cell av_one_fifth no_margin  avia-builder-el-2  el_before_av_cell_three_fifth  avia-builder-el-first  content-align-top av-zero-padding'  ><div class='flex_cell_inner'><\/div><\/div><div class='flex_cell av-44ts11-02bc0d59c508c9bca049491ce6e4704f av-gridrow-cell av_three_fifth no_margin  avia-builder-el-3  el_after_av_cell_one_fifth  el_before_av_cell_one_fifth '  ><div class='flex_cell_inner'><p>\n<style type=\"text\/css\" data-created_by=\"avia_inline_auto\" id=\"style-css-av-av_heading-edab3b9955188888e833cc42cbc1a614\">\n#top .av-special-heading.av-av_heading-edab3b9955188888e833cc42cbc1a614{\npadding-bottom:10px;\n}\nbody .av-special-heading.av-av_heading-edab3b9955188888e833cc42cbc1a614 .av-special-heading-tag .heading-char{\nfont-size:25px;\n}\n.av-special-heading.av-av_heading-edab3b9955188888e833cc42cbc1a614 .av-subheading{\nfont-size:24px;\n}\n<\/style>\n<div  class='av-special-heading av-av_heading-edab3b9955188888e833cc42cbc1a614 av-special-heading-h1 blockquote modern-quote  avia-builder-el-4  el_before_av_hr  avia-builder-el-first '><div class='av-subheading av-subheading_above'><p>Estar convencida<\/p>\n<\/div><h1 class='av-special-heading-tag '  itemprop=\"headline\"  >Por qu\u00e9 PITT Cooking?<\/h1><div class=\"special-heading-border\"><div class=\"special-heading-inner-border\"><\/div><\/div><\/div><br \/>\n\n<style type=\"text\/css\" data-created_by=\"avia_inline_auto\" id=\"style-css-av-gshgfp-8a360ee9ac5e3351804bcaee1e7dd03b\">\n#top .hr.hr-invisible.av-gshgfp-8a360ee9ac5e3351804bcaee1e7dd03b{\nheight:10px;\n}\n<\/style>\n<div  class='hr av-gshgfp-8a360ee9ac5e3351804bcaee1e7dd03b hr-invisible  avia-builder-el-5  el_after_av_heading  el_before_av_textblock '><span class='hr-inner '><span class=\"hr-inner-style\"><\/span><\/span><\/div><br \/>\n<section  class='av_textblock_section av-gb78qt-6aaa9c2f6127ff73736cdc358c75c719 '   itemscope=\"itemscope\" itemtype=\"https:\/\/schema.org\/CreativeWork\" ><div class='avia_textblock content-text-60'  itemprop=\"text\" ><p>Una vez que\u00a0 experimentaste con\u00a0 el estilo de PITT Cooking, no querr\u00e1 volver nunca m\u00e1s. Y no somos solo nosotros hablando. El concepto surgi\u00f3 de las limitaciones de la estufa tradicional. Nunca hay suficiente espacio para usar todos los quemadores a la vez: \u00bfte suena familiar? Es por eso que sin PITT Cooking su cocina ya no funcionar\u00e1.<\/p>\n<\/div><\/section><br \/>\n<div  class='togglecontainer av-ei4s1h-8d04623b9615f19cd90e02a129b2d307 av-elegant-toggle  avia-builder-el-7  el_after_av_textblock  avia-builder-el-last  toggle_close_all' >\n<section class='av_toggle_section av-aixdwl-6ab5dadf4a2762c9d33952bce6b6e4f1'  itemscope=\"itemscope\" itemtype=\"https:\/\/schema.org\/CreativeWork\" ><div role=\"tablist\" class=\"single_toggle\" data-tags=\"{All} \"  ><p id='toggle-toggle-id-1' data-fake-id='#toggle-id-1' class='toggler  av-title-above '  itemprop=\"headline\"  role='tab' tabindex='0' aria-controls='toggle-id-1' data-slide-speed=\"200\" data-title=\"Siempre suficiente espacio para tus ollas y sartenes\" data-title-open=\"\" data-aria_collapsed=\"Click to expand: Siempre suficiente espacio para tus ollas y sartenes\" data-aria_expanded=\"Click to collapse: Siempre suficiente espacio para tus ollas y sartenes\">Siempre suficiente espacio para tus ollas y sartenes<span class=\"toggle_icon\"><span class=\"vert_icon\"><\/span><span class=\"hor_icon\"><\/span><\/span><\/p><div id='toggle-id-1' aria-labelledby='toggle-toggle-id-1' role='region' class='toggle_wrap  av-title-above'  ><div class='toggle_content invers-color '  itemprop=\"text\" ><p>Finalmente, suficiente espacio para sus ollas y sartenes: con un m\u00ednimo de 11 pulgadas (28 cent\u00edmetros) entre quemadores,\u00a0 PITT Cooking ofrece un promedio de 3 pulgadas (8 cent\u00edmetros) m\u00e1s de espacio entre quemadores en comparaci\u00f3n con una placa de cocci\u00f3n tradicional. A partir de ahora siempre hay suficiente espacio para utilizar todos los quemadores a la vez. Incluso con sartenes grandes.<\/p>\n<\/div><\/div><\/div><\/section>\n<section class='av_toggle_section av-9q5i8l-b642eff664b082aff46979336d29729e'  itemscope=\"itemscope\" itemtype=\"https:\/\/schema.org\/CreativeWork\" ><div role=\"tablist\" class=\"single_toggle\" data-tags=\"{All} \"  ><p id='toggle-toggle-id-2' data-fake-id='#toggle-id-2' class='toggler  av-title-above '  itemprop=\"headline\"  role='tab' tabindex='0' aria-controls='toggle-id-2' data-slide-speed=\"200\" data-title=\"Una obra maestra de la cocina\" data-title-open=\"\" data-aria_collapsed=\"Click to expand: Una obra maestra de la cocina\" data-aria_expanded=\"Click to collapse: Una obra maestra de la cocina\">Una obra maestra de la cocina<span class=\"toggle_icon\"><span class=\"vert_icon\"><\/span><span class=\"hor_icon\"><\/span><\/span><\/p><div id='toggle-id-2' aria-labelledby='toggle-toggle-id-2' role='region' class='toggle_wrap  av-title-above'  ><div class='toggle_content invers-color '  itemprop=\"text\" ><p>Gracias a su aspecto atemporal,\u00a0 PITT Cooking es adecuada para todo tipo de cocina: desde la cl\u00e1sica a la campestre y desde la contempor\u00e1nea hasta la de dise\u00f1o. Los quemadores de hierro fundido negro siempre se adaptar\u00e1n a cualquier tipo de cocina. Y siempre haz tu cocina un poco m\u00e1s hermosa.<\/p>\n<\/div><\/div><\/div><\/section>\n<section class='av_toggle_section av-av_toggle-23e17668a43d0dfc4dfc63fe3f20572f'  itemscope=\"itemscope\" itemtype=\"https:\/\/schema.org\/CreativeWork\" ><div role=\"tablist\" class=\"single_toggle\" data-tags=\"{All} \"  ><p id='toggle-toggle-id-3' data-fake-id='#toggle-id-3' class='toggler  av-title-above '  itemprop=\"headline\"  role='tab' tabindex='0' aria-controls='toggle-id-3' data-slide-speed=\"200\" data-title=\"Control de llama\" data-title-open=\"\" data-aria_collapsed=\"Click to expand: Control de llama\" data-aria_expanded=\"Click to collapse: Control de llama\">Control de llama<span class=\"toggle_icon\"><span class=\"vert_icon\"><\/span><span class=\"hor_icon\"><\/span><\/span><\/p><div id='toggle-id-3' aria-labelledby='toggle-toggle-id-3' role='region' class='toggle_wrap  av-title-above'  ><div class='toggle_content invers-color '  itemprop=\"text\" ><p>Nuestros quemadores robustos y potentes est\u00e1n fabricados exclusivamente con materiales de primera calidad y cumplen con los est\u00e1ndares profesionales. Nuestro quemador <a href=\"https:\/\/pitt2cdev.7-s.si\/do\/informacion-del-producto\/#los-quemadores\">de wok a fuego lento combinado<\/a> es \u00fanico: dos funciones proporcionadas por un quemador y controladas por una sola perilla. F\u00e1cil de usar, como deber\u00eda ser.<\/p>\n<\/div><\/div><\/div><\/section>\n<section class='av_toggle_section av-68posl-6c884f44198d0b374c69c78958d46698'  itemscope=\"itemscope\" itemtype=\"https:\/\/schema.org\/CreativeWork\" ><div role=\"tablist\" class=\"single_toggle\" data-tags=\"{All} \"  ><p id='toggle-toggle-id-4' data-fake-id='#toggle-id-4' class='toggler  av-title-above '  itemprop=\"headline\"  role='tab' tabindex='0' aria-controls='toggle-id-4' data-slide-speed=\"200\" data-title=\"Calidad y seguridad\" data-title-open=\"\" data-aria_collapsed=\"Click to expand: Calidad y seguridad\" data-aria_expanded=\"Click to collapse: Calidad y seguridad\">Calidad y seguridad<span class=\"toggle_icon\"><span class=\"vert_icon\"><\/span><span class=\"hor_icon\"><\/span><\/span><\/p><div id='toggle-id-4' aria-labelledby='toggle-toggle-id-4' role='region' class='toggle_wrap  av-title-above'  ><div class='toggle_content invers-color '  itemprop=\"text\" ><p>PITT Cooking cumple con los est\u00e1ndares de calidad oficiales para la certificaci\u00f3n de aparatos de gas. Esta certificaci\u00f3n ofrece a los usuarios la seguridad de que su aparato a gas cumple con los m\u00e1s altos est\u00e1ndares de calidad, funci\u00f3n y seguridad. Ofrecemos una garant\u00eda total de cinco a\u00f1os para nuestros productos.<\/p>\n<\/div><\/div><\/div><\/section>\n<section class='av_toggle_section av-48hdol-437d1cbf27b181dba9d47cd3e6d68684'  itemscope=\"itemscope\" itemtype=\"https:\/\/schema.org\/CreativeWork\" ><div role=\"tablist\" class=\"single_toggle\" data-tags=\"{All} \"  ><p id='toggle-toggle-id-5' data-fake-id='#toggle-id-5' class='toggler  av-title-above '  itemprop=\"headline\"  role='tab' tabindex='0' aria-controls='toggle-id-5' data-slide-speed=\"200\" data-title=\"F\u00e1cil de limpiar\" data-title-open=\"\" data-aria_collapsed=\"Click to expand: F\u00e1cil de limpiar\" data-aria_expanded=\"Click to collapse: F\u00e1cil de limpiar\">F\u00e1cil de limpiar<span class=\"toggle_icon\"><span class=\"vert_icon\"><\/span><span class=\"hor_icon\"><\/span><\/span><\/p><div id='toggle-id-5' aria-labelledby='toggle-toggle-id-5' role='region' class='toggle_wrap  av-title-above'  ><div class='toggle_content invers-color '  itemprop=\"text\" ><p>Nunca m\u00e1s temas limpiar tu espacio de trabajo. Sin crestas ni esquinas, le queda una encimera plana para limpiar. Por eso, PITT Cooking ofrece facilidad de uso no solo para cocinar sino tambi\u00e9n para limpiar.<\/p>\n<\/div><\/div><\/div><\/section>\n<section class='av_toggle_section av-av_toggle-0c1fc3a1ad2d7374e94594584fed6b39'  itemscope=\"itemscope\" itemtype=\"https:\/\/schema.org\/CreativeWork\" ><div role=\"tablist\" class=\"single_toggle\" data-tags=\"{All} \"  ><p id='toggle-toggle-id-6' data-fake-id='#toggle-id-6' class='toggler  av-title-above '  itemprop=\"headline\"  role='tab' tabindex='0' aria-controls='toggle-id-6' data-slide-speed=\"200\" data-title=\"Amplias opciones disponibles\" data-title-open=\"\" data-aria_collapsed=\"Click to expand: Amplias opciones disponibles\" data-aria_expanded=\"Click to collapse: Amplias opciones disponibles\">Amplias opciones disponibles<span class=\"toggle_icon\"><span class=\"vert_icon\"><\/span><span class=\"hor_icon\"><\/span><\/span><\/p><div id='toggle-id-6' aria-labelledby='toggle-toggle-id-6' role='region' class='toggle_wrap  av-title-above'  ><div class='toggle_content invers-color '  itemprop=\"text\" ><p>Bas\u00e1ndonos en las necesidades y deseos del usuario, creamos una variedad de <a href=\"https:\/\/pitt2cdev.7-s.si\/do\/surtido\/\">configuraciones<\/a> diversas. Cada una de estas configuraciones se puede combinar para adaptarse a las necesidades y deseos individuales. Su configuraci\u00f3n de cocina ideal hecha a medida para adaptarse a su estilo de cocina personal y al espacio de cocina disponible. Siempre hay algo perfecto para todos.<\/p>\n<\/div><\/div><\/div><\/section>\n<\/div><\/p>\n<\/div><\/div>\n<style type=\"text\/css\" data-created_by=\"avia_inline_auto\" id=\"style-css-av-qf0l-2144ce85d2ca7a1d3c63ef6d93f4c612\">\n.flex_cell.av-qf0l-2144ce85d2ca7a1d3c63ef6d93f4c612{\nvertical-align:top;\n}\n.responsive #top #wrap_all .flex_cell.av-qf0l-2144ce85d2ca7a1d3c63ef6d93f4c612{\npadding:30px 30px 30px 30px !important;\n}\n<\/style>\n<div class='flex_cell av-qf0l-2144ce85d2ca7a1d3c63ef6d93f4c612 av-gridrow-cell av_one_fifth no_margin  avia-builder-el-8  el_after_av_cell_three_fifth  avia-builder-el-last  content-align-top'  ><div class='flex_cell_inner'><\/div><\/div><\/div>\n","protected":false},"excerpt":{"rendered":"","protected":false},"author":22,"featured_media":0,"parent":0,"menu_order":1,"comment_status":"closed","ping_status":"closed","template":"","meta":{"footnotes":""},"class_list":["post-40630","page","type-page","status-publish","hentry"],"yoast_head":"<!-- This site is optimized with the Yoast SEO plugin v27.0 - https:\/\/yoast.com\/product\/yoast-seo-wordpress\/ -->\n<title>Por qu\u00e9 PITT Cooking? - PITT Cooking<\/title>\n<meta name=\"description\" content=\"Por qu\u00e9 PITT Cooking? - | Een kookopstelling die bij jou past. Rechtstreeks ge\u00efntegreerd in jouw favoriete aanrechtblad. PITT Cooking Nederland is...\" \/>\n<meta name=\"robots\" content=\"index, follow, max-snippet:-1, max-image-preview:large, max-video-preview:-1\" \/>\n<link rel=\"canonical\" href=\"https:\/\/pitt2cdev.7-s.si\/do\/por-que-pittcooking\/\" \/>\n<meta property=\"og:locale\" content=\"en_US\" \/>\n<meta property=\"og:type\" content=\"article\" \/>\n<meta property=\"og:title\" content=\"Por qu\u00e9 PITT Cooking? - PITT Cooking\" \/>\n<meta property=\"og:description\" content=\"Por qu\u00e9 PITT Cooking? - | Een kookopstelling die bij jou past. Rechtstreeks ge\u00efntegreerd in jouw favoriete aanrechtblad. PITT Cooking Nederland is...\" \/>\n<meta property=\"og:url\" content=\"https:\/\/pitt2cdev.7-s.si\/do\/por-que-pittcooking\/\" \/>\n<meta property=\"og:site_name\" content=\"PITT Cooking\" \/>\n<meta property=\"article:publisher\" content=\"https:\/\/www.facebook.com\/PITTcooking\" \/>\n<meta property=\"article:modified_time\" content=\"2020-12-20T15:06:42+00:00\" \/>\n<meta property=\"og:image\" content=\"https:\/\/pitt2cdev.7-s.si\/wp-content\/uploads\/2020\/09\/Slider-Cesar-Maxima.jpg\" \/>\n\t<meta property=\"og:image:width\" content=\"1242\" \/>\n\t<meta property=\"og:image:height\" content=\"1171\" \/>\n\t<meta property=\"og:image:type\" content=\"image\/jpeg\" \/>\n<script type=\"application\/ld+json\" class=\"yoast-schema-graph\">{\"@context\":\"https:\/\/schema.org\",\"@graph\":[{\"@type\":\"WebPage\",\"@id\":\"https:\/\/pitt2cdev.7-s.si\/do\/por-que-pittcooking\/\",\"url\":\"https:\/\/pitt2cdev.7-s.si\/do\/por-que-pittcooking\/\",\"name\":\"Por qu\u00e9 PITT Cooking? - PITT Cooking\",\"isPartOf\":{\"@id\":\"https:\/\/pitt2cdev.7-s.si\/#website\"},\"datePublished\":\"2016-10-25T13:19:39+00:00\",\"dateModified\":\"2020-12-20T15:06:42+00:00\",\"description\":\"Por qu\u00e9 PITT Cooking? - | Een kookopstelling die bij jou past. Rechtstreeks ge\u00efntegreerd in jouw favoriete aanrechtblad. PITT Cooking Nederland is...\",\"breadcrumb\":{\"@id\":\"https:\/\/pitt2cdev.7-s.si\/do\/por-que-pittcooking\/#breadcrumb\"},\"inLanguage\":\"sam-SAM\",\"potentialAction\":[{\"@type\":\"ReadAction\",\"target\":[\"https:\/\/pitt2cdev.7-s.si\/do\/por-que-pittcooking\/\"]}]},{\"@type\":\"BreadcrumbList\",\"@id\":\"https:\/\/pitt2cdev.7-s.si\/do\/por-que-pittcooking\/#breadcrumb\",\"itemListElement\":[{\"@type\":\"ListItem\",\"position\":1,\"name\":\"Home\",\"item\":\"https:\/\/pitt2cdev.7-s.si\/do\/\"},{\"@type\":\"ListItem\",\"position\":2,\"name\":\"Por qu\u00e9 PITT cooking?\"}]},{\"@type\":\"WebSite\",\"@id\":\"https:\/\/pitt2cdev.7-s.si\/#website\",\"url\":\"https:\/\/pitt2cdev.7-s.si\/\",\"name\":\"PITT cooking Nederland\",\"description\":\"Gaspitten rechtstreeks geplaatst in je favoriete werkblad.\",\"publisher\":{\"@id\":\"https:\/\/pitt2cdev.7-s.si\/#organization\"},\"alternateName\":\"PITT cooking\",\"potentialAction\":[{\"@type\":\"SearchAction\",\"target\":{\"@type\":\"EntryPoint\",\"urlTemplate\":\"https:\/\/pitt2cdev.7-s.si\/?s={search_term_string}\"},\"query-input\":{\"@type\":\"PropertyValueSpecification\",\"valueRequired\":true,\"valueName\":\"search_term_string\"}}],\"inLanguage\":\"sam-SAM\"},{\"@type\":\"Organization\",\"@id\":\"https:\/\/pitt2cdev.7-s.si\/#organization\",\"name\":\"PITT cooking\",\"alternateName\":\"PITT cooking\",\"url\":\"https:\/\/pitt2cdev.7-s.si\/\",\"logo\":{\"@type\":\"ImageObject\",\"inLanguage\":\"sam-SAM\",\"@id\":\"https:\/\/pitt2cdev.7-s.si\/#\/schema\/logo\/image\/\",\"url\":\"https:\/\/pitt2cdev.7-s.si\/wp-content\/uploads\/2020\/06\/pitt-logo.svg\",\"contentUrl\":\"https:\/\/pitt2cdev.7-s.si\/wp-content\/uploads\/2020\/06\/pitt-logo.svg\",\"width\":1920,\"height\":1080,\"caption\":\"PITT cooking\"},\"image\":{\"@id\":\"https:\/\/pitt2cdev.7-s.si\/#\/schema\/logo\/image\/\"},\"sameAs\":[\"https:\/\/www.facebook.com\/PITTcooking\",\"https:\/\/www.instagram.com\/pittcooking\/\",\"https:\/\/nl.linkedin.com\/company\/pitt-cooking\",\"https:\/\/nl.pinterest.com\/pittcooking\/\",\"https:\/\/www.youtube.com\/user\/PITTcooking\"]}]}<\/script>\n<!-- \/ Yoast SEO plugin. -->","yoast_head_json":{"title":"Por qu\u00e9 PITT Cooking? - PITT Cooking","description":"Por qu\u00e9 PITT Cooking? - | Een kookopstelling die bij jou past. Rechtstreeks ge\u00efntegreerd in jouw favoriete aanrechtblad. PITT Cooking Nederland is...","robots":{"index":"index","follow":"follow","max-snippet":"max-snippet:-1","max-image-preview":"max-image-preview:large","max-video-preview":"max-video-preview:-1"},"canonical":"https:\/\/pitt2cdev.7-s.si\/do\/por-que-pittcooking\/","og_locale":"en_US","og_type":"article","og_title":"Por qu\u00e9 PITT Cooking? - PITT Cooking","og_description":"Por qu\u00e9 PITT Cooking? - | Een kookopstelling die bij jou past. Rechtstreeks ge\u00efntegreerd in jouw favoriete aanrechtblad. PITT Cooking Nederland is...","og_url":"https:\/\/pitt2cdev.7-s.si\/do\/por-que-pittcooking\/","og_site_name":"PITT Cooking","article_publisher":"https:\/\/www.facebook.com\/PITTcooking","article_modified_time":"2020-12-20T15:06:42+00:00","og_image":[{"width":1242,"height":1171,"url":"https:\/\/pitt2cdev.7-s.si\/wp-content\/uploads\/2020\/09\/Slider-Cesar-Maxima.jpg","type":"image\/jpeg"}],"schema":{"@context":"https:\/\/schema.org","@graph":[{"@type":"WebPage","@id":"https:\/\/pitt2cdev.7-s.si\/do\/por-que-pittcooking\/","url":"https:\/\/pitt2cdev.7-s.si\/do\/por-que-pittcooking\/","name":"Por qu\u00e9 PITT Cooking? - PITT Cooking","isPartOf":{"@id":"https:\/\/pitt2cdev.7-s.si\/#website"},"datePublished":"2016-10-25T13:19:39+00:00","dateModified":"2020-12-20T15:06:42+00:00","description":"Por qu\u00e9 PITT Cooking? - | Een kookopstelling die bij jou past. Rechtstreeks ge\u00efntegreerd in jouw favoriete aanrechtblad. PITT Cooking Nederland is...","breadcrumb":{"@id":"https:\/\/pitt2cdev.7-s.si\/do\/por-que-pittcooking\/#breadcrumb"},"inLanguage":"sam-SAM","potentialAction":[{"@type":"ReadAction","target":["https:\/\/pitt2cdev.7-s.si\/do\/por-que-pittcooking\/"]}]},{"@type":"BreadcrumbList","@id":"https:\/\/pitt2cdev.7-s.si\/do\/por-que-pittcooking\/#breadcrumb","itemListElement":[{"@type":"ListItem","position":1,"name":"Home","item":"https:\/\/pitt2cdev.7-s.si\/do\/"},{"@type":"ListItem","position":2,"name":"Por qu\u00e9 PITT cooking?"}]},{"@type":"WebSite","@id":"https:\/\/pitt2cdev.7-s.si\/#website","url":"https:\/\/pitt2cdev.7-s.si\/","name":"PITT cooking Nederland","description":"Gaspitten rechtstreeks geplaatst in je favoriete werkblad.","publisher":{"@id":"https:\/\/pitt2cdev.7-s.si\/#organization"},"alternateName":"PITT cooking","potentialAction":[{"@type":"SearchAction","target":{"@type":"EntryPoint","urlTemplate":"https:\/\/pitt2cdev.7-s.si\/?s={search_term_string}"},"query-input":{"@type":"PropertyValueSpecification","valueRequired":true,"valueName":"search_term_string"}}],"inLanguage":"sam-SAM"},{"@type":"Organization","@id":"https:\/\/pitt2cdev.7-s.si\/#organization","name":"PITT cooking","alternateName":"PITT cooking","url":"https:\/\/pitt2cdev.7-s.si\/","logo":{"@type":"ImageObject","inLanguage":"sam-SAM","@id":"https:\/\/pitt2cdev.7-s.si\/#\/schema\/logo\/image\/","url":"https:\/\/pitt2cdev.7-s.si\/wp-content\/uploads\/2020\/06\/pitt-logo.svg","contentUrl":"https:\/\/pitt2cdev.7-s.si\/wp-content\/uploads\/2020\/06\/pitt-logo.svg","width":1920,"height":1080,"caption":"PITT cooking"},"image":{"@id":"https:\/\/pitt2cdev.7-s.si\/#\/schema\/logo\/image\/"},"sameAs":["https:\/\/www.facebook.com\/PITTcooking","https:\/\/www.instagram.com\/pittcooking\/","https:\/\/nl.linkedin.com\/company\/pitt-cooking","https:\/\/nl.pinterest.com\/pittcooking\/","https:\/\/www.youtube.com\/user\/PITTcooking"]}]}},"_links":{"self":[{"href":"https:\/\/pitt2cdev.7-s.si\/do\/wp-json\/wp\/v2\/pages\/40630","targetHints":{"allow":["GET"]}}],"collection":[{"href":"https:\/\/pitt2cdev.7-s.si\/do\/wp-json\/wp\/v2\/pages"}],"about":[{"href":"https:\/\/pitt2cdev.7-s.si\/do\/wp-json\/wp\/v2\/types\/page"}],"author":[{"embeddable":true,"href":"https:\/\/pitt2cdev.7-s.si\/do\/wp-json\/wp\/v2\/users\/22"}],"replies":[{"embeddable":true,"href":"https:\/\/pitt2cdev.7-s.si\/do\/wp-json\/wp\/v2\/comments?post=40630"}],"version-history":[{"count":2,"href":"https:\/\/pitt2cdev.7-s.si\/do\/wp-json\/wp\/v2\/pages\/40630\/revisions"}],"predecessor-version":[{"id":40910,"href":"https:\/\/pitt2cdev.7-s.si\/do\/wp-json\/wp\/v2\/pages\/40630\/revisions\/40910"}],"wp:attachment":[{"href":"https:\/\/pitt2cdev.7-s.si\/do\/wp-json\/wp\/v2\/media?parent=40630"}],"curies":[{"name":"wp","href":"https:\/\/api.w.org\/{rel}","templated":true}]}}