{"id":37408,"date":"2016-07-06T08:09:59","date_gmt":"2016-07-06T06:09:59","guid":{"rendered":"https:\/\/pittcooking.com\/registra-tu-unidad-pittcooking\/"},"modified":"2020-09-22T15:02:01","modified_gmt":"2020-09-22T13:02:01","slug":"registra-tu-unidad-pittcooking","status":"publish","type":"page","link":"https:\/\/pitt2cdev.7-s.si\/es\/registra-tu-unidad-pittcooking\/","title":{"rendered":"Registra tu unidad PITT Cooking"},"content":{"rendered":"<div id='full_slider_1'  class='avia-fullwidth-slider main_color avia-shadow   avia-builder-el-0  el_before_av_layout_row  avia-builder-el-first   container_wrap fullsize'  ><div  class='avia-slideshow av-6bp36-d735dbe20b82d4fb2cd2f57ebf812094 avia-slideshow-featured av_slideshow_full avia-slide-slider av-slideshow-ui av-control-default av-slideshow-manual av-loop-once av-loop-manual-endless av-default-height-applied   avia-slideshow-1' data-slideshow-options=\"{&quot;animation&quot;:&quot;slide&quot;,&quot;autoplay&quot;:false,&quot;loop_autoplay&quot;:&quot;once&quot;,&quot;interval&quot;:5,&quot;loop_manual&quot;:&quot;manual-endless&quot;,&quot;autoplay_stopper&quot;:false,&quot;noNavigation&quot;:false,&quot;bg_slider&quot;:false,&quot;keep_padding&quot;:false,&quot;hoverpause&quot;:false,&quot;show_slide_delay&quot;:0}\"  itemprop=\"image\" itemscope=\"itemscope\" itemtype=\"https:\/\/schema.org\/ImageObject\" ><ul class='avia-slideshow-inner ' style='padding-bottom: 28.666666666667%;'><li  class='avia-slideshow-slide av-6bp36-d735dbe20b82d4fb2cd2f57ebf812094__0  av-single-slide slide-1 slide-odd'><div data-rel='slideshow-1' class='avia-slide-wrap '   ><img decoding=\"async\" fetchpriority=\"high\" class=\"wp-image-18594 avia-img-lazy-loading-not-18594\"  src=\"https:\/\/pitt2cdev.7-s.si\/wp-content\/uploads\/2016\/08\/PITT-cooking-Made-in-Holland-Losse-gaspitten-Project-i29-1-1500x430.jpg\" width=\"1500\" height=\"430\" title='pitt-cooking-made-in-holland-losse-gaspitten-project-i29' alt=''  itemprop=\"thumbnailUrl\"   \/><\/div><\/li><\/ul><\/div><\/div>\n<div id='av-layout-grid-1'  class='av-layout-grid-container av-kbqcx5i8-eb65faa61639d6939b54e5ada6b1ecb8 entry-content-wrapper main_color av-flex-cells  avia-builder-el-1  el_after_av_slideshow_full  avia-builder-el-last  content-padding grid-row-not-first  container_wrap fullsize'  >\n\n<style type=\"text\/css\" data-created_by=\"avia_inline_auto\" id=\"style-css-av-kb96a-21f1113a178faf0af3c6fd9c893b7473\">\n.flex_cell.av-kb96a-21f1113a178faf0af3c6fd9c893b7473{\nvertical-align:top;\n}\n.responsive #top #wrap_all .flex_cell.av-kb96a-21f1113a178faf0af3c6fd9c893b7473{\npadding:0px 0px 0px 0px !important;\n}\n<\/style>\n<div class='flex_cell av-kb96a-21f1113a178faf0af3c6fd9c893b7473 av-gridrow-cell av_one_fifth no_margin  avia-builder-el-2  el_before_av_cell_three_fifth  avia-builder-el-first  content-align-top av-zero-padding'  ><div class='flex_cell_inner'><\/div><\/div><div class='flex_cell av-gkhbm-d4faabfa0b3d1df582aee8265c65f515 av-gridrow-cell av_three_fifth no_margin  avia-builder-el-3  el_after_av_cell_one_fifth  el_before_av_cell_one_fifth '  ><div class='flex_cell_inner'>\n<style type=\"text\/css\" data-created_by=\"avia_inline_auto\" id=\"style-css-av-b6efu-fe910d7824a0cb84e685c188eebdd05d\">\n#top .av-special-heading.av-b6efu-fe910d7824a0cb84e685c188eebdd05d{\npadding-bottom:10px;\n}\nbody .av-special-heading.av-b6efu-fe910d7824a0cb84e685c188eebdd05d .av-special-heading-tag .heading-char{\nfont-size:25px;\n}\n.av-special-heading.av-b6efu-fe910d7824a0cb84e685c188eebdd05d .av-subheading{\nfont-size:24px;\n}\n<\/style>\n<div  class='av-special-heading av-b6efu-fe910d7824a0cb84e685c188eebdd05d av-special-heading-h1 blockquote modern-quote  avia-builder-el-4  el_before_av_hr  avia-builder-el-first '><div class='av-subheading av-subheading_above'><p>Registra su unidad PITT Cooking<\/p>\n<\/div><h1 class='av-special-heading-tag '  itemprop=\"headline\"  >Registra tu unidad PITT Cooking<\/h1><div class=\"special-heading-border\"><div class=\"special-heading-inner-border\"><\/div><\/div><\/div><br \/>\n\n<style type=\"text\/css\" data-created_by=\"avia_inline_auto\" id=\"style-css-av-sggqa-ce3d1e81a576db52974ffbd16189c2e7\">\n#top .hr.hr-invisible.av-sggqa-ce3d1e81a576db52974ffbd16189c2e7{\nheight:10px;\n}\n<\/style>\n<div  class='hr av-sggqa-ce3d1e81a576db52974ffbd16189c2e7 hr-invisible  avia-builder-el-5  el_after_av_heading  el_before_av_textblock '><span class='hr-inner '><span class=\"hr-inner-style\"><\/span><\/span><\/div><br \/>\n<section  class='av_textblock_section av-k2qui-68543bdd140d47fc2ec7f96b147b3d31 '   itemscope=\"itemscope\" itemtype=\"https:\/\/schema.org\/CreativeWork\" ><div class='avia_textblock content-text-60'  itemprop=\"text\" ><p>PITT Cooking ofrece una garant\u00eda est\u00e1ndar de dos a\u00f1os.Registra tu unidad en l\u00ednea para extender autom\u00e1ticamente su garant\u00eda por tres a\u00f1os adicionales.Cinco a\u00f1os de cocina sin preocupaciones y sin costo adicional.<\/p>\n<p><em>Para registrar tu unidad, necesitar\u00e1s su n\u00famero de serie. Lo encontrar\u00e1s en la tarjeta de garant\u00eda proporcionada, as\u00ed como en la parte inferior de cada unidad.<\/em><\/p>\n<\/div><\/section><br \/>\n\n<style type=\"text\/css\" data-created_by=\"avia_inline_auto\" id=\"style-css-av-1500wi-cb9a3c1465054bfaf914ed11a6111990\">\n.flex_column.av-1500wi-cb9a3c1465054bfaf914ed11a6111990{\nborder-radius:0px 0px 0px 0px;\npadding:0px 0px 0px 0px;\n}\n<\/style>\n<div  class='flex_column av-1500wi-cb9a3c1465054bfaf914ed11a6111990 av_three_fifth  avia-builder-el-7  el_after_av_textblock  avia-builder-el-last  first flex_column_div av-zero-column-padding  column-top-margin'     ><div  class='avia-button-wrap avia-button-center  avia-builder-el-8  avia-builder-el-no-sibling '>\n<style type=\"text\/css\" data-created_by=\"avia_inline_auto\" id=\"style-css-av-k2x9a5bf-f9a9fb724c06ead3b1720521acc61c52\">\n#top #wrap_all .avia-button.av-k2x9a5bf-f9a9fb724c06ead3b1720521acc61c52{\ncolor:#ffffff;\ntransition:all 0.4s ease-in-out;\n}\n#top #wrap_all .avia-button.av-k2x9a5bf-f9a9fb724c06ead3b1720521acc61c52:hover{\ncolor:#ffffff;\ntransition:all 0.4s ease-in-out;\n}\n#top #wrap_all .avia-button.av-k2x9a5bf-f9a9fb724c06ead3b1720521acc61c52 .avia-svg-icon svg:first-child{\nfill:#ffffff;\nstroke:#ffffff;\n}\n#top #wrap_all .avia-button.av-k2x9a5bf-f9a9fb724c06ead3b1720521acc61c52:hover .avia-svg-icon svg:first-child{\nfill:#ffffff;\nstroke:#ffffff;\n}\n<\/style>\n<a href='https:\/\/pittcooking.typeform.com\/to\/RbYgvR' class='avia-color-theme-color avia-button avia-button-fullwidth av-k2x9a5bf-f9a9fb724c06ead3b1720521acc61c52 avia-icon_select-no avia-color-theme-color'  target=\"_blank\"  rel=\"noopener noreferrer\"  aria-label=\"Haz clic aqu\u00ed para registrar tu unidad  PITT Cooking\"><span class='avia_iconbox_title' >Haz clic aqu\u00ed para registrar tu unidad  PITT Cooking<\/span><span class='avia_button_background avia-button avia-button-fullwidth avia-color-theme-color'><\/span><\/a><\/div><\/div><\/p>\n<\/div><\/div>\n<style type=\"text\/css\" data-created_by=\"avia_inline_auto\" id=\"style-css-av-9pw0a-0d8269b83e66ded94f0d94821be478ae\">\n.flex_cell.av-9pw0a-0d8269b83e66ded94f0d94821be478ae{\nvertical-align:top;\n}\n.responsive #top #wrap_all .flex_cell.av-9pw0a-0d8269b83e66ded94f0d94821be478ae{\npadding:30px 30px 30px 30px !important;\n}\n<\/style>\n<div class='flex_cell av-9pw0a-0d8269b83e66ded94f0d94821be478ae av-gridrow-cell av_one_fifth no_margin  avia-builder-el-9  el_after_av_cell_three_fifth  avia-builder-el-last  content-align-top'  ><div class='flex_cell_inner'><\/div><\/div><\/div>\n","protected":false},"excerpt":{"rendered":"","protected":false},"author":22,"featured_media":0,"parent":0,"menu_order":2,"comment_status":"closed","ping_status":"closed","template":"","meta":{"footnotes":""},"class_list":["post-37408","page","type-page","status-publish","hentry"],"yoast_head":"<!-- This site is optimized with the Yoast SEO plugin v27.0 - https:\/\/yoast.com\/product\/yoast-seo-wordpress\/ -->\n<title>Registra tu unidad PITT Cooking - PITT Cooking<\/title>\n<meta name=\"description\" content=\"Registra tu unidad PITT Cooking - | Een kookopstelling die bij jou past. Rechtstreeks ge\u00efntegreerd in jouw favoriete aanrechtblad. PITT Cooking Nederland is...\" \/>\n<meta name=\"robots\" content=\"index, follow, max-snippet:-1, max-image-preview:large, max-video-preview:-1\" \/>\n<link rel=\"canonical\" href=\"https:\/\/pitt2cdev.7-s.si\/es\/registra-tu-unidad-pittcooking\/\" \/>\n<meta property=\"og:locale\" content=\"es_ES\" \/>\n<meta property=\"og:type\" content=\"article\" \/>\n<meta property=\"og:title\" content=\"Registra tu unidad PITT Cooking - PITT Cooking\" \/>\n<meta property=\"og:description\" content=\"Registra tu unidad PITT Cooking - | Een kookopstelling die bij jou past. Rechtstreeks ge\u00efntegreerd in jouw favoriete aanrechtblad. PITT Cooking Nederland is...\" \/>\n<meta property=\"og:url\" content=\"https:\/\/pitt2cdev.7-s.si\/es\/registra-tu-unidad-pittcooking\/\" \/>\n<meta property=\"og:site_name\" content=\"PITT Cooking\" \/>\n<meta property=\"article:publisher\" content=\"https:\/\/www.facebook.com\/PITTcooking\" \/>\n<meta property=\"article:modified_time\" content=\"2020-09-22T13:02:01+00:00\" \/>\n<meta property=\"og:image\" content=\"https:\/\/pitt2cdev.7-s.si\/wp-content\/uploads\/2020\/09\/Slider-Cesar-Maxima.jpg\" \/>\n\t<meta property=\"og:image:width\" content=\"1242\" \/>\n\t<meta property=\"og:image:height\" content=\"1171\" \/>\n\t<meta property=\"og:image:type\" content=\"image\/jpeg\" \/>\n<script type=\"application\/ld+json\" class=\"yoast-schema-graph\">{\"@context\":\"https:\/\/schema.org\",\"@graph\":[{\"@type\":\"WebPage\",\"@id\":\"https:\/\/pitt2cdev.7-s.si\/es\/registra-tu-unidad-pittcooking\/\",\"url\":\"https:\/\/pitt2cdev.7-s.si\/es\/registra-tu-unidad-pittcooking\/\",\"name\":\"Registra tu unidad PITT Cooking - PITT Cooking\",\"isPartOf\":{\"@id\":\"https:\/\/pitt2cdev.7-s.si\/#website\"},\"datePublished\":\"2016-07-06T06:09:59+00:00\",\"dateModified\":\"2020-09-22T13:02:01+00:00\",\"description\":\"Registra tu unidad PITT Cooking - | Een kookopstelling die bij jou past. Rechtstreeks ge\u00efntegreerd in jouw favoriete aanrechtblad. PITT Cooking Nederland is...\",\"breadcrumb\":{\"@id\":\"https:\/\/pitt2cdev.7-s.si\/es\/registra-tu-unidad-pittcooking\/#breadcrumb\"},\"inLanguage\":\"es\",\"potentialAction\":[{\"@type\":\"ReadAction\",\"target\":[\"https:\/\/pitt2cdev.7-s.si\/es\/registra-tu-unidad-pittcooking\/\"]}]},{\"@type\":\"BreadcrumbList\",\"@id\":\"https:\/\/pitt2cdev.7-s.si\/es\/registra-tu-unidad-pittcooking\/#breadcrumb\",\"itemListElement\":[{\"@type\":\"ListItem\",\"position\":1,\"name\":\"Hogar\",\"item\":\"https:\/\/pitt2cdev.7-s.si\/es\/\"},{\"@type\":\"ListItem\",\"position\":2,\"name\":\"Registra tu unidad PITT cooking\"}]},{\"@type\":\"WebSite\",\"@id\":\"https:\/\/pitt2cdev.7-s.si\/#website\",\"url\":\"https:\/\/pitt2cdev.7-s.si\/\",\"name\":\"PITT cooking Nederland\",\"description\":\"Gaspitten rechtstreeks geplaatst in je favoriete werkblad.\",\"publisher\":{\"@id\":\"https:\/\/pitt2cdev.7-s.si\/#organization\"},\"alternateName\":\"PITT cooking\",\"potentialAction\":[{\"@type\":\"SearchAction\",\"target\":{\"@type\":\"EntryPoint\",\"urlTemplate\":\"https:\/\/pitt2cdev.7-s.si\/?s={search_term_string}\"},\"query-input\":{\"@type\":\"PropertyValueSpecification\",\"valueRequired\":true,\"valueName\":\"search_term_string\"}}],\"inLanguage\":\"es\"},{\"@type\":\"Organization\",\"@id\":\"https:\/\/pitt2cdev.7-s.si\/#organization\",\"name\":\"PITT cooking\",\"alternateName\":\"PITT cooking\",\"url\":\"https:\/\/pitt2cdev.7-s.si\/\",\"logo\":{\"@type\":\"ImageObject\",\"inLanguage\":\"es\",\"@id\":\"https:\/\/pitt2cdev.7-s.si\/#\/schema\/logo\/image\/\",\"url\":\"https:\/\/pitt2cdev.7-s.si\/wp-content\/uploads\/2020\/06\/pitt-logo.svg\",\"contentUrl\":\"https:\/\/pitt2cdev.7-s.si\/wp-content\/uploads\/2020\/06\/pitt-logo.svg\",\"width\":1920,\"height\":1080,\"caption\":\"PITT cooking\"},\"image\":{\"@id\":\"https:\/\/pitt2cdev.7-s.si\/#\/schema\/logo\/image\/\"},\"sameAs\":[\"https:\/\/www.facebook.com\/PITTcooking\",\"https:\/\/www.instagram.com\/pittcooking\/\",\"https:\/\/nl.linkedin.com\/company\/pitt-cooking\",\"https:\/\/nl.pinterest.com\/pittcooking\/\",\"https:\/\/www.youtube.com\/user\/PITTcooking\"]}]}<\/script>\n<!-- \/ Yoast SEO plugin. -->","yoast_head_json":{"title":"Registra tu unidad PITT Cooking - PITT Cooking","description":"Registra tu unidad PITT Cooking - | Een kookopstelling die bij jou past. Rechtstreeks ge\u00efntegreerd in jouw favoriete aanrechtblad. PITT Cooking Nederland is...","robots":{"index":"index","follow":"follow","max-snippet":"max-snippet:-1","max-image-preview":"max-image-preview:large","max-video-preview":"max-video-preview:-1"},"canonical":"https:\/\/pitt2cdev.7-s.si\/es\/registra-tu-unidad-pittcooking\/","og_locale":"es_ES","og_type":"article","og_title":"Registra tu unidad PITT Cooking - PITT Cooking","og_description":"Registra tu unidad PITT Cooking - | Een kookopstelling die bij jou past. Rechtstreeks ge\u00efntegreerd in jouw favoriete aanrechtblad. PITT Cooking Nederland is...","og_url":"https:\/\/pitt2cdev.7-s.si\/es\/registra-tu-unidad-pittcooking\/","og_site_name":"PITT Cooking","article_publisher":"https:\/\/www.facebook.com\/PITTcooking","article_modified_time":"2020-09-22T13:02:01+00:00","og_image":[{"width":1242,"height":1171,"url":"https:\/\/pitt2cdev.7-s.si\/wp-content\/uploads\/2020\/09\/Slider-Cesar-Maxima.jpg","type":"image\/jpeg"}],"schema":{"@context":"https:\/\/schema.org","@graph":[{"@type":"WebPage","@id":"https:\/\/pitt2cdev.7-s.si\/es\/registra-tu-unidad-pittcooking\/","url":"https:\/\/pitt2cdev.7-s.si\/es\/registra-tu-unidad-pittcooking\/","name":"Registra tu unidad PITT Cooking - PITT Cooking","isPartOf":{"@id":"https:\/\/pitt2cdev.7-s.si\/#website"},"datePublished":"2016-07-06T06:09:59+00:00","dateModified":"2020-09-22T13:02:01+00:00","description":"Registra tu unidad PITT Cooking - | Een kookopstelling die bij jou past. Rechtstreeks ge\u00efntegreerd in jouw favoriete aanrechtblad. PITT Cooking Nederland is...","breadcrumb":{"@id":"https:\/\/pitt2cdev.7-s.si\/es\/registra-tu-unidad-pittcooking\/#breadcrumb"},"inLanguage":"es","potentialAction":[{"@type":"ReadAction","target":["https:\/\/pitt2cdev.7-s.si\/es\/registra-tu-unidad-pittcooking\/"]}]},{"@type":"BreadcrumbList","@id":"https:\/\/pitt2cdev.7-s.si\/es\/registra-tu-unidad-pittcooking\/#breadcrumb","itemListElement":[{"@type":"ListItem","position":1,"name":"Hogar","item":"https:\/\/pitt2cdev.7-s.si\/es\/"},{"@type":"ListItem","position":2,"name":"Registra tu unidad PITT cooking"}]},{"@type":"WebSite","@id":"https:\/\/pitt2cdev.7-s.si\/#website","url":"https:\/\/pitt2cdev.7-s.si\/","name":"PITT cooking Nederland","description":"Gaspitten rechtstreeks geplaatst in je favoriete werkblad.","publisher":{"@id":"https:\/\/pitt2cdev.7-s.si\/#organization"},"alternateName":"PITT cooking","potentialAction":[{"@type":"SearchAction","target":{"@type":"EntryPoint","urlTemplate":"https:\/\/pitt2cdev.7-s.si\/?s={search_term_string}"},"query-input":{"@type":"PropertyValueSpecification","valueRequired":true,"valueName":"search_term_string"}}],"inLanguage":"es"},{"@type":"Organization","@id":"https:\/\/pitt2cdev.7-s.si\/#organization","name":"PITT cooking","alternateName":"PITT cooking","url":"https:\/\/pitt2cdev.7-s.si\/","logo":{"@type":"ImageObject","inLanguage":"es","@id":"https:\/\/pitt2cdev.7-s.si\/#\/schema\/logo\/image\/","url":"https:\/\/pitt2cdev.7-s.si\/wp-content\/uploads\/2020\/06\/pitt-logo.svg","contentUrl":"https:\/\/pitt2cdev.7-s.si\/wp-content\/uploads\/2020\/06\/pitt-logo.svg","width":1920,"height":1080,"caption":"PITT cooking"},"image":{"@id":"https:\/\/pitt2cdev.7-s.si\/#\/schema\/logo\/image\/"},"sameAs":["https:\/\/www.facebook.com\/PITTcooking","https:\/\/www.instagram.com\/pittcooking\/","https:\/\/nl.linkedin.com\/company\/pitt-cooking","https:\/\/nl.pinterest.com\/pittcooking\/","https:\/\/www.youtube.com\/user\/PITTcooking"]}]}},"_links":{"self":[{"href":"https:\/\/pitt2cdev.7-s.si\/es\/wp-json\/wp\/v2\/pages\/37408","targetHints":{"allow":["GET"]}}],"collection":[{"href":"https:\/\/pitt2cdev.7-s.si\/es\/wp-json\/wp\/v2\/pages"}],"about":[{"href":"https:\/\/pitt2cdev.7-s.si\/es\/wp-json\/wp\/v2\/types\/page"}],"author":[{"embeddable":true,"href":"https:\/\/pitt2cdev.7-s.si\/es\/wp-json\/wp\/v2\/users\/22"}],"replies":[{"embeddable":true,"href":"https:\/\/pitt2cdev.7-s.si\/es\/wp-json\/wp\/v2\/comments?post=37408"}],"version-history":[{"count":2,"href":"https:\/\/pitt2cdev.7-s.si\/es\/wp-json\/wp\/v2\/pages\/37408\/revisions"}],"predecessor-version":[{"id":37410,"href":"https:\/\/pitt2cdev.7-s.si\/es\/wp-json\/wp\/v2\/pages\/37408\/revisions\/37410"}],"wp:attachment":[{"href":"https:\/\/pitt2cdev.7-s.si\/es\/wp-json\/wp\/v2\/media?parent=37408"}],"curies":[{"name":"wp","href":"https:\/\/api.w.org\/{rel}","templated":true}]}}