{"id":67043,"date":"2025-04-14T09:24:12","date_gmt":"2025-04-14T07:24:12","guid":{"rendered":"https:\/\/pittcooking.com\/dealers-induction\/"},"modified":"2025-09-02T14:53:36","modified_gmt":"2025-09-02T12:53:36","slug":"jalleenmyyjat-induktio","status":"publish","type":"page","link":"https:\/\/pitt2cdev.7-s.si\/fi\/jalleenmyyjat-induktio\/","title":{"rendered":"J\u00e4lleenmyyj\u00e4t induktio"},"content":{"rendered":"<div id='av-layout-grid-1'  class='av-layout-grid-container av-9umx46-b950f779b40726aa385299c692b387cd entry-content-wrapper main_color av-flex-cells  avia-builder-el-0  avia-builder-el-no-sibling  content-padding  container_wrap fullsize'  >\n\n<style type=\"text\/css\" data-created_by=\"avia_inline_auto\" id=\"style-css-av-7rpimu-3c8405b3a960bb7af9b4f28af6542c21\">\n.flex_cell.av-7rpimu-3c8405b3a960bb7af9b4f28af6542c21{\nvertical-align:top;\n}\n.responsive #top #wrap_all .flex_cell.av-7rpimu-3c8405b3a960bb7af9b4f28af6542c21{\npadding:0px 0px 0px 0px !important;\n}\n<\/style>\n<div class='flex_cell av-7rpimu-3c8405b3a960bb7af9b4f28af6542c21 av-gridrow-cell av_one_fifth no_margin  avia-builder-el-1  el_before_av_cell_three_fifth  avia-builder-el-first  content-align-top av-zero-padding'  ><div class='flex_cell_inner'><\/div><\/div><div class='flex_cell av-5wf3ue-54970b3ceb2ae8ef060682acb26abf58 av-gridrow-cell av_three_fifth no_margin  avia-builder-el-2  el_after_av_cell_one_fifth  el_before_av_cell_one_fifth '  ><div class='flex_cell_inner'><p>\n<style type=\"text\/css\" data-created_by=\"avia_inline_auto\" id=\"style-css-av-2kgwli-e449e3136ff756d9a89d9a8ac4badd08\">\n#top .av-special-heading.av-2kgwli-e449e3136ff756d9a89d9a8ac4badd08{\npadding-bottom:10px;\n}\nbody .av-special-heading.av-2kgwli-e449e3136ff756d9a89d9a8ac4badd08 .av-special-heading-tag .heading-char{\nfont-size:25px;\n}\n.av-special-heading.av-2kgwli-e449e3136ff756d9a89d9a8ac4badd08 .av-subheading{\nfont-size:24px;\n}\n<\/style>\n<div  class='av-special-heading av-2kgwli-e449e3136ff756d9a89d9a8ac4badd08 av-special-heading-h1 blockquote modern-quote  avia-builder-el-3  el_before_av_textblock  avia-builder-el-first '><div class='av-subheading av-subheading_above'><p>Always close-by<\/p>\n<\/div><h1 class='av-special-heading-tag '  itemprop=\"headline\"  >Find a dealer<\/h1><div class=\"special-heading-border\"><div class=\"special-heading-inner-border\"><\/div><\/div><\/div><br \/>\n<section  class='av_textblock_section av-jq34p2-5d1efc25e080ac9a3d402490cd1dba0b '   itemscope=\"itemscope\" itemtype=\"https:\/\/schema.org\/CreativeWork\" ><div class='avia_textblock'  itemprop=\"text\" ><p>Is your favorite kitchen store or interior designer not on this list yet?<br data-start=\"73\" data-end=\"76\" \/>No worries \u2014 feel free to have them get in touch via the <a href=\"https:\/\/pitt2cdev.7-s.si\/fi\/contact\/\">contact form<\/a>.<\/p>\n<\/div><\/section><br \/>\n<section  class='av_textblock_section av-m9gqzbv7-26c90aaa7d2ffe8399ad6d627c7ec8ba '   itemscope=\"itemscope\" itemtype=\"https:\/\/schema.org\/CreativeWork\" ><div class='avia_textblock'  itemprop=\"text\" >\r\n            <style>.wpgmza_table_category { display: none !important; }<\/style><style>.wpgmza_table_marker { display: none; }<\/style><style>.wpgmza_table_description { display: none; }<\/style>\r\n            \r\n            \r\n            <a name='map3'><\/a>\r\n            \r\n            \r\n            <div class=\"wpgmza-store-locator wpgmza_sl_main_div\" data-id=\"3\">\r\n\t<div class=\"wpgmza-address-container wpgmza-form-field wpgmza_sl_query_div\">\r\n\t\t<label class=\"wpgmza-address wpgmza-form-field__label wpgmza-form-field__label--float\" data-name=\"addressLabel\" for=\"addressInput_3\">ZIP \/ Address:<\/label>\r\n\t\t<input class=\"wpgmza-address addressInput\" type=\"text\" placeholder=\"Enter a location\" autocomplete=\"off\" data-name=\"defaultAddress\" value=\"\" id=\"addressInput_3\" size=\"20\" aria-label=\"ZIP \/ Address:\">\r\n\t<\/div>\r\n\t\r\n\t<div class=\"wpgmza-radius-container wpgmza-form-field wpgmza_sl_radius_div wpgmza-clearfix\">\r\n\t\t<label class=\"wpgmza-radius wpgmza-form-field__label wpgmza-form-field__label--float\" for=\"radiusSelect_3\">\r\n\t\t\tRadius:\t\t<\/label>\r\n\t\t<select class=\"wpgmza-radius wpgmza-form-field__input wpgmza_sl_radius_select\" id=\"radiusSelect_3\" aria-label=\"Radius:\"><option class=\"wpgmza-radius wpgmza_sl_select_option\" value=\"1\">1km<\/option><option class=\"wpgmza-radius wpgmza_sl_select_option\" value=\"5\">5km<\/option><option class=\"wpgmza-radius wpgmza_sl_select_option\" value=\"10\" selected>10km<\/option><option class=\"wpgmza-radius wpgmza_sl_select_option\" value=\"25\">25km<\/option><option class=\"wpgmza-radius wpgmza_sl_select_option\" value=\"50\">50km<\/option><option class=\"wpgmza-radius wpgmza_sl_select_option\" value=\"75\">75km<\/option><option class=\"wpgmza-radius wpgmza_sl_select_option\" value=\"100\">100km<\/option><option class=\"wpgmza-radius wpgmza_sl_select_option\" value=\"150\">150km<\/option><option class=\"wpgmza-radius wpgmza_sl_select_option\" value=\"200\">200km<\/option><option class=\"wpgmza-radius wpgmza_sl_select_option\" value=\"300\">300km<\/option><\/select>\r\n\t<\/div>\r\n\t\r\n\t<div class=\"wpgmza-search wpgmza_sl_search_button_div\"><input class=\"wpgmza-search wpgmza_sl_search_button_3\" value=\"Search\" type=\"button\" onclick=\"searchLocations(3)\" mid=\"3\"><\/div>\r\n\t\r\n\t<div class=\"wpgmza-reset wpgmza_sl_reset_button_div\">\r\n\t<input class=\"wpgmza-reset wpgmza_sl_reset_button_3\" type=\"button\" value=\"Reset\" mid=\"3\" onclick=\"resetLocations(3)\">\r\n<\/div><div class=\"wpgmza-no-results wpgmza-not-found-msg js-not-found-msg\" style=\"display: none;\">\r\n\t\t<p data-name=\"notFoundMessage\">No results found in this location. Please try again.<\/p>\r\n\t<\/div>\r\n<\/div>\r\n            \r\n            <div class=\"wpgmza_map \"  id=\"wpgmza_map_3\" style=\"display:block; overflow:auto; width:100%; height:700px; float:left;\" data-settings='{\"id\":\"3\",\"map_title\":\"New Map\",\"map_width\":\"100\",\"map_height\":\"700\",\"map_start_lat\":\"52.240117805021484\",\"map_start_lng\":\"5.152811524513807\",\"map_start_location\":\"\",\"map_start_zoom\":\"9\",\"default_marker\":\"\",\"type\":\"1\",\"alignment\":\"0\",\"directions_enabled\":\"0\",\"styling_enabled\":\"0\",\"styling_json\":\"\",\"active\":\"0\",\"kml\":\"\",\"bicycle\":\"0\",\"traffic\":\"0\",\"dbox\":\"1\",\"dbox_width\":\"100\",\"listmarkers\":\"0\",\"listmarkers_advanced\":\"0\",\"filterbycat\":\"0\",\"ugm_enabled\":\"0\",\"ugm_category_enabled\":\"0\",\"fusion\":\"\",\"map_width_type\":\"%\",\"map_height_type\":\"px\",\"mass_marker_support\":\"0\",\"ugm_access\":\"0\",\"order_markers_by\":\"2\",\"order_markers_choice\":\"2\",\"show_user_location\":\"0\",\"default_to\":\"\",\"other_settings\":{\"route\":\"\\\/maps\\\/\",\"map_type\":1,\"sl_stroke_color\":\"#e3ccab\",\"sl_fill_color\":\"#decbaf\",\"sl_stroke_opacity\":\"1\",\"sl_fill_opacity\":\"0.5\",\"transport_layer\":false,\"action\":\"wpgmza_save_map\",\"redirect_to\":\"\\\/wp-admin\\\/admin-post.php\",\"map_id\":\"3\",\"http_referer\":\"\\\/wp-admin\\\/admin.php?page=wp-google-maps-menu&amp;amp;action=edit&amp;amp;map_id=3\",\"wpgmza_id\":\"3\",\"wpgmza_start_location\":\"52.240117805021484,5.152811524513807\",\"wpgmza_start_zoom\":\"9\",\"wpgmza_theme_data\":\"[{\\\"featureType\\\":\\\"landscape\\\",\\\"stylers\\\":[{\\\"saturation\\\":-100},{\\\"lightness\\\":65},{\\\"visibility\\\":\\\"on\\\"}]},{\\\"featureType\\\":\\\"poi\\\",\\\"stylers\\\":[{\\\"saturation\\\":-100},{\\\"lightness\\\":51},{\\\"visibility\\\":\\\"simplified\\\"}]},{\\\"featureType\\\":\\\"road.highway\\\",\\\"stylers\\\":[{\\\"saturation\\\":-100},{\\\"visibility\\\":\\\"simplified\\\"}]},{\\\"featureType\\\":\\\"road.arterial\\\",\\\"stylers\\\":[{\\\"saturation\\\":-100},{\\\"lightness\\\":30},{\\\"visibility\\\":\\\"on\\\"}]},{\\\"featureType\\\":\\\"road.local\\\",\\\"stylers\\\":[{\\\"saturation\\\":-100},{\\\"lightness\\\":40},{\\\"visibility\\\":\\\"on\\\"}]},{\\\"featureType\\\":\\\"transit\\\",\\\"stylers\\\":[{\\\"saturation\\\":-100},{\\\"visibility\\\":\\\"simplified\\\"}]},{\\\"featureType\\\":\\\"administrative.province\\\",\\\"stylers\\\":[{\\\"visibility\\\":\\\"off\\\"}]},{\\\"featureType\\\":\\\"water\\\",\\\"elementType\\\":\\\"labels\\\",\\\"stylers\\\":[{\\\"visibility\\\":\\\"on\\\"},{\\\"lightness\\\":-25},{\\\"saturation\\\":-100}]},{\\\"featureType\\\":\\\"water\\\",\\\"elementType\\\":\\\"geometry\\\",\\\"stylers\\\":[{\\\"hue\\\":\\\"#ffff00\\\"},{\\\"lightness\\\":-25},{\\\"saturation\\\":-97}]}]\",\"wpgmza_dbox_width_type\":\"%\",\"default_from\":\"\",\"directions_behaviour\":\"default\",\"force_google_directions_app\":false,\"directions_route_origin_icon\":\"https:\\\/\\\/pitt2cdev.7-s.si\\\/wp-content\\\/plugins\\\/wp-google-maps\\\/images\\\/spotlight-poi3.png\",\"directions_origin_retina\":false,\"directions_route_destination_icon\":\"https:\\\/\\\/pitt2cdev.7-s.si\\\/wp-content\\\/plugins\\\/wp-google-maps\\\/images\\\/spotlight-poi3.png\",\"directions_destination_retina\":false,\"directions_route_stroke_color\":\"#4f8df5\",\"directions_route_stroke_weight\":\"4\",\"directions_route_stroke_opacity\":\"0.8\",\"directions_fit_bounds_to_route\":false,\"store_locator_enabled\":true,\"store_locator_search_area\":\"auto\",\"wpgmza_store_locator_radius_style\":\"modern\",\"wpgmza_store_locator_default_radius\":\"10\",\"store_locator_auto_area_max_zoom\":\"\",\"wpgmza_store_locator_restrict\":\"\",\"store_locator_distance\":false,\"wpgmza_store_locator_position\":false,\"store_locator_show_distance\":false,\"store_locator_category\":false,\"wpgmza_store_locator_use_their_location\":false,\"wpgmza_store_locator_bounce\":false,\"upload_default_sl_marker\":\"\",\"upload_default_sl_marker_retina\":false,\"wpgmza_sl_animation\":\"0\",\"wpgmza_store_locator_hide_before_search\":false,\"store_locator_query_string\":\"\",\"store_locator_location_placeholder\":\"\",\"store_locator_default_address\":\"\",\"store_locator_name_search\":false,\"store_locator_name_string\":\"\",\"store_locator_not_found_message\":\"\",\"retina\":false,\"wpgmza_map_align\":\"1\",\"upload_default_ul_marker\":\"\",\"upload_default_ul_marker_retina\":false,\"jump_to_nearest_marker_on_initialization\":false,\"automatically_pan_to_users_location\":false,\"override_users_location_zoom_level\":false,\"override_users_location_zoom_levels\":\"\",\"show_distance_from_location\":false,\"map_max_zoom\":\"21\",\"map_min_zoom\":\"0\",\"click_open_link\":false,\"fit_maps_bounds_to_markers\":false,\"fit_maps_bounds_to_markers_after_filtering\":false,\"hide_point_of_interest\":false,\"wpgmza_zoom_on_marker_click\":false,\"wpgmza_zoom_on_marker_click_slider\":\"\",\"close_infowindow_on_map_click\":false,\"disable_lightbox_images\":false,\"use_Raw_Jpeg_Coordinates\":false,\"polygon_labels\":false,\"disable_polygon_info_windows\":false,\"enable_advanced_custom_fields_integration\":false,\"enable_toolset_woocommerce_integration\":false,\"enable_woo_product_integration\":false,\"enable_marker_labels\":false,\"only_load_markers_within_viewport\":false,\"zoom_level_mobile_override_enabled\":false,\"zoom_level_mobile_override\":\"\",\"iw_primary_color\":\"#000000\",\"iw_accent_color\":\"#000000\",\"iw_text_color\":\"#000000\",\"wpgmza_listmarkers_by\":\"0\",\"wpgmza_marker_listing_position\":false,\"wpgmza_push_in_map\":false,\"wpgmza_push_in_map_placement\":\"1\",\"wpgmza_push_in_map_width\":\"\",\"wpgmza_push_in_map_height\":\"\",\"zoom_level_on_marker_listing_override\":false,\"zoom_level_on_marker_listing_click\":\"\",\"marker_listing_disable_zoom\":false,\"datatable_no_result_message\":\"\",\"remove_search_box_datables\":false,\"dataTable_pagination_style\":\"default\",\"datatable_search_string\":\"\",\"datatable_result_start\":\"\",\"datatable_result_of\":\"\",\"datatable_result_to\":\"\",\"datatable_result_total\":\"\",\"datatable_result_show\":\"\",\"datatable_result_entries\":\"\",\"wpgmza_savemap\":\"Save Map \\u00bb\",\"wpgmza_theme\":\"3\",\"shortcodeAttributes\":{\"id\":\"3\"}}}' data-map-id='3' data-shortcode-attributes='{\"id\":\"3\"}'> <\/div>\r\n            \r\n               \r\n        \n<\/div><\/section><\/p>\n<\/div><\/div>\n<style type=\"text\/css\" data-created_by=\"avia_inline_auto\" id=\"style-css-av-2na2km-48b33f718015322ac60392437031ab37\">\n.flex_cell.av-2na2km-48b33f718015322ac60392437031ab37{\nvertical-align:top;\n}\n.responsive #top #wrap_all .flex_cell.av-2na2km-48b33f718015322ac60392437031ab37{\npadding:30px 30px 30px 30px !important;\n}\n<\/style>\n<div class='flex_cell av-2na2km-48b33f718015322ac60392437031ab37 av-gridrow-cell av_one_fifth no_margin  avia-builder-el-6  el_after_av_cell_three_fifth  avia-builder-el-last  content-align-top'  ><div class='flex_cell_inner'><\/div><\/div><\/div>\n","protected":false},"excerpt":{"rendered":"","protected":false},"author":37,"featured_media":0,"parent":0,"menu_order":2,"comment_status":"closed","ping_status":"closed","template":"","meta":{"footnotes":""},"class_list":["post-67043","page","type-page","status-publish","hentry"],"yoast_head":"<!-- This site is optimized with the Yoast SEO plugin v27.0 - https:\/\/yoast.com\/product\/yoast-seo-wordpress\/ -->\n<title>J\u00e4lleenmyyj\u00e4t induktio - PITT Cooking<\/title>\n<meta name=\"description\" content=\"J\u00e4lleenmyyj\u00e4t induktio - | Een kookopstelling die bij jou past. Rechtstreeks ge\u00efntegreerd in jouw favoriete aanrechtblad. PITT Cooking Nederland is...\" \/>\n<meta name=\"robots\" content=\"index, follow, max-snippet:-1, max-image-preview:large, max-video-preview:-1\" \/>\n<link rel=\"canonical\" href=\"https:\/\/pitt2cdev.7-s.si\/fi\/jalleenmyyjat-induktio\/\" \/>\n<meta property=\"og:locale\" content=\"fi_FI\" \/>\n<meta property=\"og:type\" content=\"article\" \/>\n<meta property=\"og:title\" content=\"J\u00e4lleenmyyj\u00e4t induktio - PITT Cooking\" \/>\n<meta property=\"og:description\" content=\"J\u00e4lleenmyyj\u00e4t induktio - | Een kookopstelling die bij jou past. Rechtstreeks ge\u00efntegreerd in jouw favoriete aanrechtblad. PITT Cooking Nederland is...\" \/>\n<meta property=\"og:url\" content=\"https:\/\/pitt2cdev.7-s.si\/fi\/jalleenmyyjat-induktio\/\" \/>\n<meta property=\"og:site_name\" content=\"PITT Cooking\" \/>\n<meta property=\"article:publisher\" content=\"https:\/\/www.facebook.com\/PITTcooking\" \/>\n<meta property=\"article:modified_time\" content=\"2025-09-02T12:53:36+00:00\" \/>\n<meta property=\"og:image\" content=\"https:\/\/pitt2cdev.7-s.si\/wp-content\/uploads\/2020\/09\/Slider-Cesar-Maxima.jpg\" \/>\n\t<meta property=\"og:image:width\" content=\"1242\" \/>\n\t<meta property=\"og:image:height\" content=\"1171\" \/>\n\t<meta property=\"og:image:type\" content=\"image\/jpeg\" \/>\n<script type=\"application\/ld+json\" class=\"yoast-schema-graph\">{\"@context\":\"https:\/\/schema.org\",\"@graph\":[{\"@type\":\"WebPage\",\"@id\":\"https:\/\/pitt2cdev.7-s.si\/fi\/jalleenmyyjat-induktio\/\",\"url\":\"https:\/\/pitt2cdev.7-s.si\/fi\/jalleenmyyjat-induktio\/\",\"name\":\"J\u00e4lleenmyyj\u00e4t induktio - PITT Cooking\",\"isPartOf\":{\"@id\":\"https:\/\/pitt2cdev.7-s.si\/#website\"},\"datePublished\":\"2025-04-14T07:24:12+00:00\",\"dateModified\":\"2025-09-02T12:53:36+00:00\",\"description\":\"J\u00e4lleenmyyj\u00e4t induktio - | Een kookopstelling die bij jou past. Rechtstreeks ge\u00efntegreerd in jouw favoriete aanrechtblad. PITT Cooking Nederland is...\",\"breadcrumb\":{\"@id\":\"https:\/\/pitt2cdev.7-s.si\/fi\/jalleenmyyjat-induktio\/#breadcrumb\"},\"inLanguage\":\"fi\",\"potentialAction\":[{\"@type\":\"ReadAction\",\"target\":[\"https:\/\/pitt2cdev.7-s.si\/fi\/jalleenmyyjat-induktio\/\"]}]},{\"@type\":\"BreadcrumbList\",\"@id\":\"https:\/\/pitt2cdev.7-s.si\/fi\/jalleenmyyjat-induktio\/#breadcrumb\",\"itemListElement\":[{\"@type\":\"ListItem\",\"position\":1,\"name\":\"Home\",\"item\":\"https:\/\/pitt2cdev.7-s.si\/fi\/\"},{\"@type\":\"ListItem\",\"position\":2,\"name\":\"J\u00e4lleenmyyj\u00e4t induktio\"}]},{\"@type\":\"WebSite\",\"@id\":\"https:\/\/pitt2cdev.7-s.si\/#website\",\"url\":\"https:\/\/pitt2cdev.7-s.si\/\",\"name\":\"PITT cooking Nederland\",\"description\":\"Gaspitten rechtstreeks geplaatst in je favoriete werkblad.\",\"publisher\":{\"@id\":\"https:\/\/pitt2cdev.7-s.si\/#organization\"},\"alternateName\":\"PITT cooking\",\"potentialAction\":[{\"@type\":\"SearchAction\",\"target\":{\"@type\":\"EntryPoint\",\"urlTemplate\":\"https:\/\/pitt2cdev.7-s.si\/?s={search_term_string}\"},\"query-input\":{\"@type\":\"PropertyValueSpecification\",\"valueRequired\":true,\"valueName\":\"search_term_string\"}}],\"inLanguage\":\"fi\"},{\"@type\":\"Organization\",\"@id\":\"https:\/\/pitt2cdev.7-s.si\/#organization\",\"name\":\"PITT cooking\",\"alternateName\":\"PITT cooking\",\"url\":\"https:\/\/pitt2cdev.7-s.si\/\",\"logo\":{\"@type\":\"ImageObject\",\"inLanguage\":\"fi\",\"@id\":\"https:\/\/pitt2cdev.7-s.si\/#\/schema\/logo\/image\/\",\"url\":\"https:\/\/pitt2cdev.7-s.si\/wp-content\/uploads\/2020\/06\/pitt-logo.svg\",\"contentUrl\":\"https:\/\/pitt2cdev.7-s.si\/wp-content\/uploads\/2020\/06\/pitt-logo.svg\",\"width\":1920,\"height\":1080,\"caption\":\"PITT cooking\"},\"image\":{\"@id\":\"https:\/\/pitt2cdev.7-s.si\/#\/schema\/logo\/image\/\"},\"sameAs\":[\"https:\/\/www.facebook.com\/PITTcooking\",\"https:\/\/www.instagram.com\/pittcooking\/\",\"https:\/\/nl.linkedin.com\/company\/pitt-cooking\",\"https:\/\/nl.pinterest.com\/pittcooking\/\",\"https:\/\/www.youtube.com\/user\/PITTcooking\"]}]}<\/script>\n<!-- \/ Yoast SEO plugin. -->","yoast_head_json":{"title":"J\u00e4lleenmyyj\u00e4t induktio - PITT Cooking","description":"J\u00e4lleenmyyj\u00e4t induktio - | Een kookopstelling die bij jou past. Rechtstreeks ge\u00efntegreerd in jouw favoriete aanrechtblad. PITT Cooking Nederland is...","robots":{"index":"index","follow":"follow","max-snippet":"max-snippet:-1","max-image-preview":"max-image-preview:large","max-video-preview":"max-video-preview:-1"},"canonical":"https:\/\/pitt2cdev.7-s.si\/fi\/jalleenmyyjat-induktio\/","og_locale":"fi_FI","og_type":"article","og_title":"J\u00e4lleenmyyj\u00e4t induktio - PITT Cooking","og_description":"J\u00e4lleenmyyj\u00e4t induktio - | Een kookopstelling die bij jou past. Rechtstreeks ge\u00efntegreerd in jouw favoriete aanrechtblad. PITT Cooking Nederland is...","og_url":"https:\/\/pitt2cdev.7-s.si\/fi\/jalleenmyyjat-induktio\/","og_site_name":"PITT Cooking","article_publisher":"https:\/\/www.facebook.com\/PITTcooking","article_modified_time":"2025-09-02T12:53:36+00:00","og_image":[{"width":1242,"height":1171,"url":"https:\/\/pitt2cdev.7-s.si\/wp-content\/uploads\/2020\/09\/Slider-Cesar-Maxima.jpg","type":"image\/jpeg"}],"schema":{"@context":"https:\/\/schema.org","@graph":[{"@type":"WebPage","@id":"https:\/\/pitt2cdev.7-s.si\/fi\/jalleenmyyjat-induktio\/","url":"https:\/\/pitt2cdev.7-s.si\/fi\/jalleenmyyjat-induktio\/","name":"J\u00e4lleenmyyj\u00e4t induktio - PITT Cooking","isPartOf":{"@id":"https:\/\/pitt2cdev.7-s.si\/#website"},"datePublished":"2025-04-14T07:24:12+00:00","dateModified":"2025-09-02T12:53:36+00:00","description":"J\u00e4lleenmyyj\u00e4t induktio - | Een kookopstelling die bij jou past. Rechtstreeks ge\u00efntegreerd in jouw favoriete aanrechtblad. PITT Cooking Nederland is...","breadcrumb":{"@id":"https:\/\/pitt2cdev.7-s.si\/fi\/jalleenmyyjat-induktio\/#breadcrumb"},"inLanguage":"fi","potentialAction":[{"@type":"ReadAction","target":["https:\/\/pitt2cdev.7-s.si\/fi\/jalleenmyyjat-induktio\/"]}]},{"@type":"BreadcrumbList","@id":"https:\/\/pitt2cdev.7-s.si\/fi\/jalleenmyyjat-induktio\/#breadcrumb","itemListElement":[{"@type":"ListItem","position":1,"name":"Home","item":"https:\/\/pitt2cdev.7-s.si\/fi\/"},{"@type":"ListItem","position":2,"name":"J\u00e4lleenmyyj\u00e4t induktio"}]},{"@type":"WebSite","@id":"https:\/\/pitt2cdev.7-s.si\/#website","url":"https:\/\/pitt2cdev.7-s.si\/","name":"PITT cooking Nederland","description":"Gaspitten rechtstreeks geplaatst in je favoriete werkblad.","publisher":{"@id":"https:\/\/pitt2cdev.7-s.si\/#organization"},"alternateName":"PITT cooking","potentialAction":[{"@type":"SearchAction","target":{"@type":"EntryPoint","urlTemplate":"https:\/\/pitt2cdev.7-s.si\/?s={search_term_string}"},"query-input":{"@type":"PropertyValueSpecification","valueRequired":true,"valueName":"search_term_string"}}],"inLanguage":"fi"},{"@type":"Organization","@id":"https:\/\/pitt2cdev.7-s.si\/#organization","name":"PITT cooking","alternateName":"PITT cooking","url":"https:\/\/pitt2cdev.7-s.si\/","logo":{"@type":"ImageObject","inLanguage":"fi","@id":"https:\/\/pitt2cdev.7-s.si\/#\/schema\/logo\/image\/","url":"https:\/\/pitt2cdev.7-s.si\/wp-content\/uploads\/2020\/06\/pitt-logo.svg","contentUrl":"https:\/\/pitt2cdev.7-s.si\/wp-content\/uploads\/2020\/06\/pitt-logo.svg","width":1920,"height":1080,"caption":"PITT cooking"},"image":{"@id":"https:\/\/pitt2cdev.7-s.si\/#\/schema\/logo\/image\/"},"sameAs":["https:\/\/www.facebook.com\/PITTcooking","https:\/\/www.instagram.com\/pittcooking\/","https:\/\/nl.linkedin.com\/company\/pitt-cooking","https:\/\/nl.pinterest.com\/pittcooking\/","https:\/\/www.youtube.com\/user\/PITTcooking"]}]}},"_links":{"self":[{"href":"https:\/\/pitt2cdev.7-s.si\/fi\/wp-json\/wp\/v2\/pages\/67043","targetHints":{"allow":["GET"]}}],"collection":[{"href":"https:\/\/pitt2cdev.7-s.si\/fi\/wp-json\/wp\/v2\/pages"}],"about":[{"href":"https:\/\/pitt2cdev.7-s.si\/fi\/wp-json\/wp\/v2\/types\/page"}],"author":[{"embeddable":true,"href":"https:\/\/pitt2cdev.7-s.si\/fi\/wp-json\/wp\/v2\/users\/37"}],"replies":[{"embeddable":true,"href":"https:\/\/pitt2cdev.7-s.si\/fi\/wp-json\/wp\/v2\/comments?post=67043"}],"version-history":[{"count":2,"href":"https:\/\/pitt2cdev.7-s.si\/fi\/wp-json\/wp\/v2\/pages\/67043\/revisions"}],"predecessor-version":[{"id":67533,"href":"https:\/\/pitt2cdev.7-s.si\/fi\/wp-json\/wp\/v2\/pages\/67043\/revisions\/67533"}],"wp:attachment":[{"href":"https:\/\/pitt2cdev.7-s.si\/fi\/wp-json\/wp\/v2\/media?parent=67043"}],"curies":[{"name":"wp","href":"https:\/\/api.w.org\/{rel}","templated":true}]}}