{"id":67110,"date":"2016-11-09T12:20:41","date_gmt":"2016-11-09T11:20:41","guid":{"rendered":"https:\/\/pittcooking.com\/about-pitt-cooking\/"},"modified":"2025-09-02T15:00:08","modified_gmt":"2025-09-02T13:00:08","slug":"meista","status":"publish","type":"page","link":"https:\/\/pitt2cdev.7-s.si\/fi\/meista\/","title":{"rendered":"Meist\u00e4"},"content":{"rendered":"<div id='full_slider_1'  class='avia-fullwidth-slider main_color avia-shadow   avia-builder-el-0  el_before_av_layout_row  avia-builder-el-first   container_wrap fullsize'  ><div  class='avia-slideshow av-fjf65k-1727bf3afb93e838645e486c3fffbb56 avia-slideshow-featured av_slideshow_full avia-slide-slider av-slideshow-ui av-control-default av-slideshow-manual av-loop-once av-loop-manual-endless av-default-height-applied   avia-slideshow-1' data-slideshow-options=\"{&quot;animation&quot;:&quot;slide&quot;,&quot;autoplay&quot;:false,&quot;loop_autoplay&quot;:&quot;once&quot;,&quot;interval&quot;:5,&quot;loop_manual&quot;:&quot;manual-endless&quot;,&quot;autoplay_stopper&quot;:false,&quot;noNavigation&quot;:false,&quot;bg_slider&quot;:false,&quot;keep_padding&quot;:false,&quot;hoverpause&quot;:false,&quot;show_slide_delay&quot;:0}\"  itemprop=\"image\" itemscope=\"itemscope\" itemtype=\"https:\/\/schema.org\/ImageObject\" ><ul class='avia-slideshow-inner ' style='padding-bottom: 28.666666666667%;'><li  class='avia-slideshow-slide av-fjf65k-1727bf3afb93e838645e486c3fffbb56__0  av-single-slide slide-1 slide-odd'><div data-rel='slideshow-1' class='avia-slide-wrap '   ><img decoding=\"async\" fetchpriority=\"high\" class=\"wp-image-67462 avia-img-lazy-loading-not-67462\"  src=\"https:\/\/pitt2cdev.7-s.si\/wp-content\/uploads\/2023\/05\/PITT-cooking-Outdoor-kitchen-06.jpg-1500x430.jpg\" width=\"1500\" height=\"430\" title='PITT Cooking - Outdoor kitchen 06.jpg' alt=''  itemprop=\"thumbnailUrl\" srcset=\"https:\/\/pitt2cdev.7-s.si\/wp-content\/uploads\/2023\/05\/PITT-cooking-Outdoor-kitchen-06.jpg.jpg 1500w, https:\/\/pitt2cdev.7-s.si\/wp-content\/uploads\/2023\/05\/PITT-cooking-Outdoor-kitchen-06.jpg-768x220.jpg 768w, https:\/\/pitt2cdev.7-s.si\/wp-content\/uploads\/2023\/05\/PITT-cooking-Outdoor-kitchen-06.jpg-1440x413.jpg 1440w, https:\/\/pitt2cdev.7-s.si\/wp-content\/uploads\/2023\/05\/PITT-cooking-Outdoor-kitchen-06.jpg-128x37.jpg 128w, https:\/\/pitt2cdev.7-s.si\/wp-content\/uploads\/2023\/05\/PITT-cooking-Outdoor-kitchen-06.jpg-705x202.jpg 705w\" sizes=\"(max-width: 1500px) 100vw, 1500px\" \/><\/div><\/li><\/ul><\/div><\/div>\n<div id='av-layout-grid-1'  class='av-layout-grid-container av-kbqcuxfd-5d27152794cc8a88e7a8703468911a23 entry-content-wrapper main_color av-flex-cells  avia-builder-el-1  el_after_av_slideshow_full  avia-builder-el-last  content-padding grid-row-not-first  container_wrap fullsize'  >\n\n<style type=\"text\/css\" data-created_by=\"avia_inline_auto\" id=\"style-css-av-5pt6u0-1e2c5daf43faee375743b05484c6ad79\">\n.flex_cell.av-5pt6u0-1e2c5daf43faee375743b05484c6ad79{\nvertical-align:top;\n}\n.responsive #top #wrap_all .flex_cell.av-5pt6u0-1e2c5daf43faee375743b05484c6ad79{\npadding:0px 0px 0px 0px !important;\n}\n<\/style>\n<div class='flex_cell av-5pt6u0-1e2c5daf43faee375743b05484c6ad79 av-gridrow-cell av_one_fifth no_margin  avia-builder-el-2  el_before_av_cell_three_fifth  avia-builder-el-first  content-align-top av-zero-padding'  ><div class='flex_cell_inner'><\/div><\/div><div class='flex_cell av-3mlxew-428d693605b6dc581d825d81b8103e76 av-gridrow-cell av_three_fifth no_margin  avia-builder-el-3  el_after_av_cell_one_fifth  el_before_av_cell_one_fifth '  ><div class='flex_cell_inner'><p>\n<style type=\"text\/css\" data-created_by=\"avia_inline_auto\" id=\"style-css-av-kebdeta5-fc7003911e9f09f1330e95e11a211ee2\">\n#top .av-special-heading.av-kebdeta5-fc7003911e9f09f1330e95e11a211ee2{\npadding-bottom:10px;\n}\nbody .av-special-heading.av-kebdeta5-fc7003911e9f09f1330e95e11a211ee2 .av-special-heading-tag .heading-char{\nfont-size:25px;\n}\n.av-special-heading.av-kebdeta5-fc7003911e9f09f1330e95e11a211ee2 .av-subheading{\nfont-size:24px;\n}\n<\/style>\n<div  class='av-special-heading av-kebdeta5-fc7003911e9f09f1330e95e11a211ee2 av-special-heading-h1 blockquote modern-quote  avia-builder-el-4  el_before_av_hr  avia-builder-el-first '><div class='av-subheading av-subheading_above'><p>Tutustu PITT Cookingiin<\/p>\n<\/div><h1 class='av-special-heading-tag '  itemprop=\"headline\"  >Kaasupolttimet \/ induktioalueet, asennettuina suoraan mihin tahansa valitsemaasi ty\u00f6tasomateriaaliin.<\/h1><div class=\"special-heading-border\"><div class=\"special-heading-inner-border\"><\/div><\/div><\/div><br \/>\n\n<style type=\"text\/css\" data-created_by=\"avia_inline_auto\" id=\"style-css-av-64eql4-1f43f1c1b227cac2b5e74b7818793eb0\">\n#top .hr.hr-invisible.av-64eql4-1f43f1c1b227cac2b5e74b7818793eb0{\nheight:10px;\n}\n<\/style>\n<div  class='hr av-64eql4-1f43f1c1b227cac2b5e74b7818793eb0 hr-invisible  avia-builder-el-5  el_after_av_heading  el_before_av_textblock '><span class='hr-inner '><span class=\"hr-inner-style\"><\/span><\/span><\/div><br \/>\n<section  class='av_textblock_section av-4l4us8-377ae0964dfc391e645625de8430d70c '   itemscope=\"itemscope\" itemtype=\"https:\/\/schema.org\/CreativeWork\" ><div class='avia_textblock content-text-60'  itemprop=\"text\" ><p data-start=\"127\" data-end=\"437\">Inspiraationa ennen kaikkea perinteisen keittotason rajoitukset. Tehokasta ruoanlaittoa voimakkaalla liekill\u00e4 tai induktioalueiden tarkkuudella. Vihdoin tarpeeksi tilaa kattiloille ja pannuille. Keitti\u00f6, josta voit olla ylpe\u00e4. T\u00e4ydellinen yhdistelm\u00e4 toiminnallisuutta ja muotoilua. Valmistettu Hollannissa.<\/p>\n<p data-start=\"439\" data-end=\"708\">Jokainen PITT Cooking -j\u00e4rjestelm\u00e4 valmistetaan huolellisesti k\u00e4sin De Meernin kyl\u00e4ss\u00e4, l\u00e4hell\u00e4 Amsterdamia. Toimisto, tehdas ja showroom saman katon alla. PITT Cookingin tiimi on tiivis ja omistautunut \u2013 keskittyen huippuluokan tuotteisiin ja erinomaiseen palveluun.<\/p>\n<p data-start=\"710\" data-end=\"920\">PITT Cookingista on tullut kansainv\u00e4lisesti tunnustettu br\u00e4ndi, jota on saatavilla maailmanlaajuisesti. Alankomaiden lis\u00e4ksi olemme nyt l\u00e4sn\u00e4 jo 42 maassa. Ja m\u00e4\u00e4r\u00e4tietoisia valloittamaan loputkin maailmasta.<\/p>\n<\/div><\/section><\/p>\n<\/div><\/div>\n<style type=\"text\/css\" data-created_by=\"avia_inline_auto\" id=\"style-css-av-2g3sjc-837a2ce467343debf618f3d9f2238252\">\n.flex_cell.av-2g3sjc-837a2ce467343debf618f3d9f2238252{\nvertical-align:top;\n}\n.responsive #top #wrap_all .flex_cell.av-2g3sjc-837a2ce467343debf618f3d9f2238252{\npadding:30px 30px 30px 30px !important;\n}\n<\/style>\n<div class='flex_cell av-2g3sjc-837a2ce467343debf618f3d9f2238252 av-gridrow-cell av_one_fifth no_margin  avia-builder-el-7  el_after_av_cell_three_fifth  avia-builder-el-last  content-align-top'  ><div class='flex_cell_inner'><\/div><\/div><\/div>\n","protected":false},"excerpt":{"rendered":"","protected":false},"author":22,"featured_media":0,"parent":0,"menu_order":2,"comment_status":"closed","ping_status":"closed","template":"","meta":{"footnotes":""},"class_list":["post-67110","page","type-page","status-publish","hentry"],"yoast_head":"<!-- This site is optimized with the Yoast SEO plugin v27.0 - https:\/\/yoast.com\/product\/yoast-seo-wordpress\/ -->\n<title>Meist\u00e4 - PITT Cooking<\/title>\n<meta name=\"description\" content=\"Meist\u00e4 - | Een kookopstelling die bij jou past. Rechtstreeks ge\u00efntegreerd in jouw favoriete aanrechtblad. PITT Cooking Nederland is...\" \/>\n<meta name=\"robots\" content=\"index, follow, max-snippet:-1, max-image-preview:large, max-video-preview:-1\" \/>\n<link rel=\"canonical\" href=\"https:\/\/pitt2cdev.7-s.si\/fi\/meista\/\" \/>\n<meta property=\"og:locale\" content=\"fi_FI\" \/>\n<meta property=\"og:type\" content=\"article\" \/>\n<meta property=\"og:title\" content=\"Meist\u00e4 - PITT Cooking\" \/>\n<meta property=\"og:description\" content=\"Meist\u00e4 - | Een kookopstelling die bij jou past. Rechtstreeks ge\u00efntegreerd in jouw favoriete aanrechtblad. PITT Cooking Nederland is...\" \/>\n<meta property=\"og:url\" content=\"https:\/\/pitt2cdev.7-s.si\/fi\/meista\/\" \/>\n<meta property=\"og:site_name\" content=\"PITT Cooking\" \/>\n<meta property=\"article:publisher\" content=\"https:\/\/www.facebook.com\/PITTcooking\" \/>\n<meta property=\"article:modified_time\" content=\"2025-09-02T13:00:08+00:00\" \/>\n<meta property=\"og:image\" content=\"https:\/\/pitt2cdev.7-s.si\/wp-content\/uploads\/2020\/09\/Slider-Cesar-Maxima.jpg\" \/>\n\t<meta property=\"og:image:width\" content=\"1242\" \/>\n\t<meta property=\"og:image:height\" content=\"1171\" \/>\n\t<meta property=\"og:image:type\" content=\"image\/jpeg\" \/>\n<script type=\"application\/ld+json\" class=\"yoast-schema-graph\">{\"@context\":\"https:\/\/schema.org\",\"@graph\":[{\"@type\":\"WebPage\",\"@id\":\"https:\/\/pitt2cdev.7-s.si\/fi\/meista\/\",\"url\":\"https:\/\/pitt2cdev.7-s.si\/fi\/meista\/\",\"name\":\"Meist\u00e4 - PITT Cooking\",\"isPartOf\":{\"@id\":\"https:\/\/pitt2cdev.7-s.si\/#website\"},\"datePublished\":\"2016-11-09T11:20:41+00:00\",\"dateModified\":\"2025-09-02T13:00:08+00:00\",\"description\":\"Meist\u00e4 - | Een kookopstelling die bij jou past. Rechtstreeks ge\u00efntegreerd in jouw favoriete aanrechtblad. PITT Cooking Nederland is...\",\"breadcrumb\":{\"@id\":\"https:\/\/pitt2cdev.7-s.si\/fi\/meista\/#breadcrumb\"},\"inLanguage\":\"fi\",\"potentialAction\":[{\"@type\":\"ReadAction\",\"target\":[\"https:\/\/pitt2cdev.7-s.si\/fi\/meista\/\"]}]},{\"@type\":\"BreadcrumbList\",\"@id\":\"https:\/\/pitt2cdev.7-s.si\/fi\/meista\/#breadcrumb\",\"itemListElement\":[{\"@type\":\"ListItem\",\"position\":1,\"name\":\"Home\",\"item\":\"https:\/\/pitt2cdev.7-s.si\/fi\/\"},{\"@type\":\"ListItem\",\"position\":2,\"name\":\"Meist\u00e4\"}]},{\"@type\":\"WebSite\",\"@id\":\"https:\/\/pitt2cdev.7-s.si\/#website\",\"url\":\"https:\/\/pitt2cdev.7-s.si\/\",\"name\":\"PITT cooking Nederland\",\"description\":\"Gaspitten rechtstreeks geplaatst in je favoriete werkblad.\",\"publisher\":{\"@id\":\"https:\/\/pitt2cdev.7-s.si\/#organization\"},\"alternateName\":\"PITT cooking\",\"potentialAction\":[{\"@type\":\"SearchAction\",\"target\":{\"@type\":\"EntryPoint\",\"urlTemplate\":\"https:\/\/pitt2cdev.7-s.si\/?s={search_term_string}\"},\"query-input\":{\"@type\":\"PropertyValueSpecification\",\"valueRequired\":true,\"valueName\":\"search_term_string\"}}],\"inLanguage\":\"fi\"},{\"@type\":\"Organization\",\"@id\":\"https:\/\/pitt2cdev.7-s.si\/#organization\",\"name\":\"PITT cooking\",\"alternateName\":\"PITT cooking\",\"url\":\"https:\/\/pitt2cdev.7-s.si\/\",\"logo\":{\"@type\":\"ImageObject\",\"inLanguage\":\"fi\",\"@id\":\"https:\/\/pitt2cdev.7-s.si\/#\/schema\/logo\/image\/\",\"url\":\"https:\/\/pitt2cdev.7-s.si\/wp-content\/uploads\/2020\/06\/pitt-logo.svg\",\"contentUrl\":\"https:\/\/pitt2cdev.7-s.si\/wp-content\/uploads\/2020\/06\/pitt-logo.svg\",\"width\":1920,\"height\":1080,\"caption\":\"PITT cooking\"},\"image\":{\"@id\":\"https:\/\/pitt2cdev.7-s.si\/#\/schema\/logo\/image\/\"},\"sameAs\":[\"https:\/\/www.facebook.com\/PITTcooking\",\"https:\/\/www.instagram.com\/pittcooking\/\",\"https:\/\/nl.linkedin.com\/company\/pitt-cooking\",\"https:\/\/nl.pinterest.com\/pittcooking\/\",\"https:\/\/www.youtube.com\/user\/PITTcooking\"]}]}<\/script>\n<!-- \/ Yoast SEO plugin. -->","yoast_head_json":{"title":"Meist\u00e4 - PITT Cooking","description":"Meist\u00e4 - | Een kookopstelling die bij jou past. Rechtstreeks ge\u00efntegreerd in jouw favoriete aanrechtblad. PITT Cooking Nederland is...","robots":{"index":"index","follow":"follow","max-snippet":"max-snippet:-1","max-image-preview":"max-image-preview:large","max-video-preview":"max-video-preview:-1"},"canonical":"https:\/\/pitt2cdev.7-s.si\/fi\/meista\/","og_locale":"fi_FI","og_type":"article","og_title":"Meist\u00e4 - PITT Cooking","og_description":"Meist\u00e4 - | Een kookopstelling die bij jou past. Rechtstreeks ge\u00efntegreerd in jouw favoriete aanrechtblad. PITT Cooking Nederland is...","og_url":"https:\/\/pitt2cdev.7-s.si\/fi\/meista\/","og_site_name":"PITT Cooking","article_publisher":"https:\/\/www.facebook.com\/PITTcooking","article_modified_time":"2025-09-02T13:00:08+00:00","og_image":[{"width":1242,"height":1171,"url":"https:\/\/pitt2cdev.7-s.si\/wp-content\/uploads\/2020\/09\/Slider-Cesar-Maxima.jpg","type":"image\/jpeg"}],"schema":{"@context":"https:\/\/schema.org","@graph":[{"@type":"WebPage","@id":"https:\/\/pitt2cdev.7-s.si\/fi\/meista\/","url":"https:\/\/pitt2cdev.7-s.si\/fi\/meista\/","name":"Meist\u00e4 - PITT Cooking","isPartOf":{"@id":"https:\/\/pitt2cdev.7-s.si\/#website"},"datePublished":"2016-11-09T11:20:41+00:00","dateModified":"2025-09-02T13:00:08+00:00","description":"Meist\u00e4 - | Een kookopstelling die bij jou past. Rechtstreeks ge\u00efntegreerd in jouw favoriete aanrechtblad. PITT Cooking Nederland is...","breadcrumb":{"@id":"https:\/\/pitt2cdev.7-s.si\/fi\/meista\/#breadcrumb"},"inLanguage":"fi","potentialAction":[{"@type":"ReadAction","target":["https:\/\/pitt2cdev.7-s.si\/fi\/meista\/"]}]},{"@type":"BreadcrumbList","@id":"https:\/\/pitt2cdev.7-s.si\/fi\/meista\/#breadcrumb","itemListElement":[{"@type":"ListItem","position":1,"name":"Home","item":"https:\/\/pitt2cdev.7-s.si\/fi\/"},{"@type":"ListItem","position":2,"name":"Meist\u00e4"}]},{"@type":"WebSite","@id":"https:\/\/pitt2cdev.7-s.si\/#website","url":"https:\/\/pitt2cdev.7-s.si\/","name":"PITT cooking Nederland","description":"Gaspitten rechtstreeks geplaatst in je favoriete werkblad.","publisher":{"@id":"https:\/\/pitt2cdev.7-s.si\/#organization"},"alternateName":"PITT cooking","potentialAction":[{"@type":"SearchAction","target":{"@type":"EntryPoint","urlTemplate":"https:\/\/pitt2cdev.7-s.si\/?s={search_term_string}"},"query-input":{"@type":"PropertyValueSpecification","valueRequired":true,"valueName":"search_term_string"}}],"inLanguage":"fi"},{"@type":"Organization","@id":"https:\/\/pitt2cdev.7-s.si\/#organization","name":"PITT cooking","alternateName":"PITT cooking","url":"https:\/\/pitt2cdev.7-s.si\/","logo":{"@type":"ImageObject","inLanguage":"fi","@id":"https:\/\/pitt2cdev.7-s.si\/#\/schema\/logo\/image\/","url":"https:\/\/pitt2cdev.7-s.si\/wp-content\/uploads\/2020\/06\/pitt-logo.svg","contentUrl":"https:\/\/pitt2cdev.7-s.si\/wp-content\/uploads\/2020\/06\/pitt-logo.svg","width":1920,"height":1080,"caption":"PITT cooking"},"image":{"@id":"https:\/\/pitt2cdev.7-s.si\/#\/schema\/logo\/image\/"},"sameAs":["https:\/\/www.facebook.com\/PITTcooking","https:\/\/www.instagram.com\/pittcooking\/","https:\/\/nl.linkedin.com\/company\/pitt-cooking","https:\/\/nl.pinterest.com\/pittcooking\/","https:\/\/www.youtube.com\/user\/PITTcooking"]}]}},"_links":{"self":[{"href":"https:\/\/pitt2cdev.7-s.si\/fi\/wp-json\/wp\/v2\/pages\/67110","targetHints":{"allow":["GET"]}}],"collection":[{"href":"https:\/\/pitt2cdev.7-s.si\/fi\/wp-json\/wp\/v2\/pages"}],"about":[{"href":"https:\/\/pitt2cdev.7-s.si\/fi\/wp-json\/wp\/v2\/types\/page"}],"author":[{"embeddable":true,"href":"https:\/\/pitt2cdev.7-s.si\/fi\/wp-json\/wp\/v2\/users\/22"}],"replies":[{"embeddable":true,"href":"https:\/\/pitt2cdev.7-s.si\/fi\/wp-json\/wp\/v2\/comments?post=67110"}],"version-history":[{"count":2,"href":"https:\/\/pitt2cdev.7-s.si\/fi\/wp-json\/wp\/v2\/pages\/67110\/revisions"}],"predecessor-version":[{"id":67540,"href":"https:\/\/pitt2cdev.7-s.si\/fi\/wp-json\/wp\/v2\/pages\/67110\/revisions\/67540"}],"wp:attachment":[{"href":"https:\/\/pitt2cdev.7-s.si\/fi\/wp-json\/wp\/v2\/media?parent=67110"}],"curies":[{"name":"wp","href":"https:\/\/api.w.org\/{rel}","templated":true}]}}