{"id":67113,"date":"2016-10-25T15:19:39","date_gmt":"2016-10-25T13:19:39","guid":{"rendered":"https:\/\/pittcooking.com\/why-pitt-cooking\/"},"modified":"2025-09-02T14:47:10","modified_gmt":"2025-09-02T12:47:10","slug":"miksi-pitt-cooking","status":"publish","type":"page","link":"https:\/\/pitt2cdev.7-s.si\/fi\/miksi-pitt-cooking\/","title":{"rendered":"Miksi PITT Cooking?"},"content":{"rendered":"<div id='full_slider_1'  class='avia-fullwidth-slider main_color avia-shadow   avia-builder-el-0  el_before_av_layout_row  avia-builder-el-first   container_wrap fullsize'  ><div  class='avia-slideshow av-wqd6fp-716703456c5c80416546017e815ac0ae avia-slideshow-featured av_slideshow_full avia-slide-slider av-slideshow-ui av-control-default av-slideshow-manual av-loop-once av-loop-manual-endless av-default-height-applied   avia-slideshow-1' data-slideshow-options=\"{&quot;animation&quot;:&quot;slide&quot;,&quot;autoplay&quot;:false,&quot;loop_autoplay&quot;:&quot;once&quot;,&quot;interval&quot;:5,&quot;loop_manual&quot;:&quot;manual-endless&quot;,&quot;autoplay_stopper&quot;:false,&quot;noNavigation&quot;:false,&quot;bg_slider&quot;:false,&quot;keep_padding&quot;:false,&quot;hoverpause&quot;:false,&quot;show_slide_delay&quot;:0}\"  itemprop=\"image\" itemscope=\"itemscope\" itemtype=\"https:\/\/schema.org\/ImageObject\" ><ul class='avia-slideshow-inner ' style='padding-bottom: 28.666666666667%;'><li  class='avia-slideshow-slide av-wqd6fp-716703456c5c80416546017e815ac0ae__0  av-single-slide slide-1 slide-odd'><div data-rel='slideshow-1' class='avia-slide-wrap '   ><img decoding=\"async\" fetchpriority=\"high\" class=\"wp-image-67486 avia-img-lazy-loading-not-67486\"  src=\"https:\/\/pitt2cdev.7-s.si\/wp-content\/uploads\/2016\/08\/PITT-cooking-Made-in-Holland-Losse-gaspitten-Project-i29-1-1500x430.jpg\" width=\"1500\" height=\"430\" title='pitt-cooking-made-in-holland-losse-gaspitten-project-i29' alt=''  itemprop=\"thumbnailUrl\"   \/><\/div><\/li><\/ul><\/div><\/div>\n<div id='av-layout-grid-1'  class='av-layout-grid-container av-kbqbs28e-72310260514c1c887b75869af81db715 entry-content-wrapper main_color av-flex-cells  avia-builder-el-1  el_after_av_slideshow_full  avia-builder-el-last  content-padding grid-row-not-first  container_wrap fullsize'  >\n\n<style type=\"text\/css\" data-created_by=\"avia_inline_auto\" id=\"style-css-av-5xddpx-f814b61db501d6eeee491dc2b6e0a7bc\">\n.flex_cell.av-5xddpx-f814b61db501d6eeee491dc2b6e0a7bc{\nvertical-align:top;\n}\n.responsive #top #wrap_all .flex_cell.av-5xddpx-f814b61db501d6eeee491dc2b6e0a7bc{\npadding:0px 0px 0px 0px !important;\n}\n<\/style>\n<div class='flex_cell av-5xddpx-f814b61db501d6eeee491dc2b6e0a7bc av-gridrow-cell av_one_fifth no_margin  avia-builder-el-2  el_before_av_cell_three_fifth  avia-builder-el-first  content-align-top av-zero-padding'  ><div class='flex_cell_inner'><\/div><\/div><div class='flex_cell av-44ts11-02bc0d59c508c9bca049491ce6e4704f av-gridrow-cell av_three_fifth no_margin  avia-builder-el-3  el_after_av_cell_one_fifth  el_before_av_cell_one_fifth '  ><div class='flex_cell_inner'><p>\n<style type=\"text\/css\" data-created_by=\"avia_inline_auto\" id=\"style-css-av-mf2jfe8o-cf8a6a59c4e1cbcb38e1c7046bf5cc18\">\n#top .av-special-heading.av-mf2jfe8o-cf8a6a59c4e1cbcb38e1c7046bf5cc18{\npadding-bottom:10px;\n}\nbody .av-special-heading.av-mf2jfe8o-cf8a6a59c4e1cbcb38e1c7046bf5cc18 .av-special-heading-tag .heading-char{\nfont-size:25px;\n}\n.av-special-heading.av-mf2jfe8o-cf8a6a59c4e1cbcb38e1c7046bf5cc18 .av-subheading{\nfont-size:24px;\n}\n<\/style>\n<div  class='av-special-heading av-mf2jfe8o-cf8a6a59c4e1cbcb38e1c7046bf5cc18 av-special-heading-h1 blockquote modern-quote  avia-builder-el-4  el_before_av_hr  avia-builder-el-first '><div class='av-subheading av-subheading_above'><p>Vakuutu<\/p>\n<\/div><h1 class='av-special-heading-tag '  itemprop=\"headline\"  >Miksi PITT cooking?<\/h1><div class=\"special-heading-border\"><div class=\"special-heading-inner-border\"><\/div><\/div><\/div><br \/>\n\n<style type=\"text\/css\" data-created_by=\"avia_inline_auto\" id=\"style-css-av-gshgfp-8a360ee9ac5e3351804bcaee1e7dd03b\">\n#top .hr.hr-invisible.av-gshgfp-8a360ee9ac5e3351804bcaee1e7dd03b{\nheight:10px;\n}\n<\/style>\n<div  class='hr av-gshgfp-8a360ee9ac5e3351804bcaee1e7dd03b hr-invisible  avia-builder-el-5  el_after_av_heading  el_before_av_textblock '><span class='hr-inner '><span class=\"hr-inner-style\"><\/span><\/span><\/div><br \/>\n<section  class='av_textblock_section av-gb78qt-99888f9db0731c5b5579a4d2b1ac490c '   itemscope=\"itemscope\" itemtype=\"https:\/\/schema.org\/CreativeWork\" ><div class='avia_textblock content-text-60'  itemprop=\"text\" ><p>Kun olet kerran kokenut PITTin, et en\u00e4\u00e4 koskaan halua palata entiseen. Eik\u00e4 t\u00e4m\u00e4 ole vain meid\u00e4n sanomamme. Konsepti syntyi perinteisen keittotason rajoituksista. Ei koskaan tarpeeksi tilaa k\u00e4ytt\u00e4\u00e4 kaikkia polttimia yht\u00e4 aikaa \u2013 kuulostaako tutulta? Siksi ilman PITT Cookingia keitti\u00f6si ei en\u00e4\u00e4 riit\u00e4.<\/p>\n<\/div><\/section><br \/>\n<div  class='togglecontainer av-ei4s1h-96665329eff5ac6dcd13f7b7b5b99602 av-elegant-toggle  avia-builder-el-7  el_after_av_textblock  avia-builder-el-last  toggle_close_all' >\n<section class='av_toggle_section av-mf2jgvou-70480a26662f32305288c06c2baa3f07'  itemscope=\"itemscope\" itemtype=\"https:\/\/schema.org\/CreativeWork\" ><div role=\"tablist\" class=\"single_toggle\" data-tags=\"{All} \"  ><p id='toggle-toggle-id-1' data-fake-id='#toggle-id-1' class='toggler  av-title-above '  itemprop=\"headline\"  role='tab' tabindex='0' aria-controls='toggle-id-1' data-slide-speed=\"200\" data-title=\"Aina tarpeeksi tilaa kattiloillesi ja pannullesi\" data-title-open=\"\" data-aria_collapsed=\"Click to expand: Aina tarpeeksi tilaa kattiloillesi ja pannullesi\" data-aria_expanded=\"Click to collapse: Aina tarpeeksi tilaa kattiloillesi ja pannullesi\">Aina tarpeeksi tilaa kattiloillesi ja pannullesi<span class=\"toggle_icon\"><span class=\"vert_icon\"><\/span><span class=\"hor_icon\"><\/span><\/span><\/p><div id='toggle-id-1' aria-labelledby='toggle-toggle-id-1' role='region' class='toggle_wrap  av-title-above'  ><div class='toggle_content invers-color '  itemprop=\"text\" ><article class=\"article-icon-entry \">\n<div class=\"iconlist_content_wrap\">\n<div class=\"iconlist_content \">\n<p>Vihdoin tarpeeksi tilaa kattiloille ja pannuille: v\u00e4hint\u00e4\u00e4n 28 senttimetri\u00e4 (11 tuumaa) polttimien v\u00e4liss\u00e4. PITT Cooking tarjoaa keskim\u00e4\u00e4rin 8 senttimetri\u00e4 (3 tuumaa) enemm\u00e4n tilaa polttimien v\u00e4liin verrattuna perinteiseen keittotasoon. T\u00e4st\u00e4 l\u00e4htien aina tarpeeksi tilaa k\u00e4ytt\u00e4\u00e4 kaikkia polttimia yht\u00e4 aikaa \u2013 jopa suurilla pannuilla.<\/p>\n<\/div>\n<\/div>\n<footer class=\"entry-footer\"><\/footer>\n<\/article>\n<\/div><\/div><\/div><\/section>\n<section class='av_toggle_section av-9q5i8l-9f72becccddee8f472b9481a92766e27'  itemscope=\"itemscope\" itemtype=\"https:\/\/schema.org\/CreativeWork\" ><div role=\"tablist\" class=\"single_toggle\" data-tags=\"{All} \"  ><p id='toggle-toggle-id-2' data-fake-id='#toggle-id-2' class='toggler  av-title-above '  itemprop=\"headline\"  role='tab' tabindex='0' aria-controls='toggle-id-2' data-slide-speed=\"200\" data-title=\"Keitti\u00f6n mestariteos\" data-title-open=\"\" data-aria_collapsed=\"Click to expand: Keitti\u00f6n mestariteos\" data-aria_expanded=\"Click to collapse: Keitti\u00f6n mestariteos\">Keitti\u00f6n mestariteos<span class=\"toggle_icon\"><span class=\"vert_icon\"><\/span><span class=\"hor_icon\"><\/span><\/span><\/p><div id='toggle-id-2' aria-labelledby='toggle-toggle-id-2' role='region' class='toggle_wrap  av-title-above'  ><div class='toggle_content invers-color '  itemprop=\"text\" ><p>Ajattoman ulkon\u00e4k\u00f6ns\u00e4 ansiosta PITT Cooking sopii jokaiseen keitti\u00f6\u00f6n: klassisesta maalaisesta aina moderniin design-tyyliin. Mustat valurautapolttimet sopivat aina mihin tahansa keitti\u00f6\u00f6n \u2013 ja tekev\u00e4t keitti\u00f6st\u00e4si aina hieman kauniimman.<\/p>\n<\/div><\/div><\/div><\/section>\n<section class='av_toggle_section av-7mx68l-6885e189def0f34668f9ee134d1960c0'  itemscope=\"itemscope\" itemtype=\"https:\/\/schema.org\/CreativeWork\" ><div role=\"tablist\" class=\"single_toggle\" data-tags=\"{All} \"  ><p id='toggle-toggle-id-3' data-fake-id='#toggle-id-3' class='toggler  av-title-above '  itemprop=\"headline\"  role='tab' tabindex='0' aria-controls='toggle-id-3' data-slide-speed=\"200\" data-title=\"Liekinhallinta\" data-title-open=\"\" data-aria_collapsed=\"Click to expand: Liekinhallinta\" data-aria_expanded=\"Click to collapse: Liekinhallinta\">Liekinhallinta<span class=\"toggle_icon\"><span class=\"vert_icon\"><\/span><span class=\"hor_icon\"><\/span><\/span><\/p><div id='toggle-id-3' aria-labelledby='toggle-toggle-id-3' role='region' class='toggle_wrap  av-title-above'  ><div class='toggle_content invers-color '  itemprop=\"text\" ><p>Vankat ja tehokkaat polttimemme valmistetaan ainoastaan huippulaatuisista materiaaleista ja ne t\u00e4ytt\u00e4v\u00e4t ammattitason vaatimukset. Yhdistetty wok\/haudutuspolttimemme on ainutlaatuinen: kaksi toimintoa yhdess\u00e4 polttimessa, jota ohjataan yhdell\u00e4 nupilla. K\u00e4ytt\u00e4j\u00e4yst\u00e4v\u00e4llinen \u2013 niin kuin pit\u00e4\u00e4kin.<\/p>\n<\/div><\/div><\/div><\/section>\n<section class='av_toggle_section av-68posl-b64cab1544552529ae4f4eb55d455afd'  itemscope=\"itemscope\" itemtype=\"https:\/\/schema.org\/CreativeWork\" ><div role=\"tablist\" class=\"single_toggle\" data-tags=\"{All} \"  ><p id='toggle-toggle-id-4' data-fake-id='#toggle-id-4' class='toggler  av-title-above '  itemprop=\"headline\"  role='tab' tabindex='0' aria-controls='toggle-id-4' data-slide-speed=\"200\" data-title=\"Laatu ja turvallisuus\" data-title-open=\"\" data-aria_collapsed=\"Click to expand: Laatu ja turvallisuus\" data-aria_expanded=\"Click to collapse: Laatu ja turvallisuus\">Laatu ja turvallisuus<span class=\"toggle_icon\"><span class=\"vert_icon\"><\/span><span class=\"hor_icon\"><\/span><\/span><\/p><div id='toggle-id-4' aria-labelledby='toggle-toggle-id-4' role='region' class='toggle_wrap  av-title-above'  ><div class='toggle_content invers-color '  itemprop=\"text\" ><p>PITT Cooking t\u00e4ytt\u00e4\u00e4 kaasulaitteiden sertifiointia koskevat viralliset laatuvaatimukset. T\u00e4m\u00e4 sertifiointi tarjoaa k\u00e4ytt\u00e4jille varmuuden siit\u00e4, ett\u00e4 heid\u00e4n kaasuk\u00e4ytt\u00f6inen laitteensa t\u00e4ytt\u00e4\u00e4 korkeimmat laatu-, toiminta- ja turvallisuusstandardit. Tarjoamme tuotteillemme viiden vuoden t\u00e4ystakuun.<\/p>\n<\/div><\/div><\/div><\/section>\n<section class='av_toggle_section av-48hdol-620247bb9bfcf321c3b02e6e6af0e528'  itemscope=\"itemscope\" itemtype=\"https:\/\/schema.org\/CreativeWork\" ><div role=\"tablist\" class=\"single_toggle\" data-tags=\"{All} \"  ><p id='toggle-toggle-id-5' data-fake-id='#toggle-id-5' class='toggler  av-title-above '  itemprop=\"headline\"  role='tab' tabindex='0' aria-controls='toggle-id-5' data-slide-speed=\"200\" data-title=\"Helppo puhdistaa\" data-title-open=\"\" data-aria_collapsed=\"Click to expand: Helppo puhdistaa\" data-aria_expanded=\"Click to collapse: Helppo puhdistaa\">Helppo puhdistaa<span class=\"toggle_icon\"><span class=\"vert_icon\"><\/span><span class=\"hor_icon\"><\/span><\/span><\/p><div id='toggle-id-5' aria-labelledby='toggle-toggle-id-5' role='region' class='toggle_wrap  av-title-above'  ><div class='toggle_content invers-color '  itemprop=\"text\" ><p>Ei en\u00e4\u00e4 ty\u00f6tilan siivoamisen kauhistelua. Ilman reunoja ja kulmia j\u00e4ljelle j\u00e4\u00e4 vain tasainen ty\u00f6taso puhdistettavaksi. N\u00e4in PITT Cooking tarjoaa helppok\u00e4ytt\u00f6isyytt\u00e4 paitsi ruoanlaittoon my\u00f6s siivoukseen.<\/p>\n<\/div><\/div><\/div><\/section>\n<section class='av_toggle_section av-2nyp85-66041ae0199f8f1b9fc16dfdd55824ac'  itemscope=\"itemscope\" itemtype=\"https:\/\/schema.org\/CreativeWork\" ><div role=\"tablist\" class=\"single_toggle\" data-tags=\"{All} \"  ><p id='toggle-toggle-id-6' data-fake-id='#toggle-id-6' class='toggler  av-title-above '  itemprop=\"headline\"  role='tab' tabindex='0' aria-controls='toggle-id-6' data-slide-speed=\"200\" data-title=\"Laajat valinnanmahdollisuudet\" data-title-open=\"\" data-aria_collapsed=\"Click to expand: Laajat valinnanmahdollisuudet\" data-aria_expanded=\"Click to collapse: Laajat valinnanmahdollisuudet\">Laajat valinnanmahdollisuudet<span class=\"toggle_icon\"><span class=\"vert_icon\"><\/span><span class=\"hor_icon\"><\/span><\/span><\/p><div id='toggle-id-6' aria-labelledby='toggle-toggle-id-6' role='region' class='toggle_wrap  av-title-above'  ><div class='toggle_content invers-color '  itemprop=\"text\" ><p>K\u00e4ytt\u00e4jien tarpeiden ja toiveiden pohjalta loimme <a href=\"https:\/\/pitt2cdev.7-s.si\/fi\/valikoima\/\">valikoiman erilaisia kokoonpanoja<\/a>. Jokainen n\u00e4ist\u00e4 kokoonpanoista voidaan yhdist\u00e4\u00e4 yksil\u00f6llisten tarpeiden ja toiveiden mukaan. Ihanteellinen keittoratkaisu, joka on mitoitettu juuri sinun kokkaustyylillesi ja keitti\u00f6si tilalle. Jokaista varten l\u00f6ytyy jotakin t\u00e4ydellist\u00e4.<\/p>\n<\/div><\/div><\/div><\/section>\n<\/div><\/p>\n<\/div><\/div>\n<style type=\"text\/css\" data-created_by=\"avia_inline_auto\" id=\"style-css-av-qf0l-2144ce85d2ca7a1d3c63ef6d93f4c612\">\n.flex_cell.av-qf0l-2144ce85d2ca7a1d3c63ef6d93f4c612{\nvertical-align:top;\n}\n.responsive #top #wrap_all .flex_cell.av-qf0l-2144ce85d2ca7a1d3c63ef6d93f4c612{\npadding:30px 30px 30px 30px !important;\n}\n<\/style>\n<div class='flex_cell av-qf0l-2144ce85d2ca7a1d3c63ef6d93f4c612 av-gridrow-cell av_one_fifth no_margin  avia-builder-el-8  el_after_av_cell_three_fifth  avia-builder-el-last  content-align-top'  ><div class='flex_cell_inner'><\/div><\/div><\/div>\n","protected":false},"excerpt":{"rendered":"","protected":false},"author":22,"featured_media":0,"parent":0,"menu_order":1,"comment_status":"closed","ping_status":"closed","template":"","meta":{"footnotes":""},"class_list":["post-67113","page","type-page","status-publish","hentry"],"yoast_head":"<!-- This site is optimized with the Yoast SEO plugin v27.0 - https:\/\/yoast.com\/product\/yoast-seo-wordpress\/ -->\n<title>Miksi PITT Cooking? - PITT Cooking<\/title>\n<meta name=\"description\" content=\"Miksi PITT Cooking? - | Een kookopstelling die bij jou past. Rechtstreeks ge\u00efntegreerd in jouw favoriete aanrechtblad. PITT Cooking Nederland is...\" \/>\n<meta name=\"robots\" content=\"index, follow, max-snippet:-1, max-image-preview:large, max-video-preview:-1\" \/>\n<link rel=\"canonical\" href=\"https:\/\/pitt2cdev.7-s.si\/fi\/miksi-pitt-cooking\/\" \/>\n<meta property=\"og:locale\" content=\"fi_FI\" \/>\n<meta property=\"og:type\" content=\"article\" \/>\n<meta property=\"og:title\" content=\"Miksi PITT Cooking? - PITT Cooking\" \/>\n<meta property=\"og:description\" content=\"Miksi PITT Cooking? - | Een kookopstelling die bij jou past. Rechtstreeks ge\u00efntegreerd in jouw favoriete aanrechtblad. PITT Cooking Nederland is...\" \/>\n<meta property=\"og:url\" content=\"https:\/\/pitt2cdev.7-s.si\/fi\/miksi-pitt-cooking\/\" \/>\n<meta property=\"og:site_name\" content=\"PITT Cooking\" \/>\n<meta property=\"article:publisher\" content=\"https:\/\/www.facebook.com\/PITTcooking\" \/>\n<meta property=\"article:modified_time\" content=\"2025-09-02T12:47:10+00:00\" \/>\n<meta property=\"og:image\" content=\"https:\/\/pitt2cdev.7-s.si\/wp-content\/uploads\/2020\/09\/Slider-Cesar-Maxima.jpg\" \/>\n\t<meta property=\"og:image:width\" content=\"1242\" \/>\n\t<meta property=\"og:image:height\" content=\"1171\" \/>\n\t<meta property=\"og:image:type\" content=\"image\/jpeg\" \/>\n<script type=\"application\/ld+json\" class=\"yoast-schema-graph\">{\"@context\":\"https:\/\/schema.org\",\"@graph\":[{\"@type\":\"WebPage\",\"@id\":\"https:\/\/pitt2cdev.7-s.si\/fi\/miksi-pitt-cooking\/\",\"url\":\"https:\/\/pitt2cdev.7-s.si\/fi\/miksi-pitt-cooking\/\",\"name\":\"Miksi PITT Cooking? - PITT Cooking\",\"isPartOf\":{\"@id\":\"https:\/\/pitt2cdev.7-s.si\/#website\"},\"datePublished\":\"2016-10-25T13:19:39+00:00\",\"dateModified\":\"2025-09-02T12:47:10+00:00\",\"description\":\"Miksi PITT Cooking? - | Een kookopstelling die bij jou past. Rechtstreeks ge\u00efntegreerd in jouw favoriete aanrechtblad. PITT Cooking Nederland is...\",\"breadcrumb\":{\"@id\":\"https:\/\/pitt2cdev.7-s.si\/fi\/miksi-pitt-cooking\/#breadcrumb\"},\"inLanguage\":\"fi\",\"potentialAction\":[{\"@type\":\"ReadAction\",\"target\":[\"https:\/\/pitt2cdev.7-s.si\/fi\/miksi-pitt-cooking\/\"]}]},{\"@type\":\"BreadcrumbList\",\"@id\":\"https:\/\/pitt2cdev.7-s.si\/fi\/miksi-pitt-cooking\/#breadcrumb\",\"itemListElement\":[{\"@type\":\"ListItem\",\"position\":1,\"name\":\"Home\",\"item\":\"https:\/\/pitt2cdev.7-s.si\/fi\/\"},{\"@type\":\"ListItem\",\"position\":2,\"name\":\"Miksi PITT Cooking?\"}]},{\"@type\":\"WebSite\",\"@id\":\"https:\/\/pitt2cdev.7-s.si\/#website\",\"url\":\"https:\/\/pitt2cdev.7-s.si\/\",\"name\":\"PITT cooking Nederland\",\"description\":\"Gaspitten rechtstreeks geplaatst in je favoriete werkblad.\",\"publisher\":{\"@id\":\"https:\/\/pitt2cdev.7-s.si\/#organization\"},\"alternateName\":\"PITT cooking\",\"potentialAction\":[{\"@type\":\"SearchAction\",\"target\":{\"@type\":\"EntryPoint\",\"urlTemplate\":\"https:\/\/pitt2cdev.7-s.si\/?s={search_term_string}\"},\"query-input\":{\"@type\":\"PropertyValueSpecification\",\"valueRequired\":true,\"valueName\":\"search_term_string\"}}],\"inLanguage\":\"fi\"},{\"@type\":\"Organization\",\"@id\":\"https:\/\/pitt2cdev.7-s.si\/#organization\",\"name\":\"PITT cooking\",\"alternateName\":\"PITT cooking\",\"url\":\"https:\/\/pitt2cdev.7-s.si\/\",\"logo\":{\"@type\":\"ImageObject\",\"inLanguage\":\"fi\",\"@id\":\"https:\/\/pitt2cdev.7-s.si\/#\/schema\/logo\/image\/\",\"url\":\"https:\/\/pitt2cdev.7-s.si\/wp-content\/uploads\/2020\/06\/pitt-logo.svg\",\"contentUrl\":\"https:\/\/pitt2cdev.7-s.si\/wp-content\/uploads\/2020\/06\/pitt-logo.svg\",\"width\":1920,\"height\":1080,\"caption\":\"PITT cooking\"},\"image\":{\"@id\":\"https:\/\/pitt2cdev.7-s.si\/#\/schema\/logo\/image\/\"},\"sameAs\":[\"https:\/\/www.facebook.com\/PITTcooking\",\"https:\/\/www.instagram.com\/pittcooking\/\",\"https:\/\/nl.linkedin.com\/company\/pitt-cooking\",\"https:\/\/nl.pinterest.com\/pittcooking\/\",\"https:\/\/www.youtube.com\/user\/PITTcooking\"]}]}<\/script>\n<!-- \/ Yoast SEO plugin. -->","yoast_head_json":{"title":"Miksi PITT Cooking? - PITT Cooking","description":"Miksi PITT Cooking? - | Een kookopstelling die bij jou past. Rechtstreeks ge\u00efntegreerd in jouw favoriete aanrechtblad. PITT Cooking Nederland is...","robots":{"index":"index","follow":"follow","max-snippet":"max-snippet:-1","max-image-preview":"max-image-preview:large","max-video-preview":"max-video-preview:-1"},"canonical":"https:\/\/pitt2cdev.7-s.si\/fi\/miksi-pitt-cooking\/","og_locale":"fi_FI","og_type":"article","og_title":"Miksi PITT Cooking? - PITT Cooking","og_description":"Miksi PITT Cooking? - | Een kookopstelling die bij jou past. Rechtstreeks ge\u00efntegreerd in jouw favoriete aanrechtblad. PITT Cooking Nederland is...","og_url":"https:\/\/pitt2cdev.7-s.si\/fi\/miksi-pitt-cooking\/","og_site_name":"PITT Cooking","article_publisher":"https:\/\/www.facebook.com\/PITTcooking","article_modified_time":"2025-09-02T12:47:10+00:00","og_image":[{"width":1242,"height":1171,"url":"https:\/\/pitt2cdev.7-s.si\/wp-content\/uploads\/2020\/09\/Slider-Cesar-Maxima.jpg","type":"image\/jpeg"}],"schema":{"@context":"https:\/\/schema.org","@graph":[{"@type":"WebPage","@id":"https:\/\/pitt2cdev.7-s.si\/fi\/miksi-pitt-cooking\/","url":"https:\/\/pitt2cdev.7-s.si\/fi\/miksi-pitt-cooking\/","name":"Miksi PITT Cooking? - PITT Cooking","isPartOf":{"@id":"https:\/\/pitt2cdev.7-s.si\/#website"},"datePublished":"2016-10-25T13:19:39+00:00","dateModified":"2025-09-02T12:47:10+00:00","description":"Miksi PITT Cooking? - | Een kookopstelling die bij jou past. Rechtstreeks ge\u00efntegreerd in jouw favoriete aanrechtblad. PITT Cooking Nederland is...","breadcrumb":{"@id":"https:\/\/pitt2cdev.7-s.si\/fi\/miksi-pitt-cooking\/#breadcrumb"},"inLanguage":"fi","potentialAction":[{"@type":"ReadAction","target":["https:\/\/pitt2cdev.7-s.si\/fi\/miksi-pitt-cooking\/"]}]},{"@type":"BreadcrumbList","@id":"https:\/\/pitt2cdev.7-s.si\/fi\/miksi-pitt-cooking\/#breadcrumb","itemListElement":[{"@type":"ListItem","position":1,"name":"Home","item":"https:\/\/pitt2cdev.7-s.si\/fi\/"},{"@type":"ListItem","position":2,"name":"Miksi PITT Cooking?"}]},{"@type":"WebSite","@id":"https:\/\/pitt2cdev.7-s.si\/#website","url":"https:\/\/pitt2cdev.7-s.si\/","name":"PITT cooking Nederland","description":"Gaspitten rechtstreeks geplaatst in je favoriete werkblad.","publisher":{"@id":"https:\/\/pitt2cdev.7-s.si\/#organization"},"alternateName":"PITT cooking","potentialAction":[{"@type":"SearchAction","target":{"@type":"EntryPoint","urlTemplate":"https:\/\/pitt2cdev.7-s.si\/?s={search_term_string}"},"query-input":{"@type":"PropertyValueSpecification","valueRequired":true,"valueName":"search_term_string"}}],"inLanguage":"fi"},{"@type":"Organization","@id":"https:\/\/pitt2cdev.7-s.si\/#organization","name":"PITT cooking","alternateName":"PITT cooking","url":"https:\/\/pitt2cdev.7-s.si\/","logo":{"@type":"ImageObject","inLanguage":"fi","@id":"https:\/\/pitt2cdev.7-s.si\/#\/schema\/logo\/image\/","url":"https:\/\/pitt2cdev.7-s.si\/wp-content\/uploads\/2020\/06\/pitt-logo.svg","contentUrl":"https:\/\/pitt2cdev.7-s.si\/wp-content\/uploads\/2020\/06\/pitt-logo.svg","width":1920,"height":1080,"caption":"PITT cooking"},"image":{"@id":"https:\/\/pitt2cdev.7-s.si\/#\/schema\/logo\/image\/"},"sameAs":["https:\/\/www.facebook.com\/PITTcooking","https:\/\/www.instagram.com\/pittcooking\/","https:\/\/nl.linkedin.com\/company\/pitt-cooking","https:\/\/nl.pinterest.com\/pittcooking\/","https:\/\/www.youtube.com\/user\/PITTcooking"]}]}},"_links":{"self":[{"href":"https:\/\/pitt2cdev.7-s.si\/fi\/wp-json\/wp\/v2\/pages\/67113","targetHints":{"allow":["GET"]}}],"collection":[{"href":"https:\/\/pitt2cdev.7-s.si\/fi\/wp-json\/wp\/v2\/pages"}],"about":[{"href":"https:\/\/pitt2cdev.7-s.si\/fi\/wp-json\/wp\/v2\/types\/page"}],"author":[{"embeddable":true,"href":"https:\/\/pitt2cdev.7-s.si\/fi\/wp-json\/wp\/v2\/users\/22"}],"replies":[{"embeddable":true,"href":"https:\/\/pitt2cdev.7-s.si\/fi\/wp-json\/wp\/v2\/comments?post=67113"}],"version-history":[{"count":2,"href":"https:\/\/pitt2cdev.7-s.si\/fi\/wp-json\/wp\/v2\/pages\/67113\/revisions"}],"predecessor-version":[{"id":67528,"href":"https:\/\/pitt2cdev.7-s.si\/fi\/wp-json\/wp\/v2\/pages\/67113\/revisions\/67528"}],"wp:attachment":[{"href":"https:\/\/pitt2cdev.7-s.si\/fi\/wp-json\/wp\/v2\/media?parent=67113"}],"curies":[{"name":"wp","href":"https:\/\/api.w.org\/{rel}","templated":true}]}}