{"id":67152,"date":"2016-07-06T08:10:44","date_gmt":"2016-07-06T06:10:44","guid":{"rendered":"https:\/\/pittcooking.com\/report-malfunction\/"},"modified":"2025-09-03T13:22:11","modified_gmt":"2025-09-03T11:22:11","slug":"ilmoita-viasta","status":"publish","type":"page","link":"https:\/\/pitt2cdev.7-s.si\/fi\/ilmoita-viasta\/","title":{"rendered":"Ilmoita viasta"},"content":{"rendered":"<div id='full_slider_1'  class='avia-fullwidth-slider main_color avia-shadow   avia-builder-el-0  el_before_av_layout_row  avia-builder-el-first   container_wrap fullsize'  ><div  class='avia-slideshow av-1wjtdp-eb8fdf0ac85bcaf4b935654a08aad3ce avia-slideshow-featured av_slideshow_full avia-slide-slider av-slideshow-ui av-control-default av-slideshow-manual av-loop-once av-loop-manual-endless av-default-height-applied   avia-slideshow-1' data-slideshow-options=\"{&quot;animation&quot;:&quot;slide&quot;,&quot;autoplay&quot;:false,&quot;loop_autoplay&quot;:&quot;once&quot;,&quot;interval&quot;:5,&quot;loop_manual&quot;:&quot;manual-endless&quot;,&quot;autoplay_stopper&quot;:false,&quot;noNavigation&quot;:false,&quot;bg_slider&quot;:false,&quot;keep_padding&quot;:false,&quot;hoverpause&quot;:false,&quot;show_slide_delay&quot;:0}\"  itemprop=\"image\" itemscope=\"itemscope\" itemtype=\"https:\/\/schema.org\/ImageObject\" ><ul class='avia-slideshow-inner ' style='padding-bottom: 28.666666666667%;'><li  class='avia-slideshow-slide av-1wjtdp-eb8fdf0ac85bcaf4b935654a08aad3ce__0  av-single-slide slide-1 slide-odd'><div data-rel='slideshow-1' class='avia-slide-wrap '   ><img decoding=\"async\" fetchpriority=\"high\" class=\"wp-image-3600 avia-img-lazy-loading-not-3600\"  src=\"https:\/\/pitt2cdev.7-s.si\/wp-content\/uploads\/2016\/07\/PITT-cooking-Made-In-Holland-Project-Piet-Boon-2-1-1500x430.jpg\" width=\"1500\" height=\"430\" title='PITT-cooking-Made-In-Holland-Project-Piet-Boon-2' alt=''  itemprop=\"thumbnailUrl\"   \/><\/div><\/li><\/ul><\/div><\/div>\n<div id='av-layout-grid-1'  class='av-layout-grid-container av-kbqd83oq-81e2e3238863529a3956ea018775c606 entry-content-wrapper main_color av-flex-cells  avia-builder-el-1  el_after_av_slideshow_full  avia-builder-el-last  content-padding grid-row-not-first  container_wrap fullsize'  >\n\n<style type=\"text\/css\" data-created_by=\"avia_inline_auto\" id=\"style-css-av-t3t0d-dfe049d385d63db51e9ecebb37f705c6\">\n.flex_cell.av-t3t0d-dfe049d385d63db51e9ecebb37f705c6{\nvertical-align:top;\n}\n.responsive #top #wrap_all .flex_cell.av-t3t0d-dfe049d385d63db51e9ecebb37f705c6{\npadding:0px 0px 0px 0px !important;\n}\n<\/style>\n<div class='flex_cell av-t3t0d-dfe049d385d63db51e9ecebb37f705c6 av-gridrow-cell av_one_fifth no_margin  avia-builder-el-2  el_before_av_cell_three_fifth  avia-builder-el-first  content-align-top av-zero-padding'  ><div class='flex_cell_inner'><\/div><\/div><div class='flex_cell av-2att9-8edb90f7f1dc3f473148f4e9c380edaf av-gridrow-cell av_three_fifth no_margin  avia-builder-el-3  el_after_av_cell_one_fifth  el_before_av_cell_one_fifth '  ><div class='flex_cell_inner'><p>\n<style type=\"text\/css\" data-created_by=\"avia_inline_auto\" id=\"style-css-av-2qyzke-c733132d75bbc5f228310fe3ce2e0fdc\">\n#top .av-special-heading.av-2qyzke-c733132d75bbc5f228310fe3ce2e0fdc{\npadding-bottom:10px;\n}\nbody .av-special-heading.av-2qyzke-c733132d75bbc5f228310fe3ce2e0fdc .av-special-heading-tag .heading-char{\nfont-size:25px;\n}\n.av-special-heading.av-2qyzke-c733132d75bbc5f228310fe3ce2e0fdc .av-subheading{\nfont-size:24px;\n}\n<\/style>\n<div  class='av-special-heading av-2qyzke-c733132d75bbc5f228310fe3ce2e0fdc av-special-heading-h1 blockquote modern-quote  avia-builder-el-4  el_before_av_hr  avia-builder-el-first '><div class='av-subheading av-subheading_above'><p>Ongelmia?<\/p>\n<\/div><h1 class='av-special-heading-tag '  itemprop=\"headline\"  >Ilmoita viasta<\/h1><div class=\"special-heading-border\"><div class=\"special-heading-inner-border\"><\/div><\/div><\/div><br \/>\n\n<style type=\"text\/css\" data-created_by=\"avia_inline_auto\" id=\"style-css-av-w3g0d-83c504cd441f85af6d6b3abc3e657c74\">\n#top .hr.hr-invisible.av-w3g0d-83c504cd441f85af6d6b3abc3e657c74{\nheight:10px;\n}\n<\/style>\n<div  class='hr av-w3g0d-83c504cd441f85af6d6b3abc3e657c74 hr-invisible  avia-builder-el-5  el_after_av_heading  el_before_av_textblock '><span class='hr-inner '><span class=\"hr-inner-style\"><\/span><\/span><\/div><br \/>\n<section  class='av_textblock_section av-ph62t-5cefcf0f28bddf7642fa50754803c71a '   itemscope=\"itemscope\" itemtype=\"https:\/\/schema.org\/CreativeWork\" ><div class='avia_textblock content-text-60'  itemprop=\"text\" ><p data-start=\"56\" data-end=\"227\">Napsauttamalla alla olevaa linkki\u00e4 voit ilmoittaa PITT Cooking -yksik\u00f6n viasta verkossa. Otamme sinuun yhteytt\u00e4 mahdollisimman pian sopiaksemme huoltoajan.<\/p>\n<\/div><\/section><br \/>\n\n<style type=\"text\/css\" data-created_by=\"avia_inline_auto\" id=\"style-css-av-mh3n9-0492bfffd8274e2fd6200a150b6a1f2c\">\n#top .hr.hr-invisible.av-mh3n9-0492bfffd8274e2fd6200a150b6a1f2c{\nheight:30px;\n}\n<\/style>\n<div  class='hr av-mh3n9-0492bfffd8274e2fd6200a150b6a1f2c hr-invisible  avia-builder-el-7  el_after_av_textblock  el_before_av_three_fifth '><span class='hr-inner '><span class=\"hr-inner-style\"><\/span><\/span><\/div><br \/>\n\n<style type=\"text\/css\" data-created_by=\"avia_inline_auto\" id=\"style-css-av-mnnr9-767a6bf94376c34344ff18e94deef27e\">\n.flex_column.av-mnnr9-767a6bf94376c34344ff18e94deef27e{\nborder-radius:0px 0px 0px 0px;\npadding:0px 0px 0px 0px;\n}\n<\/style>\n<div  class='flex_column av-mnnr9-767a6bf94376c34344ff18e94deef27e av_three_fifth  avia-builder-el-8  el_after_av_hr  avia-builder-el-last  first flex_column_div av-zero-column-padding  '     ><div  class='avia-button-wrap avia-button-center  avia-builder-el-9  avia-builder-el-no-sibling '>\n<style type=\"text\/css\" data-created_by=\"avia_inline_auto\" id=\"style-css-av-enhj1-20480d6b17d341831c16acfd472238b0\">\n#top #wrap_all .avia-button.av-enhj1-20480d6b17d341831c16acfd472238b0:hover{\ncolor:white;\ntransition:all 0.4s ease-in-out;\n}\n#top #wrap_all .avia-button.av-enhj1-20480d6b17d341831c16acfd472238b0:hover .avia-svg-icon svg:first-child{\nfill:white;\nstroke:white;\n}\n<\/style>\n<a href='https:\/\/pittcooking.typeform.com\/to\/zXJvQc' class='avia-color-theme-color avia-font-color-theme-color avia-button avia-button-fullwidth av-enhj1-20480d6b17d341831c16acfd472238b0 avia-icon_select-yes-left-icon avia-color-theme-color'  target=\"_blank\"  rel=\"noopener noreferrer\"  aria-label=\"Ilmoita viasta\"><span class='avia_button_icon avia_button_icon_left avia-iconfont avia-font-entypo-fontello' data-av_icon='\ue856' data-av_iconfont='entypo-fontello' ><\/span><span class='avia_iconbox_title' >Ilmoita viasta<\/span><span class='avia_button_background avia-button avia-button-fullwidth avia-color-theme-color'><\/span><\/a><\/div><\/div><\/p>\n<\/div><\/div>\n<style type=\"text\/css\" data-created_by=\"avia_inline_auto\" id=\"style-css-av-8s8l9-4a7c167575b4271ff8eaf579ca03cd09\">\n.flex_cell.av-8s8l9-4a7c167575b4271ff8eaf579ca03cd09{\nvertical-align:top;\n}\n.responsive #top #wrap_all .flex_cell.av-8s8l9-4a7c167575b4271ff8eaf579ca03cd09{\npadding:30px 30px 30px 30px !important;\n}\n<\/style>\n<div class='flex_cell av-8s8l9-4a7c167575b4271ff8eaf579ca03cd09 av-gridrow-cell av_one_fifth no_margin  avia-builder-el-10  el_after_av_cell_three_fifth  avia-builder-el-last  content-align-top'  ><div class='flex_cell_inner'><\/div><\/div><\/div>\n","protected":false},"excerpt":{"rendered":"","protected":false},"author":22,"featured_media":0,"parent":0,"menu_order":2,"comment_status":"closed","ping_status":"closed","template":"","meta":{"footnotes":""},"class_list":["post-67152","page","type-page","status-publish","hentry"],"yoast_head":"<!-- This site is optimized with the Yoast SEO plugin v27.0 - https:\/\/yoast.com\/product\/yoast-seo-wordpress\/ -->\n<title>Ilmoita viasta - PITT Cooking<\/title>\n<meta name=\"description\" content=\"Ilmoita viasta - | Een kookopstelling die bij jou past. Rechtstreeks ge\u00efntegreerd in jouw favoriete aanrechtblad. PITT Cooking Nederland is...\" \/>\n<meta name=\"robots\" content=\"index, follow, max-snippet:-1, max-image-preview:large, max-video-preview:-1\" \/>\n<link rel=\"canonical\" href=\"https:\/\/pitt2cdev.7-s.si\/fi\/ilmoita-viasta\/\" \/>\n<meta property=\"og:locale\" content=\"fi_FI\" \/>\n<meta property=\"og:type\" content=\"article\" \/>\n<meta property=\"og:title\" content=\"Ilmoita viasta - PITT Cooking\" \/>\n<meta property=\"og:description\" content=\"Ilmoita viasta - | Een kookopstelling die bij jou past. Rechtstreeks ge\u00efntegreerd in jouw favoriete aanrechtblad. PITT Cooking Nederland is...\" \/>\n<meta property=\"og:url\" content=\"https:\/\/pitt2cdev.7-s.si\/fi\/ilmoita-viasta\/\" \/>\n<meta property=\"og:site_name\" content=\"PITT Cooking\" \/>\n<meta property=\"article:publisher\" content=\"https:\/\/www.facebook.com\/PITTcooking\" \/>\n<meta property=\"article:modified_time\" content=\"2025-09-03T11:22:11+00:00\" \/>\n<meta property=\"og:image\" content=\"https:\/\/pitt2cdev.7-s.si\/wp-content\/uploads\/2020\/09\/Slider-Cesar-Maxima.jpg\" \/>\n\t<meta property=\"og:image:width\" content=\"1242\" \/>\n\t<meta property=\"og:image:height\" content=\"1171\" \/>\n\t<meta property=\"og:image:type\" content=\"image\/jpeg\" \/>\n<script type=\"application\/ld+json\" class=\"yoast-schema-graph\">{\"@context\":\"https:\/\/schema.org\",\"@graph\":[{\"@type\":\"WebPage\",\"@id\":\"https:\/\/pitt2cdev.7-s.si\/fi\/ilmoita-viasta\/\",\"url\":\"https:\/\/pitt2cdev.7-s.si\/fi\/ilmoita-viasta\/\",\"name\":\"Ilmoita viasta - PITT Cooking\",\"isPartOf\":{\"@id\":\"https:\/\/pitt2cdev.7-s.si\/#website\"},\"datePublished\":\"2016-07-06T06:10:44+00:00\",\"dateModified\":\"2025-09-03T11:22:11+00:00\",\"description\":\"Ilmoita viasta - | Een kookopstelling die bij jou past. Rechtstreeks ge\u00efntegreerd in jouw favoriete aanrechtblad. PITT Cooking Nederland is...\",\"breadcrumb\":{\"@id\":\"https:\/\/pitt2cdev.7-s.si\/fi\/ilmoita-viasta\/#breadcrumb\"},\"inLanguage\":\"fi\",\"potentialAction\":[{\"@type\":\"ReadAction\",\"target\":[\"https:\/\/pitt2cdev.7-s.si\/fi\/ilmoita-viasta\/\"]}]},{\"@type\":\"BreadcrumbList\",\"@id\":\"https:\/\/pitt2cdev.7-s.si\/fi\/ilmoita-viasta\/#breadcrumb\",\"itemListElement\":[{\"@type\":\"ListItem\",\"position\":1,\"name\":\"Home\",\"item\":\"https:\/\/pitt2cdev.7-s.si\/fi\/\"},{\"@type\":\"ListItem\",\"position\":2,\"name\":\"Ilmoita viasta\"}]},{\"@type\":\"WebSite\",\"@id\":\"https:\/\/pitt2cdev.7-s.si\/#website\",\"url\":\"https:\/\/pitt2cdev.7-s.si\/\",\"name\":\"PITT cooking Nederland\",\"description\":\"Gaspitten rechtstreeks geplaatst in je favoriete werkblad.\",\"publisher\":{\"@id\":\"https:\/\/pitt2cdev.7-s.si\/#organization\"},\"alternateName\":\"PITT cooking\",\"potentialAction\":[{\"@type\":\"SearchAction\",\"target\":{\"@type\":\"EntryPoint\",\"urlTemplate\":\"https:\/\/pitt2cdev.7-s.si\/?s={search_term_string}\"},\"query-input\":{\"@type\":\"PropertyValueSpecification\",\"valueRequired\":true,\"valueName\":\"search_term_string\"}}],\"inLanguage\":\"fi\"},{\"@type\":\"Organization\",\"@id\":\"https:\/\/pitt2cdev.7-s.si\/#organization\",\"name\":\"PITT cooking\",\"alternateName\":\"PITT cooking\",\"url\":\"https:\/\/pitt2cdev.7-s.si\/\",\"logo\":{\"@type\":\"ImageObject\",\"inLanguage\":\"fi\",\"@id\":\"https:\/\/pitt2cdev.7-s.si\/#\/schema\/logo\/image\/\",\"url\":\"https:\/\/pitt2cdev.7-s.si\/wp-content\/uploads\/2020\/06\/pitt-logo.svg\",\"contentUrl\":\"https:\/\/pitt2cdev.7-s.si\/wp-content\/uploads\/2020\/06\/pitt-logo.svg\",\"width\":1920,\"height\":1080,\"caption\":\"PITT cooking\"},\"image\":{\"@id\":\"https:\/\/pitt2cdev.7-s.si\/#\/schema\/logo\/image\/\"},\"sameAs\":[\"https:\/\/www.facebook.com\/PITTcooking\",\"https:\/\/www.instagram.com\/pittcooking\/\",\"https:\/\/nl.linkedin.com\/company\/pitt-cooking\",\"https:\/\/nl.pinterest.com\/pittcooking\/\",\"https:\/\/www.youtube.com\/user\/PITTcooking\"]}]}<\/script>\n<!-- \/ Yoast SEO plugin. -->","yoast_head_json":{"title":"Ilmoita viasta - PITT Cooking","description":"Ilmoita viasta - | Een kookopstelling die bij jou past. Rechtstreeks ge\u00efntegreerd in jouw favoriete aanrechtblad. PITT Cooking Nederland is...","robots":{"index":"index","follow":"follow","max-snippet":"max-snippet:-1","max-image-preview":"max-image-preview:large","max-video-preview":"max-video-preview:-1"},"canonical":"https:\/\/pitt2cdev.7-s.si\/fi\/ilmoita-viasta\/","og_locale":"fi_FI","og_type":"article","og_title":"Ilmoita viasta - PITT Cooking","og_description":"Ilmoita viasta - | Een kookopstelling die bij jou past. Rechtstreeks ge\u00efntegreerd in jouw favoriete aanrechtblad. PITT Cooking Nederland is...","og_url":"https:\/\/pitt2cdev.7-s.si\/fi\/ilmoita-viasta\/","og_site_name":"PITT Cooking","article_publisher":"https:\/\/www.facebook.com\/PITTcooking","article_modified_time":"2025-09-03T11:22:11+00:00","og_image":[{"width":1242,"height":1171,"url":"https:\/\/pitt2cdev.7-s.si\/wp-content\/uploads\/2020\/09\/Slider-Cesar-Maxima.jpg","type":"image\/jpeg"}],"schema":{"@context":"https:\/\/schema.org","@graph":[{"@type":"WebPage","@id":"https:\/\/pitt2cdev.7-s.si\/fi\/ilmoita-viasta\/","url":"https:\/\/pitt2cdev.7-s.si\/fi\/ilmoita-viasta\/","name":"Ilmoita viasta - PITT Cooking","isPartOf":{"@id":"https:\/\/pitt2cdev.7-s.si\/#website"},"datePublished":"2016-07-06T06:10:44+00:00","dateModified":"2025-09-03T11:22:11+00:00","description":"Ilmoita viasta - | Een kookopstelling die bij jou past. Rechtstreeks ge\u00efntegreerd in jouw favoriete aanrechtblad. PITT Cooking Nederland is...","breadcrumb":{"@id":"https:\/\/pitt2cdev.7-s.si\/fi\/ilmoita-viasta\/#breadcrumb"},"inLanguage":"fi","potentialAction":[{"@type":"ReadAction","target":["https:\/\/pitt2cdev.7-s.si\/fi\/ilmoita-viasta\/"]}]},{"@type":"BreadcrumbList","@id":"https:\/\/pitt2cdev.7-s.si\/fi\/ilmoita-viasta\/#breadcrumb","itemListElement":[{"@type":"ListItem","position":1,"name":"Home","item":"https:\/\/pitt2cdev.7-s.si\/fi\/"},{"@type":"ListItem","position":2,"name":"Ilmoita viasta"}]},{"@type":"WebSite","@id":"https:\/\/pitt2cdev.7-s.si\/#website","url":"https:\/\/pitt2cdev.7-s.si\/","name":"PITT cooking Nederland","description":"Gaspitten rechtstreeks geplaatst in je favoriete werkblad.","publisher":{"@id":"https:\/\/pitt2cdev.7-s.si\/#organization"},"alternateName":"PITT cooking","potentialAction":[{"@type":"SearchAction","target":{"@type":"EntryPoint","urlTemplate":"https:\/\/pitt2cdev.7-s.si\/?s={search_term_string}"},"query-input":{"@type":"PropertyValueSpecification","valueRequired":true,"valueName":"search_term_string"}}],"inLanguage":"fi"},{"@type":"Organization","@id":"https:\/\/pitt2cdev.7-s.si\/#organization","name":"PITT cooking","alternateName":"PITT cooking","url":"https:\/\/pitt2cdev.7-s.si\/","logo":{"@type":"ImageObject","inLanguage":"fi","@id":"https:\/\/pitt2cdev.7-s.si\/#\/schema\/logo\/image\/","url":"https:\/\/pitt2cdev.7-s.si\/wp-content\/uploads\/2020\/06\/pitt-logo.svg","contentUrl":"https:\/\/pitt2cdev.7-s.si\/wp-content\/uploads\/2020\/06\/pitt-logo.svg","width":1920,"height":1080,"caption":"PITT cooking"},"image":{"@id":"https:\/\/pitt2cdev.7-s.si\/#\/schema\/logo\/image\/"},"sameAs":["https:\/\/www.facebook.com\/PITTcooking","https:\/\/www.instagram.com\/pittcooking\/","https:\/\/nl.linkedin.com\/company\/pitt-cooking","https:\/\/nl.pinterest.com\/pittcooking\/","https:\/\/www.youtube.com\/user\/PITTcooking"]}]}},"_links":{"self":[{"href":"https:\/\/pitt2cdev.7-s.si\/fi\/wp-json\/wp\/v2\/pages\/67152","targetHints":{"allow":["GET"]}}],"collection":[{"href":"https:\/\/pitt2cdev.7-s.si\/fi\/wp-json\/wp\/v2\/pages"}],"about":[{"href":"https:\/\/pitt2cdev.7-s.si\/fi\/wp-json\/wp\/v2\/types\/page"}],"author":[{"embeddable":true,"href":"https:\/\/pitt2cdev.7-s.si\/fi\/wp-json\/wp\/v2\/users\/22"}],"replies":[{"embeddable":true,"href":"https:\/\/pitt2cdev.7-s.si\/fi\/wp-json\/wp\/v2\/comments?post=67152"}],"version-history":[{"count":5,"href":"https:\/\/pitt2cdev.7-s.si\/fi\/wp-json\/wp\/v2\/pages\/67152\/revisions"}],"predecessor-version":[{"id":67737,"href":"https:\/\/pitt2cdev.7-s.si\/fi\/wp-json\/wp\/v2\/pages\/67152\/revisions\/67737"}],"wp:attachment":[{"href":"https:\/\/pitt2cdev.7-s.si\/fi\/wp-json\/wp\/v2\/media?parent=67152"}],"curies":[{"name":"wp","href":"https:\/\/api.w.org\/{rel}","templated":true}]}}