{"id":38327,"date":"2016-10-25T15:19:39","date_gmt":"2016-10-25T13:19:39","guid":{"rendered":"https:\/\/pittcooking.com\/perche-pittcooking\/"},"modified":"2020-10-20T11:55:38","modified_gmt":"2020-10-20T09:55:38","slug":"perche-pittcooking","status":"publish","type":"page","link":"https:\/\/pitt2cdev.7-s.si\/it\/perche-pittcooking\/","title":{"rendered":"Perch\u00e9 PITT\u00ae cooking?"},"content":{"rendered":"<div id='full_slider_1'  class='avia-fullwidth-slider main_color avia-shadow   avia-builder-el-0  el_before_av_layout_row  avia-builder-el-first   container_wrap fullsize'  ><div  class='avia-slideshow av-wqd6fp-716703456c5c80416546017e815ac0ae avia-slideshow-featured av_slideshow_full avia-slide-slider av-slideshow-ui av-control-default av-slideshow-manual av-loop-once av-loop-manual-endless av-default-height-applied   avia-slideshow-1' data-slideshow-options=\"{&quot;animation&quot;:&quot;slide&quot;,&quot;autoplay&quot;:false,&quot;loop_autoplay&quot;:&quot;once&quot;,&quot;interval&quot;:5,&quot;loop_manual&quot;:&quot;manual-endless&quot;,&quot;autoplay_stopper&quot;:false,&quot;noNavigation&quot;:false,&quot;bg_slider&quot;:false,&quot;keep_padding&quot;:false,&quot;hoverpause&quot;:false,&quot;show_slide_delay&quot;:0}\"  itemprop=\"image\" itemscope=\"itemscope\" itemtype=\"https:\/\/schema.org\/ImageObject\" ><ul class='avia-slideshow-inner ' style='padding-bottom: 28.666666666667%;'><li  class='avia-slideshow-slide av-wqd6fp-716703456c5c80416546017e815ac0ae__0  av-single-slide slide-1 slide-odd'><div data-rel='slideshow-1' class='avia-slide-wrap '   ><img decoding=\"async\" fetchpriority=\"high\" class=\"wp-image-18590 avia-img-lazy-loading-not-18590\"  src=\"https:\/\/pitt2cdev.7-s.si\/wp-content\/uploads\/2016\/08\/PITT-cooking-Made-in-Holland-Losse-gaspitten-Project-i29-1-1500x430.jpg\" width=\"1500\" height=\"430\" title='pitt-cooking-made-in-holland-losse-gaspitten-project-i29' alt=''  itemprop=\"thumbnailUrl\"   \/><\/div><\/li><\/ul><\/div><\/div>\n<div id='av-layout-grid-1'  class='av-layout-grid-container av-kbqbs28e-72310260514c1c887b75869af81db715 entry-content-wrapper main_color av-flex-cells  avia-builder-el-1  el_after_av_slideshow_full  avia-builder-el-last  content-padding grid-row-not-first  container_wrap fullsize'  >\n\n<style type=\"text\/css\" data-created_by=\"avia_inline_auto\" id=\"style-css-av-5xddpx-f814b61db501d6eeee491dc2b6e0a7bc\">\n.flex_cell.av-5xddpx-f814b61db501d6eeee491dc2b6e0a7bc{\nvertical-align:top;\n}\n.responsive #top #wrap_all .flex_cell.av-5xddpx-f814b61db501d6eeee491dc2b6e0a7bc{\npadding:0px 0px 0px 0px !important;\n}\n<\/style>\n<div class='flex_cell av-5xddpx-f814b61db501d6eeee491dc2b6e0a7bc av-gridrow-cell av_one_fifth no_margin  avia-builder-el-2  el_before_av_cell_three_fifth  avia-builder-el-first  content-align-top av-zero-padding'  ><div class='flex_cell_inner'><\/div><\/div><div class='flex_cell av-44ts11-02bc0d59c508c9bca049491ce6e4704f av-gridrow-cell av_three_fifth no_margin  avia-builder-el-3  el_after_av_cell_one_fifth  el_before_av_cell_one_fifth '  ><div class='flex_cell_inner'>\n<style type=\"text\/css\" data-created_by=\"avia_inline_auto\" id=\"style-css-av-av_heading-9a3cf6c6e0b96c90da043c6383b84da7\">\n#top .av-special-heading.av-av_heading-9a3cf6c6e0b96c90da043c6383b84da7{\npadding-bottom:10px;\n}\nbody .av-special-heading.av-av_heading-9a3cf6c6e0b96c90da043c6383b84da7 .av-special-heading-tag .heading-char{\nfont-size:25px;\n}\n.av-special-heading.av-av_heading-9a3cf6c6e0b96c90da043c6383b84da7 .av-subheading{\nfont-size:24px;\n}\n<\/style>\n<div  class='av-special-heading av-av_heading-9a3cf6c6e0b96c90da043c6383b84da7 av-special-heading-h1 blockquote modern-quote  avia-builder-el-4  el_before_av_hr  avia-builder-el-first '><div class='av-subheading av-subheading_above'><p>Lasciati convincere<\/p>\n<\/div><h1 class='av-special-heading-tag '  itemprop=\"headline\"  >Perch\u00e9 PITT\u00ae cooking?<\/h1><div class=\"special-heading-border\"><div class=\"special-heading-inner-border\"><\/div><\/div><\/div><br \/>\n\n<style type=\"text\/css\" data-created_by=\"avia_inline_auto\" id=\"style-css-av-gshgfp-8a360ee9ac5e3351804bcaee1e7dd03b\">\n#top .hr.hr-invisible.av-gshgfp-8a360ee9ac5e3351804bcaee1e7dd03b{\nheight:10px;\n}\n<\/style>\n<div  class='hr av-gshgfp-8a360ee9ac5e3351804bcaee1e7dd03b hr-invisible  avia-builder-el-5  el_after_av_heading  el_before_av_textblock '><span class='hr-inner '><span class=\"hr-inner-style\"><\/span><\/span><\/div><br \/>\n<section  class='av_textblock_section av-gb78qt-6aaa9c2f6127ff73736cdc358c75c719 '   itemscope=\"itemscope\" itemtype=\"https:\/\/schema.org\/CreativeWork\" ><div class='avia_textblock content-text-60'  itemprop=\"text\" ><p>Dopo aver scelto PITT non tornerai pi\u00f9 indietro. E non \u00e8 solo un modo di dire. L\u2019idea nasce dai punti deboli dei piani cottura tradizionali. Non \u00e8 possibile utilizzare tutti i fuochi contemporaneamente: ti suona familiare? Questo \u00e8 il motivo per cui la tua cucina non potr\u00e0 pi\u00f9 fare a meno di PITT Cooking.<\/p>\n<\/div><\/section><br \/>\n<div  class='togglecontainer av-ei4s1h-8d04623b9615f19cd90e02a129b2d307 av-elegant-toggle  avia-builder-el-7  el_after_av_textblock  avia-builder-el-last  toggle_close_all' >\n<section class='av_toggle_section av-aixdwl-ebe1bae35d3f4432881850591ba20959'  itemscope=\"itemscope\" itemtype=\"https:\/\/schema.org\/CreativeWork\" ><div role=\"tablist\" class=\"single_toggle\" data-tags=\"{Tutto} \"  ><p id='toggle-toggle-id-1' data-fake-id='#toggle-id-1' class='toggler  av-title-above '  itemprop=\"headline\"  role='tab' tabindex='0' aria-controls='toggle-id-1' data-slide-speed=\"200\" data-title=\"Sempre spazio a sufficienza per le tue pentole e padelle\" data-title-open=\"\" data-aria_collapsed=\"Clicca per espandere: Sempre spazio a sufficienza per le tue pentole e padelle\" data-aria_expanded=\"Fare clic per chiudere: Sempre spazio a sufficienza per le tue pentole e padelle\">Sempre spazio a sufficienza per le tue pentole e padelle<span class=\"toggle_icon\"><span class=\"vert_icon\"><\/span><span class=\"hor_icon\"><\/span><\/span><\/p><div id='toggle-id-1' aria-labelledby='toggle-toggle-id-1' role='region' class='toggle_wrap  av-title-above'  ><div class='toggle_content invers-color '  itemprop=\"text\" ><p>Finalmente abbastanza spazio per pentole e padelle: rispetto ai soliti piani cottura, PITT\u00ae cooking offre almeno 28 centimetri di spazio tra ogni bruciatore. D\u2019ora in avanti avrai sempre abbastanza spazio per poter utilizzare tutti i fuochi contemporaneamente. Persino con pentole grandi.<\/p>\n<\/div><\/div><\/div><\/section>\n<section class='av_toggle_section av-9q5i8l-776739b67132a51e3b28a7de87e12e71'  itemscope=\"itemscope\" itemtype=\"https:\/\/schema.org\/CreativeWork\" ><div role=\"tablist\" class=\"single_toggle\" data-tags=\"{Tutto} \"  ><p id='toggle-toggle-id-2' data-fake-id='#toggle-id-2' class='toggler  av-title-above '  itemprop=\"headline\"  role='tab' tabindex='0' aria-controls='toggle-id-2' data-slide-speed=\"200\" data-title=\"Un capolavoro in cucina\" data-title-open=\"\" data-aria_collapsed=\"Clicca per espandere: Un capolavoro in cucina\" data-aria_expanded=\"Fare clic per chiudere: Un capolavoro in cucina\">Un capolavoro in cucina<span class=\"toggle_icon\"><span class=\"vert_icon\"><\/span><span class=\"hor_icon\"><\/span><\/span><\/p><div id='toggle-id-2' aria-labelledby='toggle-toggle-id-2' role='region' class='toggle_wrap  av-title-above'  ><div class='toggle_content invers-color '  itemprop=\"text\" ><p>Grazie al suo look senza tempo, PITT\u00ae cooking \u00e8 adatto a ogni tipo di cucina: dalla classica, allo stile rustico, alla moderna cucina di design.<br \/>\nLe griglie in ghisa nere si sposano con ogni tipologia di cucina. E rendono sempre pi\u00f9 attraente la tua cucina.<\/p>\n<\/div><\/div><\/div><\/section>\n<section class='av_toggle_section av-av_toggle-e0dcd0bf02929450e1d5e0967e6b7c1f'  itemscope=\"itemscope\" itemtype=\"https:\/\/schema.org\/CreativeWork\" ><div role=\"tablist\" class=\"single_toggle\" data-tags=\"{Tutto} \"  ><p id='toggle-toggle-id-3' data-fake-id='#toggle-id-3' class='toggler  av-title-above '  itemprop=\"headline\"  role='tab' tabindex='0' aria-controls='toggle-id-3' data-slide-speed=\"200\" data-title=\"Cucinare in maniera efficiente\" data-title-open=\"\" data-aria_collapsed=\"Clicca per espandere: Cucinare in maniera efficiente\" data-aria_expanded=\"Fare clic per chiudere: Cucinare in maniera efficiente\">Cucinare in maniera efficiente<span class=\"toggle_icon\"><span class=\"vert_icon\"><\/span><span class=\"hor_icon\"><\/span><\/span><\/p><div id='toggle-id-3' aria-labelledby='toggle-toggle-id-3' role='region' class='toggle_wrap  av-title-above'  ><div class='toggle_content invers-color '  itemprop=\"text\" ><p>I nostri bruciatori robusti ed efficienti sono realizzati esclusivamente con materiali di alta qualit\u00e0 e incontrano gli standard professionali. Il nostro bruciatore combinato wok-fuoco lento, \u00e8 unico nel suo genere: due funzioni in un solo fuoco controllate da una sola manopola. User friendly \u2013 come dovrebbe essere.<\/p>\n<\/div><\/div><\/div><\/section>\n<section class='av_toggle_section av-68posl-28a40737536562506533f87a580634c4'  itemscope=\"itemscope\" itemtype=\"https:\/\/schema.org\/CreativeWork\" ><div role=\"tablist\" class=\"single_toggle\" data-tags=\"{Tutto} \"  ><p id='toggle-toggle-id-4' data-fake-id='#toggle-id-4' class='toggler  av-title-above '  itemprop=\"headline\"  role='tab' tabindex='0' aria-controls='toggle-id-4' data-slide-speed=\"200\" data-title=\"Qualit\u00e0 e sicurezza\" data-title-open=\"\" data-aria_collapsed=\"Clicca per espandere: Qualit\u00e0 e sicurezza\" data-aria_expanded=\"Fare clic per chiudere: Qualit\u00e0 e sicurezza\">Qualit\u00e0 e sicurezza<span class=\"toggle_icon\"><span class=\"vert_icon\"><\/span><span class=\"hor_icon\"><\/span><\/span><\/p><div id='toggle-id-4' aria-labelledby='toggle-toggle-id-4' role='region' class='toggle_wrap  av-title-above'  ><div class='toggle_content invers-color '  itemprop=\"text\" ><p>PITT\u00ae cooking risponde agli standard di sicurezza e qualit\u00e0 per le apparecchiature a gas certificate. \u00a0Queste certificazioni offrono agli utilizzatori la sicurezza che il proprio elettrodomestico a gas risponda ai pi\u00f9 alti canoni di qualit\u00e0, di efficienza e di sicurezza. Offriamo una garanzia di 30 mesi sul nostro prodotto.<\/p>\n<\/div><\/div><\/div><\/section>\n<section class='av_toggle_section av-48hdol-9c5bba2e8bafa4054f5eecd0d3089f0e'  itemscope=\"itemscope\" itemtype=\"https:\/\/schema.org\/CreativeWork\" ><div role=\"tablist\" class=\"single_toggle\" data-tags=\"{Tutto} \"  ><p id='toggle-toggle-id-5' data-fake-id='#toggle-id-5' class='toggler  av-title-above '  itemprop=\"headline\"  role='tab' tabindex='0' aria-controls='toggle-id-5' data-slide-speed=\"200\" data-title=\"Semplice nella manutenzione\" data-title-open=\"\" data-aria_collapsed=\"Clicca per espandere: Semplice nella manutenzione\" data-aria_expanded=\"Fare clic per chiudere: Semplice nella manutenzione\">Semplice nella manutenzione<span class=\"toggle_icon\"><span class=\"vert_icon\"><\/span><span class=\"hor_icon\"><\/span><\/span><\/p><div id='toggle-id-5' aria-labelledby='toggle-toggle-id-5' role='region' class='toggle_wrap  av-title-above'  ><div class='toggle_content invers-color '  itemprop=\"text\" ><p>Mai pi\u00f9 intimoriti dalla pulizia dello spazio di lavoro. L\u2019assenza di bordi e angoli rialzati, insieme alla facilit\u00e0 con cui si smontano le varie componenti, fa in modo che PITT Cooking offra la massima facilit\u00e0 d\u2019uso non solo mentre si cucina ma anche dopo.<\/p>\n<\/div><\/div><\/div><\/section>\n<section class='av_toggle_section av-av_toggle-d5d724ed8fc823ca017b0da5014b1afb'  itemscope=\"itemscope\" itemtype=\"https:\/\/schema.org\/CreativeWork\" ><div role=\"tablist\" class=\"single_toggle\" data-tags=\"{Tutto} \"  ><p id='toggle-toggle-id-6' data-fake-id='#toggle-id-6' class='toggler  av-title-above '  itemprop=\"headline\"  role='tab' tabindex='0' aria-controls='toggle-id-6' data-slide-speed=\"200\" data-title=\"Infinite possibilit\u00e0 di scelta.\" data-title-open=\"\" data-aria_collapsed=\"Clicca per espandere: Infinite possibilit\u00e0 di scelta.\" data-aria_expanded=\"Fare clic per chiudere: Infinite possibilit\u00e0 di scelta.\">Infinite possibilit\u00e0 di scelta.<span class=\"toggle_icon\"><span class=\"vert_icon\"><\/span><span class=\"hor_icon\"><\/span><\/span><\/p><div id='toggle-id-6' aria-labelledby='toggle-toggle-id-6' role='region' class='toggle_wrap  av-title-above'  ><div class='toggle_content invers-color '  itemprop=\"text\" ><p>Partendo dalle necessit\u00e0 dell\u2019utilizzatore, abbiamo creato un assortimento con innumerevoli configurazioni possibili. Tutti i modelli possono essere combinati tra loro a proprio piacimento. Il tuo piano cottura ideale su misura, partendo dal tuo personale stile di cucina e dallo spazio disponibile. Una risposta per ogni esigenza.<\/p>\n<\/div><\/div><\/div><\/section>\n<\/div><\/p>\n<\/div><\/div>\n<style type=\"text\/css\" data-created_by=\"avia_inline_auto\" id=\"style-css-av-qf0l-2144ce85d2ca7a1d3c63ef6d93f4c612\">\n.flex_cell.av-qf0l-2144ce85d2ca7a1d3c63ef6d93f4c612{\nvertical-align:top;\n}\n.responsive #top #wrap_all .flex_cell.av-qf0l-2144ce85d2ca7a1d3c63ef6d93f4c612{\npadding:30px 30px 30px 30px !important;\n}\n<\/style>\n<div class='flex_cell av-qf0l-2144ce85d2ca7a1d3c63ef6d93f4c612 av-gridrow-cell av_one_fifth no_margin  avia-builder-el-8  el_after_av_cell_three_fifth  avia-builder-el-last  content-align-top'  ><div class='flex_cell_inner'><\/div><\/div><\/div>\n","protected":false},"excerpt":{"rendered":"","protected":false},"author":22,"featured_media":0,"parent":0,"menu_order":1,"comment_status":"closed","ping_status":"closed","template":"","meta":{"footnotes":""},"class_list":["post-38327","page","type-page","status-publish","hentry"],"yoast_head":"<!-- This site is optimized with the Yoast SEO plugin v27.0 - https:\/\/yoast.com\/product\/yoast-seo-wordpress\/ -->\n<title>Perch\u00e9 PITT\u00ae cooking? - PITT Cooking<\/title>\n<meta name=\"description\" content=\"Perch\u00e9 PITT\u00ae cooking? - | Een kookopstelling die bij jou past. Rechtstreeks ge\u00efntegreerd in jouw favoriete aanrechtblad. PITT Cooking Nederland is...\" \/>\n<meta name=\"robots\" content=\"index, follow, max-snippet:-1, max-image-preview:large, max-video-preview:-1\" \/>\n<link rel=\"canonical\" href=\"https:\/\/pitt2cdev.7-s.si\/it\/perche-pittcooking\/\" \/>\n<meta property=\"og:locale\" content=\"it_IT\" \/>\n<meta property=\"og:type\" content=\"article\" \/>\n<meta property=\"og:title\" content=\"Perch\u00e9 PITT\u00ae cooking? - PITT Cooking\" \/>\n<meta property=\"og:description\" content=\"Perch\u00e9 PITT\u00ae cooking? - | Een kookopstelling die bij jou past. Rechtstreeks ge\u00efntegreerd in jouw favoriete aanrechtblad. PITT Cooking Nederland is...\" \/>\n<meta property=\"og:url\" content=\"https:\/\/pitt2cdev.7-s.si\/it\/perche-pittcooking\/\" \/>\n<meta property=\"og:site_name\" content=\"PITT Cooking\" \/>\n<meta property=\"article:publisher\" content=\"https:\/\/www.facebook.com\/PITTcooking\" \/>\n<meta property=\"article:modified_time\" content=\"2020-10-20T09:55:38+00:00\" \/>\n<meta property=\"og:image\" content=\"https:\/\/pitt2cdev.7-s.si\/wp-content\/uploads\/2020\/09\/Slider-Cesar-Maxima.jpg\" \/>\n\t<meta property=\"og:image:width\" content=\"1242\" \/>\n\t<meta property=\"og:image:height\" content=\"1171\" \/>\n\t<meta property=\"og:image:type\" content=\"image\/jpeg\" \/>\n<script type=\"application\/ld+json\" class=\"yoast-schema-graph\">{\"@context\":\"https:\/\/schema.org\",\"@graph\":[{\"@type\":\"WebPage\",\"@id\":\"https:\/\/pitt2cdev.7-s.si\/it\/perche-pittcooking\/\",\"url\":\"https:\/\/pitt2cdev.7-s.si\/it\/perche-pittcooking\/\",\"name\":\"Perch\u00e9 PITT\u00ae cooking? - PITT Cooking\",\"isPartOf\":{\"@id\":\"https:\/\/pitt2cdev.7-s.si\/#website\"},\"datePublished\":\"2016-10-25T13:19:39+00:00\",\"dateModified\":\"2020-10-20T09:55:38+00:00\",\"description\":\"Perch\u00e9 PITT\u00ae cooking? - | Een kookopstelling die bij jou past. Rechtstreeks ge\u00efntegreerd in jouw favoriete aanrechtblad. PITT Cooking Nederland is...\",\"breadcrumb\":{\"@id\":\"https:\/\/pitt2cdev.7-s.si\/it\/perche-pittcooking\/#breadcrumb\"},\"inLanguage\":\"it-IT\",\"potentialAction\":[{\"@type\":\"ReadAction\",\"target\":[\"https:\/\/pitt2cdev.7-s.si\/it\/perche-pittcooking\/\"]}]},{\"@type\":\"BreadcrumbList\",\"@id\":\"https:\/\/pitt2cdev.7-s.si\/it\/perche-pittcooking\/#breadcrumb\",\"itemListElement\":[{\"@type\":\"ListItem\",\"position\":1,\"name\":\"Home\",\"item\":\"https:\/\/pitt2cdev.7-s.si\/it\/\"},{\"@type\":\"ListItem\",\"position\":2,\"name\":\"Perch\u00e9 PITT\u00ae cooking?\"}]},{\"@type\":\"WebSite\",\"@id\":\"https:\/\/pitt2cdev.7-s.si\/#website\",\"url\":\"https:\/\/pitt2cdev.7-s.si\/\",\"name\":\"PITT cooking Nederland\",\"description\":\"Gaspitten rechtstreeks geplaatst in je favoriete werkblad.\",\"publisher\":{\"@id\":\"https:\/\/pitt2cdev.7-s.si\/#organization\"},\"alternateName\":\"PITT cooking\",\"potentialAction\":[{\"@type\":\"SearchAction\",\"target\":{\"@type\":\"EntryPoint\",\"urlTemplate\":\"https:\/\/pitt2cdev.7-s.si\/?s={search_term_string}\"},\"query-input\":{\"@type\":\"PropertyValueSpecification\",\"valueRequired\":true,\"valueName\":\"search_term_string\"}}],\"inLanguage\":\"it-IT\"},{\"@type\":\"Organization\",\"@id\":\"https:\/\/pitt2cdev.7-s.si\/#organization\",\"name\":\"PITT cooking\",\"alternateName\":\"PITT cooking\",\"url\":\"https:\/\/pitt2cdev.7-s.si\/\",\"logo\":{\"@type\":\"ImageObject\",\"inLanguage\":\"it-IT\",\"@id\":\"https:\/\/pitt2cdev.7-s.si\/#\/schema\/logo\/image\/\",\"url\":\"https:\/\/pitt2cdev.7-s.si\/wp-content\/uploads\/2020\/06\/pitt-logo.svg\",\"contentUrl\":\"https:\/\/pitt2cdev.7-s.si\/wp-content\/uploads\/2020\/06\/pitt-logo.svg\",\"width\":1920,\"height\":1080,\"caption\":\"PITT cooking\"},\"image\":{\"@id\":\"https:\/\/pitt2cdev.7-s.si\/#\/schema\/logo\/image\/\"},\"sameAs\":[\"https:\/\/www.facebook.com\/PITTcooking\",\"https:\/\/www.instagram.com\/pittcooking\/\",\"https:\/\/nl.linkedin.com\/company\/pitt-cooking\",\"https:\/\/nl.pinterest.com\/pittcooking\/\",\"https:\/\/www.youtube.com\/user\/PITTcooking\"]}]}<\/script>\n<!-- \/ Yoast SEO plugin. -->","yoast_head_json":{"title":"Perch\u00e9 PITT\u00ae cooking? - PITT Cooking","description":"Perch\u00e9 PITT\u00ae cooking? - | Een kookopstelling die bij jou past. Rechtstreeks ge\u00efntegreerd in jouw favoriete aanrechtblad. PITT Cooking Nederland is...","robots":{"index":"index","follow":"follow","max-snippet":"max-snippet:-1","max-image-preview":"max-image-preview:large","max-video-preview":"max-video-preview:-1"},"canonical":"https:\/\/pitt2cdev.7-s.si\/it\/perche-pittcooking\/","og_locale":"it_IT","og_type":"article","og_title":"Perch\u00e9 PITT\u00ae cooking? - PITT Cooking","og_description":"Perch\u00e9 PITT\u00ae cooking? - | Een kookopstelling die bij jou past. Rechtstreeks ge\u00efntegreerd in jouw favoriete aanrechtblad. PITT Cooking Nederland is...","og_url":"https:\/\/pitt2cdev.7-s.si\/it\/perche-pittcooking\/","og_site_name":"PITT Cooking","article_publisher":"https:\/\/www.facebook.com\/PITTcooking","article_modified_time":"2020-10-20T09:55:38+00:00","og_image":[{"width":1242,"height":1171,"url":"https:\/\/pitt2cdev.7-s.si\/wp-content\/uploads\/2020\/09\/Slider-Cesar-Maxima.jpg","type":"image\/jpeg"}],"schema":{"@context":"https:\/\/schema.org","@graph":[{"@type":"WebPage","@id":"https:\/\/pitt2cdev.7-s.si\/it\/perche-pittcooking\/","url":"https:\/\/pitt2cdev.7-s.si\/it\/perche-pittcooking\/","name":"Perch\u00e9 PITT\u00ae cooking? - PITT Cooking","isPartOf":{"@id":"https:\/\/pitt2cdev.7-s.si\/#website"},"datePublished":"2016-10-25T13:19:39+00:00","dateModified":"2020-10-20T09:55:38+00:00","description":"Perch\u00e9 PITT\u00ae cooking? - | Een kookopstelling die bij jou past. Rechtstreeks ge\u00efntegreerd in jouw favoriete aanrechtblad. PITT Cooking Nederland is...","breadcrumb":{"@id":"https:\/\/pitt2cdev.7-s.si\/it\/perche-pittcooking\/#breadcrumb"},"inLanguage":"it-IT","potentialAction":[{"@type":"ReadAction","target":["https:\/\/pitt2cdev.7-s.si\/it\/perche-pittcooking\/"]}]},{"@type":"BreadcrumbList","@id":"https:\/\/pitt2cdev.7-s.si\/it\/perche-pittcooking\/#breadcrumb","itemListElement":[{"@type":"ListItem","position":1,"name":"Home","item":"https:\/\/pitt2cdev.7-s.si\/it\/"},{"@type":"ListItem","position":2,"name":"Perch\u00e9 PITT\u00ae cooking?"}]},{"@type":"WebSite","@id":"https:\/\/pitt2cdev.7-s.si\/#website","url":"https:\/\/pitt2cdev.7-s.si\/","name":"PITT cooking Nederland","description":"Gaspitten rechtstreeks geplaatst in je favoriete werkblad.","publisher":{"@id":"https:\/\/pitt2cdev.7-s.si\/#organization"},"alternateName":"PITT cooking","potentialAction":[{"@type":"SearchAction","target":{"@type":"EntryPoint","urlTemplate":"https:\/\/pitt2cdev.7-s.si\/?s={search_term_string}"},"query-input":{"@type":"PropertyValueSpecification","valueRequired":true,"valueName":"search_term_string"}}],"inLanguage":"it-IT"},{"@type":"Organization","@id":"https:\/\/pitt2cdev.7-s.si\/#organization","name":"PITT cooking","alternateName":"PITT cooking","url":"https:\/\/pitt2cdev.7-s.si\/","logo":{"@type":"ImageObject","inLanguage":"it-IT","@id":"https:\/\/pitt2cdev.7-s.si\/#\/schema\/logo\/image\/","url":"https:\/\/pitt2cdev.7-s.si\/wp-content\/uploads\/2020\/06\/pitt-logo.svg","contentUrl":"https:\/\/pitt2cdev.7-s.si\/wp-content\/uploads\/2020\/06\/pitt-logo.svg","width":1920,"height":1080,"caption":"PITT cooking"},"image":{"@id":"https:\/\/pitt2cdev.7-s.si\/#\/schema\/logo\/image\/"},"sameAs":["https:\/\/www.facebook.com\/PITTcooking","https:\/\/www.instagram.com\/pittcooking\/","https:\/\/nl.linkedin.com\/company\/pitt-cooking","https:\/\/nl.pinterest.com\/pittcooking\/","https:\/\/www.youtube.com\/user\/PITTcooking"]}]}},"_links":{"self":[{"href":"https:\/\/pitt2cdev.7-s.si\/it\/wp-json\/wp\/v2\/pages\/38327","targetHints":{"allow":["GET"]}}],"collection":[{"href":"https:\/\/pitt2cdev.7-s.si\/it\/wp-json\/wp\/v2\/pages"}],"about":[{"href":"https:\/\/pitt2cdev.7-s.si\/it\/wp-json\/wp\/v2\/types\/page"}],"author":[{"embeddable":true,"href":"https:\/\/pitt2cdev.7-s.si\/it\/wp-json\/wp\/v2\/users\/22"}],"replies":[{"embeddable":true,"href":"https:\/\/pitt2cdev.7-s.si\/it\/wp-json\/wp\/v2\/comments?post=38327"}],"version-history":[{"count":4,"href":"https:\/\/pitt2cdev.7-s.si\/it\/wp-json\/wp\/v2\/pages\/38327\/revisions"}],"predecessor-version":[{"id":39302,"href":"https:\/\/pitt2cdev.7-s.si\/it\/wp-json\/wp\/v2\/pages\/38327\/revisions\/39302"}],"wp:attachment":[{"href":"https:\/\/pitt2cdev.7-s.si\/it\/wp-json\/wp\/v2\/media?parent=38327"}],"curies":[{"name":"wp","href":"https:\/\/api.w.org\/{rel}","templated":true}]}}