{"id":37993,"date":"2016-08-06T08:01:31","date_gmt":"2016-08-06T06:01:31","guid":{"rendered":"https:\/\/pittcooking.com\/surtido\/"},"modified":"2021-06-29T12:12:46","modified_gmt":"2021-06-29T10:12:46","slug":"surtido","status":"publish","type":"page","link":"https:\/\/pitt2cdev.7-s.si\/mx\/surtido\/","title":{"rendered":"Surtido"},"content":{"rendered":"<div id='full_slider_1'  class='avia-fullwidth-slider main_color avia-shadow   avia-builder-el-0  el_before_av_layout_row  avia-builder-el-first   container_wrap fullsize'  ><div  class='avia-slideshow av-kbt79ygf-f7784be8f04dadcafe2c21b84e0d2c45 avia-slideshow-featured av_slideshow_full avia-slide-slider av-slideshow-ui av-control-default av-slideshow-manual av-loop-once av-loop-manual-endless av-default-height-applied   avia-slideshow-1' data-slideshow-options=\"{&quot;animation&quot;:&quot;slide&quot;,&quot;autoplay&quot;:false,&quot;loop_autoplay&quot;:&quot;once&quot;,&quot;interval&quot;:5,&quot;loop_manual&quot;:&quot;manual-endless&quot;,&quot;autoplay_stopper&quot;:false,&quot;noNavigation&quot;:false,&quot;bg_slider&quot;:false,&quot;keep_padding&quot;:false,&quot;hoverpause&quot;:false,&quot;show_slide_delay&quot;:0}\"  itemprop=\"image\" itemscope=\"itemscope\" itemtype=\"https:\/\/schema.org\/ImageObject\" ><ul class='avia-slideshow-inner ' style='padding-bottom: 28.666666666667%;'><li  class='avia-slideshow-slide av-kbt79ygf-f7784be8f04dadcafe2c21b84e0d2c45__0  av-single-slide slide-1 slide-odd'><div data-rel='slideshow-1' class='avia-slide-wrap '   ><img decoding=\"async\" fetchpriority=\"high\" class=\"wp-image-30775 avia-img-lazy-loading-not-30775\"  src=\"https:\/\/pitt2cdev.7-s.si\/wp-content\/uploads\/2020\/06\/header-assortiment-1500x430.jpg\" width=\"1500\" height=\"430\" title='header-assortiment' alt=''  itemprop=\"thumbnailUrl\"   \/><\/div><\/li><\/ul><\/div><\/div>\n<div id='av-layout-grid-1'  class='av-layout-grid-container av-3nugm-4cf1dd51e16718d5f920667c580c7a27 entry-content-wrapper main_color av-flex-cells  avia-builder-el-1  el_after_av_slideshow_full  avia-builder-el-last  content-padding grid-row-not-first  container_wrap fullsize'  >\n\n<style type=\"text\/css\" data-created_by=\"avia_inline_auto\" id=\"style-css-av-xpz92-1741e22326b8528b32f6f806407b0be2\">\n.flex_cell.av-xpz92-1741e22326b8528b32f6f806407b0be2{\nvertical-align:top;\n}\n.responsive #top #wrap_all .flex_cell.av-xpz92-1741e22326b8528b32f6f806407b0be2{\npadding:0px 0px 0px 0px !important;\n}\n<\/style>\n<div class='flex_cell av-xpz92-1741e22326b8528b32f6f806407b0be2 av-gridrow-cell av_one_fifth no_margin  avia-builder-el-2  el_before_av_cell_three_fifth  avia-builder-el-first  content-align-top av-zero-padding'  ><div class='flex_cell_inner'><\/div><\/div><div class='flex_cell av-2p4gm-59dd2c7be799945aa58408bea1e4e0f7 av-gridrow-cell av_three_fifth no_margin  avia-builder-el-3  el_after_av_cell_one_fifth  el_before_av_cell_one_fifth '  ><div class='flex_cell_inner'>\n<style type=\"text\/css\" data-created_by=\"avia_inline_auto\" id=\"style-css-av-av_heading-6552956c69bee07b039f3193d37b3c23\">\n#top .av-special-heading.av-av_heading-6552956c69bee07b039f3193d37b3c23{\npadding-bottom:0;\n}\nbody .av-special-heading.av-av_heading-6552956c69bee07b039f3193d37b3c23 .av-special-heading-tag .heading-char{\nfont-size:25px;\n}\n.av-special-heading.av-av_heading-6552956c69bee07b039f3193d37b3c23 .av-subheading{\nfont-size:24px;\n}\n<\/style>\n<div  class='av-special-heading av-av_heading-6552956c69bee07b039f3193d37b3c23 av-special-heading-h1 blockquote modern-quote  avia-builder-el-4  el_before_av_textblock  avia-builder-el-first '><div class='av-subheading av-subheading_above'><p>Elije tu configuraci\u00f3n ideal.<\/p>\n<\/div><h1 class='av-special-heading-tag '  itemprop=\"headline\"  >Una configuraci\u00f3n de cocina solo para ti.<\/h1><div class=\"special-heading-border\"><div class=\"special-heading-inner-border\"><\/div><\/div><\/div><br \/>\n<section  class='av_textblock_section av-3g0d52-70b8311fb886cdf5645f7f85aab05a05 '   itemscope=\"itemscope\" itemtype=\"https:\/\/schema.org\/CreativeWork\" ><div class='avia_textblock content-text-60'  itemprop=\"text\" ><p>El sistema de cocci\u00f3n PITT Cooking consta de varias configuraciones.<br \/>\nHay algo para todos. Su estilo de cocina personal y el espacio disponible en la cocina determinan por d\u00f3nde empezar. Todas las configuraciones dentro del sistema tambi\u00e9n se pueden combinar de muchas maneras: dise\u00f1a tu propia configuraci\u00f3n de cocci\u00f3n ideal.<\/p>\n<\/div><\/section><br \/>\n\n<style type=\"text\/css\" data-created_by=\"avia_inline_auto\" id=\"style-css-av-av_heading-81d6efa30d02c71314ae04e3b3ec2f31\">\n#top .av-special-heading.av-av_heading-81d6efa30d02c71314ae04e3b3ec2f31{\npadding-bottom:10px;\n}\nbody .av-special-heading.av-av_heading-81d6efa30d02c71314ae04e3b3ec2f31 .av-special-heading-tag .heading-char{\nfont-size:25px;\n}\n.av-special-heading.av-av_heading-81d6efa30d02c71314ae04e3b3ec2f31 .av-subheading{\nfont-size:15px;\n}\n<\/style>\n<div  class='av-special-heading av-av_heading-81d6efa30d02c71314ae04e3b3ec2f31 av-special-heading-h3 blockquote modern-quote  avia-builder-el-6  el_after_av_textblock  el_before_av_toggle_container '><h3 class='av-special-heading-tag '  itemprop=\"headline\"  >Decide cu\u00e1ntos quemadores te gustar\u00eda.<\/h3><div class=\"special-heading-border\"><div class=\"special-heading-inner-border\"><\/div><\/div><\/div><br \/>\n<div  id=\"accordion-assortment\"  class='togglecontainer av-2h5gfy-aff33abcb1a97724d22f171f96703e28 av-elegant-toggle  avia-builder-el-7  el_after_av_heading  avia-builder-el-last  toggle_close_all' >\n<section class='av_toggle_section av-28x4m-43b0cc2e5d837fd2ced6a314a1fb4017'  itemscope=\"itemscope\" itemtype=\"https:\/\/schema.org\/CreativeWork\" ><div role=\"tablist\" class=\"single_toggle\" data-tags=\"{All} \"  ><p id='toggle-toggle-id-1' data-fake-id='#toggle-id-1' class='toggler  av-title-above '  itemprop=\"headline\"  role='tab' tabindex='0' aria-controls='toggle-id-1' data-slide-speed=\"200\" data-title=\"Modelos con 4 quemadores\" data-title-open=\"\" data-aria_collapsed=\"Click to expand: Modelos con 4 quemadores\" data-aria_expanded=\"Click to collapse: Modelos con 4 quemadores\">Modelos con 4 quemadores<span class=\"toggle_icon\"><span class=\"vert_icon\"><\/span><span class=\"hor_icon\"><\/span><\/span><\/p><div id='toggle-id-1' aria-labelledby='toggle-toggle-id-1' role='region' class='toggle_wrap  av-title-above'  ><div class='toggle_content invers-color '  itemprop=\"text\" ><div  id=\"av-sc-portfolio-1\"  class=\"av-portfolio-grid-sorting-container\"><div class='sort_width_container  av-sort-yes' data-portfolio-id='1' ><div id='js_sort_items' ><div class='sort_by_cat hidden'><a href=\"#\" data-filter=\"all_sort\" class=\"all_sort_button active_sort\"><span class=\"inner_sort_button\"><span>All<\/span><small class=\"av-cat-count\"> 2 <\/small><\/span><\/a><span class=\"text-sep 4-pitts-modellen-mx_sort_sep\">\/<\/span><a href=\"#\" data-filter=\"4-pitts-modellen-mx_sort\" class=\"4-pitts-modellen-mx_sort_button\" ><span class=\"inner_sort_button\"><span>4-PITTs modellen<\/span><small class=\"av-cat-count\"> 2 <\/small><\/span><\/a><\/div><\/div><\/div><div  class=' grid-sort-container isotope   no_margin-container with-title-container grid-total-even grid-col-2 grid-links-' data-portfolio-id='1'><div data-ajax-id='38027' class=' grid-entry flex_column isotope-item all_sort no_margin post-entry post-entry-38027 grid-entry-overview grid-loop-1 grid-parity-odd  4-pitts-modellen-mx_sort  av_one_half first default_av_fullwidth '><article class='main_color inner-entry'  itemscope=\"itemscope\" itemtype=\"https:\/\/schema.org\/CreativeWork\" ><a href=\"https:\/\/pitt2cdev.7-s.si\/mx\/surtido\/danau\/\" title='Danau'  data-rel='grid-1' class='grid-image avia-hover-fx'> <img decoding=\"async\" fetchpriority=\"high\" width=\"495\" height=\"400\" src=\"https:\/\/pitt2cdev.7-s.si\/wp-content\/uploads\/2016\/07\/Danau-vierkant-495x400.png\" class=\"wp-image-34568 avia-img-lazy-loading-not-34568 attachment-portfolio size-portfolio wp-post-image\" alt=\"Danau\" srcset=\"https:\/\/pitt2cdev.7-s.si\/wp-content\/uploads\/2016\/07\/Danau-vierkant-495x400.png 495w, https:\/\/pitt2cdev.7-s.si\/wp-content\/uploads\/2016\/07\/Danau-vierkant-845x684.png 845w\" sizes=\"(max-width: 495px) 100vw, 495px\" \/><\/a><div class='grid-content'><div class='avia-arrow'><\/div><header class=\"entry-content-header\" aria-label=\"Portfolio: Danau\"><h3 class='grid-entry-title entry-title '  itemprop=\"headline\" >Danau<\/h3><\/header><\/div><footer class=\"entry-footer\"><\/footer><\/article><\/div><div data-ajax-id='38028' class=' grid-entry flex_column isotope-item all_sort no_margin post-entry post-entry-38028 grid-entry-overview grid-loop-2 grid-parity-even  post-entry-last  4-pitts-modellen-mx_sort  av_one_half  default_av_fullwidth '><article class='main_color inner-entry'  itemscope=\"itemscope\" itemtype=\"https:\/\/schema.org\/CreativeWork\" ><a href=\"http:\/\/pitt2cdev.7-s.si\/mx\/surtido\/drum\/\" title='Drum'  data-rel='grid-1' class='grid-image avia-hover-fx'> <img decoding=\"async\" fetchpriority=\"high\" width=\"495\" height=\"400\" src=\"https:\/\/pitt2cdev.7-s.si\/wp-content\/uploads\/2016\/07\/Drum-vierkant-495x400.png\" class=\"wp-image-34463 avia-img-lazy-loading-not-34463 attachment-portfolio size-portfolio wp-post-image\" alt=\"Drum\" srcset=\"https:\/\/pitt2cdev.7-s.si\/wp-content\/uploads\/2016\/07\/Drum-vierkant-495x400.png 495w, https:\/\/pitt2cdev.7-s.si\/wp-content\/uploads\/2016\/07\/Drum-vierkant-845x684.png 845w\" sizes=\"(max-width: 495px) 100vw, 495px\" \/><\/a><div class='grid-content'><div class='avia-arrow'><\/div><header class=\"entry-content-header\" aria-label=\"Portfolio: Drum\"><h3 class='grid-entry-title entry-title '  itemprop=\"headline\" >Drum<\/h3><\/header><\/div><footer class=\"entry-footer\"><\/footer><\/article><\/div><\/div><\/div>   <!--   class=\"av-portfolio-grid-sorting-container\"  -->\n<\/div><\/div><\/div><\/section>\n<section class='av_toggle_section av-flwpq-f24f48246d6bd9ed9a38bba2538e9ad8'  itemscope=\"itemscope\" itemtype=\"https:\/\/schema.org\/CreativeWork\" ><div role=\"tablist\" class=\"single_toggle\" data-tags=\"{All} \"  ><p id='toggle-toggle-id-2' data-fake-id='#toggle-id-2' class='toggler  av-title-above '  itemprop=\"headline\"  role='tab' tabindex='0' aria-controls='toggle-id-2' data-slide-speed=\"200\" data-title=\"Modelos con 5 quemadores\" data-title-open=\"\" data-aria_collapsed=\"Click to expand: Modelos con 5 quemadores\" data-aria_expanded=\"Click to collapse: Modelos con 5 quemadores\">Modelos con 5 quemadores<span class=\"toggle_icon\"><span class=\"vert_icon\"><\/span><span class=\"hor_icon\"><\/span><\/span><\/p><div id='toggle-id-2' aria-labelledby='toggle-toggle-id-2' role='region' class='toggle_wrap  av-title-above'  ><div class='toggle_content invers-color '  itemprop=\"text\" ><div  id=\"av-sc-portfolio-2\"  class=\"av-portfolio-grid-sorting-container\"><div class='sort_width_container  av-sort-yes' data-portfolio-id='2' ><div id='js_sort_items' ><div class='sort_by_cat hidden'><a href=\"#\" data-filter=\"all_sort\" class=\"all_sort_button active_sort\"><span class=\"inner_sort_button\"><span>All<\/span><small class=\"av-cat-count\"> 2 <\/small><\/span><\/a><span class=\"text-sep 5-pitts-modellen-mx_sort_sep\">\/<\/span><a href=\"#\" data-filter=\"5-pitts-modellen-mx_sort\" class=\"5-pitts-modellen-mx_sort_button\" ><span class=\"inner_sort_button\"><span>5-PITTs modellen<\/span><small class=\"av-cat-count\"> 2 <\/small><\/span><\/a><\/div><\/div><\/div><div  class=' grid-sort-container isotope   no_margin-container with-title-container grid-total-even grid-col-2 grid-links-' data-portfolio-id='2'><div data-ajax-id='38036' class=' grid-entry flex_column isotope-item all_sort no_margin post-entry post-entry-38036 grid-entry-overview grid-loop-1 grid-parity-odd  5-pitts-modellen-mx_sort  av_one_half first default_av_fullwidth '><article class='main_color inner-entry'  itemscope=\"itemscope\" itemtype=\"https:\/\/schema.org\/CreativeWork\" ><a href=\"https:\/\/pitt2cdev.7-s.si\/mx\/surtido\/elbrus\/\" title='Elbrus'  data-rel='grid-2' class='grid-image avia-hover-fx'> <img decoding=\"async\" fetchpriority=\"high\" width=\"495\" height=\"400\" src=\"https:\/\/pitt2cdev.7-s.si\/wp-content\/uploads\/2016\/06\/Elbrus-vierkant-495x400.png\" class=\"wp-image-34493 avia-img-lazy-loading-not-34493 attachment-portfolio size-portfolio wp-post-image\" alt=\"Elbrus\" srcset=\"https:\/\/pitt2cdev.7-s.si\/wp-content\/uploads\/2016\/06\/Elbrus-vierkant-495x400.png 495w, https:\/\/pitt2cdev.7-s.si\/wp-content\/uploads\/2016\/06\/Elbrus-vierkant-845x684.png 845w\" sizes=\"(max-width: 495px) 100vw, 495px\" \/><\/a><div class='grid-content'><div class='avia-arrow'><\/div><header class=\"entry-content-header\" aria-label=\"Portfolio: Elbrus\"><h3 class='grid-entry-title entry-title '  itemprop=\"headline\" >Elbrus<\/h3><\/header><\/div><footer class=\"entry-footer\"><\/footer><\/article><\/div><div data-ajax-id='38038' class=' grid-entry flex_column isotope-item all_sort no_margin post-entry post-entry-38038 grid-entry-overview grid-loop-2 grid-parity-even  post-entry-last  5-pitts-modellen-mx_sort  av_one_half  default_av_fullwidth '><article class='main_color inner-entry'  itemscope=\"itemscope\" itemtype=\"https:\/\/schema.org\/CreativeWork\" ><a href=\"https:\/\/pitt2cdev.7-s.si\/mx\/surtido\/enep\/\" title='Enep'  data-rel='grid-2' class='grid-image avia-hover-fx'> <img decoding=\"async\" fetchpriority=\"high\" width=\"495\" height=\"400\" src=\"https:\/\/pitt2cdev.7-s.si\/wp-content\/uploads\/2016\/06\/Enep-vierkant-495x400.png\" class=\"wp-image-34508 avia-img-lazy-loading-not-34508 attachment-portfolio size-portfolio wp-post-image\" alt=\"Enep\" srcset=\"https:\/\/pitt2cdev.7-s.si\/wp-content\/uploads\/2016\/06\/Enep-vierkant-495x400.png 495w, https:\/\/pitt2cdev.7-s.si\/wp-content\/uploads\/2016\/06\/Enep-vierkant-845x684.png 845w\" sizes=\"(max-width: 495px) 100vw, 495px\" \/><\/a><div class='grid-content'><div class='avia-arrow'><\/div><header class=\"entry-content-header\" aria-label=\"Portfolio: Enep\"><h3 class='grid-entry-title entry-title '  itemprop=\"headline\" >Enep<\/h3><\/header><\/div><footer class=\"entry-footer\"><\/footer><\/article><\/div><\/div><\/div>   <!--   class=\"av-portfolio-grid-sorting-container\"  -->\n<\/div><\/div><\/div><\/section>\n<\/div><\/p>\n<\/div><\/div>\n<style type=\"text\/css\" data-created_by=\"avia_inline_auto\" id=\"style-css-av-7x7am-6433dc0336b5557b80b648d673f97b29\">\n.flex_cell.av-7x7am-6433dc0336b5557b80b648d673f97b29{\nvertical-align:top;\n}\n.responsive #top #wrap_all .flex_cell.av-7x7am-6433dc0336b5557b80b648d673f97b29{\npadding:30px 30px 30px 30px !important;\n}\n<\/style>\n<div class='flex_cell av-7x7am-6433dc0336b5557b80b648d673f97b29 av-gridrow-cell av_one_fifth no_margin  avia-builder-el-10  el_after_av_cell_three_fifth  avia-builder-el-last  content-align-top'  ><div class='flex_cell_inner'><\/div><\/div><\/div>\n","protected":false},"excerpt":{"rendered":"","protected":false},"author":22,"featured_media":0,"parent":0,"menu_order":2,"comment_status":"open","ping_status":"open","template":"","meta":{"footnotes":""},"class_list":["post-37993","page","type-page","status-publish","hentry"],"yoast_head":"<!-- This site is optimized with the Yoast SEO plugin v27.0 - https:\/\/yoast.com\/product\/yoast-seo-wordpress\/ -->\n<title>Surtido - PITT Cooking<\/title>\n<meta name=\"description\" content=\"Surtido - | Een kookopstelling die bij jou past. Rechtstreeks ge\u00efntegreerd in jouw favoriete aanrechtblad. PITT Cooking Nederland is...\" \/>\n<meta name=\"robots\" content=\"index, follow, max-snippet:-1, max-image-preview:large, max-video-preview:-1\" \/>\n<link rel=\"canonical\" href=\"https:\/\/pitt2cdev.7-s.si\/mx\/surtido\/\" \/>\n<meta property=\"og:locale\" content=\"en_US\" \/>\n<meta property=\"og:type\" content=\"article\" \/>\n<meta property=\"og:title\" content=\"Surtido - PITT Cooking\" \/>\n<meta property=\"og:description\" content=\"Surtido - | Een kookopstelling die bij jou past. Rechtstreeks ge\u00efntegreerd in jouw favoriete aanrechtblad. PITT Cooking Nederland is...\" \/>\n<meta property=\"og:url\" content=\"https:\/\/pitt2cdev.7-s.si\/mx\/surtido\/\" \/>\n<meta property=\"og:site_name\" content=\"PITT Cooking\" \/>\n<meta property=\"article:publisher\" content=\"https:\/\/www.facebook.com\/PITTcooking\" \/>\n<meta property=\"article:modified_time\" content=\"2021-06-29T10:12:46+00:00\" \/>\n<meta property=\"og:image\" content=\"https:\/\/pitt2cdev.7-s.si\/wp-content\/uploads\/2020\/09\/Slider-Cesar-Maxima.jpg\" \/>\n\t<meta property=\"og:image:width\" content=\"1242\" \/>\n\t<meta property=\"og:image:height\" content=\"1171\" \/>\n\t<meta property=\"og:image:type\" content=\"image\/jpeg\" \/>\n<script type=\"application\/ld+json\" class=\"yoast-schema-graph\">{\"@context\":\"https:\/\/schema.org\",\"@graph\":[{\"@type\":\"WebPage\",\"@id\":\"https:\/\/pitt2cdev.7-s.si\/mx\/surtido\/\",\"url\":\"https:\/\/pitt2cdev.7-s.si\/mx\/surtido\/\",\"name\":\"Surtido - PITT Cooking\",\"isPartOf\":{\"@id\":\"https:\/\/pitt2cdev.7-s.si\/#website\"},\"datePublished\":\"2016-08-06T06:01:31+00:00\",\"dateModified\":\"2021-06-29T10:12:46+00:00\",\"description\":\"Surtido - | Een kookopstelling die bij jou past. Rechtstreeks ge\u00efntegreerd in jouw favoriete aanrechtblad. PITT Cooking Nederland is...\",\"breadcrumb\":{\"@id\":\"https:\/\/pitt2cdev.7-s.si\/mx\/surtido\/#breadcrumb\"},\"inLanguage\":\"en-MX\",\"potentialAction\":[{\"@type\":\"ReadAction\",\"target\":[\"https:\/\/pitt2cdev.7-s.si\/mx\/surtido\/\"]}]},{\"@type\":\"BreadcrumbList\",\"@id\":\"https:\/\/pitt2cdev.7-s.si\/mx\/surtido\/#breadcrumb\",\"itemListElement\":[{\"@type\":\"ListItem\",\"position\":1,\"name\":\"Hogar\",\"item\":\"https:\/\/pitt2cdev.7-s.si\/mx\/\"},{\"@type\":\"ListItem\",\"position\":2,\"name\":\"Surtido\"}]},{\"@type\":\"WebSite\",\"@id\":\"https:\/\/pitt2cdev.7-s.si\/#website\",\"url\":\"https:\/\/pitt2cdev.7-s.si\/\",\"name\":\"PITT cooking Nederland\",\"description\":\"Gaspitten rechtstreeks geplaatst in je favoriete werkblad.\",\"publisher\":{\"@id\":\"https:\/\/pitt2cdev.7-s.si\/#organization\"},\"alternateName\":\"PITT cooking\",\"potentialAction\":[{\"@type\":\"SearchAction\",\"target\":{\"@type\":\"EntryPoint\",\"urlTemplate\":\"https:\/\/pitt2cdev.7-s.si\/?s={search_term_string}\"},\"query-input\":{\"@type\":\"PropertyValueSpecification\",\"valueRequired\":true,\"valueName\":\"search_term_string\"}}],\"inLanguage\":\"en-MX\"},{\"@type\":\"Organization\",\"@id\":\"https:\/\/pitt2cdev.7-s.si\/#organization\",\"name\":\"PITT cooking\",\"alternateName\":\"PITT cooking\",\"url\":\"https:\/\/pitt2cdev.7-s.si\/\",\"logo\":{\"@type\":\"ImageObject\",\"inLanguage\":\"en-MX\",\"@id\":\"https:\/\/pitt2cdev.7-s.si\/#\/schema\/logo\/image\/\",\"url\":\"https:\/\/pitt2cdev.7-s.si\/wp-content\/uploads\/2020\/06\/pitt-logo.svg\",\"contentUrl\":\"https:\/\/pitt2cdev.7-s.si\/wp-content\/uploads\/2020\/06\/pitt-logo.svg\",\"width\":1920,\"height\":1080,\"caption\":\"PITT cooking\"},\"image\":{\"@id\":\"https:\/\/pitt2cdev.7-s.si\/#\/schema\/logo\/image\/\"},\"sameAs\":[\"https:\/\/www.facebook.com\/PITTcooking\",\"https:\/\/www.instagram.com\/pittcooking\/\",\"https:\/\/nl.linkedin.com\/company\/pitt-cooking\",\"https:\/\/nl.pinterest.com\/pittcooking\/\",\"https:\/\/www.youtube.com\/user\/PITTcooking\"]}]}<\/script>\n<!-- \/ Yoast SEO plugin. -->","yoast_head_json":{"title":"Surtido - PITT Cooking","description":"Surtido - | Een kookopstelling die bij jou past. Rechtstreeks ge\u00efntegreerd in jouw favoriete aanrechtblad. PITT Cooking Nederland is...","robots":{"index":"index","follow":"follow","max-snippet":"max-snippet:-1","max-image-preview":"max-image-preview:large","max-video-preview":"max-video-preview:-1"},"canonical":"https:\/\/pitt2cdev.7-s.si\/mx\/surtido\/","og_locale":"en_US","og_type":"article","og_title":"Surtido - PITT Cooking","og_description":"Surtido - | Een kookopstelling die bij jou past. Rechtstreeks ge\u00efntegreerd in jouw favoriete aanrechtblad. PITT Cooking Nederland is...","og_url":"https:\/\/pitt2cdev.7-s.si\/mx\/surtido\/","og_site_name":"PITT Cooking","article_publisher":"https:\/\/www.facebook.com\/PITTcooking","article_modified_time":"2021-06-29T10:12:46+00:00","og_image":[{"width":1242,"height":1171,"url":"https:\/\/pitt2cdev.7-s.si\/wp-content\/uploads\/2020\/09\/Slider-Cesar-Maxima.jpg","type":"image\/jpeg"}],"schema":{"@context":"https:\/\/schema.org","@graph":[{"@type":"WebPage","@id":"https:\/\/pitt2cdev.7-s.si\/mx\/surtido\/","url":"https:\/\/pitt2cdev.7-s.si\/mx\/surtido\/","name":"Surtido - PITT Cooking","isPartOf":{"@id":"https:\/\/pitt2cdev.7-s.si\/#website"},"datePublished":"2016-08-06T06:01:31+00:00","dateModified":"2021-06-29T10:12:46+00:00","description":"Surtido - | Een kookopstelling die bij jou past. Rechtstreeks ge\u00efntegreerd in jouw favoriete aanrechtblad. PITT Cooking Nederland is...","breadcrumb":{"@id":"https:\/\/pitt2cdev.7-s.si\/mx\/surtido\/#breadcrumb"},"inLanguage":"en-MX","potentialAction":[{"@type":"ReadAction","target":["https:\/\/pitt2cdev.7-s.si\/mx\/surtido\/"]}]},{"@type":"BreadcrumbList","@id":"https:\/\/pitt2cdev.7-s.si\/mx\/surtido\/#breadcrumb","itemListElement":[{"@type":"ListItem","position":1,"name":"Hogar","item":"https:\/\/pitt2cdev.7-s.si\/mx\/"},{"@type":"ListItem","position":2,"name":"Surtido"}]},{"@type":"WebSite","@id":"https:\/\/pitt2cdev.7-s.si\/#website","url":"https:\/\/pitt2cdev.7-s.si\/","name":"PITT cooking Nederland","description":"Gaspitten rechtstreeks geplaatst in je favoriete werkblad.","publisher":{"@id":"https:\/\/pitt2cdev.7-s.si\/#organization"},"alternateName":"PITT cooking","potentialAction":[{"@type":"SearchAction","target":{"@type":"EntryPoint","urlTemplate":"https:\/\/pitt2cdev.7-s.si\/?s={search_term_string}"},"query-input":{"@type":"PropertyValueSpecification","valueRequired":true,"valueName":"search_term_string"}}],"inLanguage":"en-MX"},{"@type":"Organization","@id":"https:\/\/pitt2cdev.7-s.si\/#organization","name":"PITT cooking","alternateName":"PITT cooking","url":"https:\/\/pitt2cdev.7-s.si\/","logo":{"@type":"ImageObject","inLanguage":"en-MX","@id":"https:\/\/pitt2cdev.7-s.si\/#\/schema\/logo\/image\/","url":"https:\/\/pitt2cdev.7-s.si\/wp-content\/uploads\/2020\/06\/pitt-logo.svg","contentUrl":"https:\/\/pitt2cdev.7-s.si\/wp-content\/uploads\/2020\/06\/pitt-logo.svg","width":1920,"height":1080,"caption":"PITT cooking"},"image":{"@id":"https:\/\/pitt2cdev.7-s.si\/#\/schema\/logo\/image\/"},"sameAs":["https:\/\/www.facebook.com\/PITTcooking","https:\/\/www.instagram.com\/pittcooking\/","https:\/\/nl.linkedin.com\/company\/pitt-cooking","https:\/\/nl.pinterest.com\/pittcooking\/","https:\/\/www.youtube.com\/user\/PITTcooking"]}]}},"_links":{"self":[{"href":"https:\/\/pitt2cdev.7-s.si\/mx\/wp-json\/wp\/v2\/pages\/37993","targetHints":{"allow":["GET"]}}],"collection":[{"href":"https:\/\/pitt2cdev.7-s.si\/mx\/wp-json\/wp\/v2\/pages"}],"about":[{"href":"https:\/\/pitt2cdev.7-s.si\/mx\/wp-json\/wp\/v2\/types\/page"}],"author":[{"embeddable":true,"href":"https:\/\/pitt2cdev.7-s.si\/mx\/wp-json\/wp\/v2\/users\/22"}],"replies":[{"embeddable":true,"href":"https:\/\/pitt2cdev.7-s.si\/mx\/wp-json\/wp\/v2\/comments?post=37993"}],"version-history":[{"count":2,"href":"https:\/\/pitt2cdev.7-s.si\/mx\/wp-json\/wp\/v2\/pages\/37993\/revisions"}],"predecessor-version":[{"id":47860,"href":"https:\/\/pitt2cdev.7-s.si\/mx\/wp-json\/wp\/v2\/pages\/37993\/revisions\/47860"}],"wp:attachment":[{"href":"https:\/\/pitt2cdev.7-s.si\/mx\/wp-json\/wp\/v2\/media?parent=37993"}],"curies":[{"name":"wp","href":"https:\/\/api.w.org\/{rel}","templated":true}]}}